{"id":541,"date":"2021-02-23T14:31:56","date_gmt":"2021-02-23T13:31:56","guid":{"rendered":"https:\/\/ifu.bredent-group.com\/impressum-bredent\/"},"modified":"2025-11-10T12:09:06","modified_gmt":"2025-11-10T11:09:06","slug":"impressum-bredent","status":"publish","type":"page","link":"https:\/\/ifu.bredent-group.com\/cs\/impressum-bredent\/","title":{"rendered":"Impressum bredent"},"content":{"rendered":"\t\t<div data-elementor-type=\"wp-page\" data-elementor-id=\"541\" class=\"elementor elementor-541 elementor-131\" data-elementor-post-type=\"page\">\n\t\t\t\t\t\t<section class=\"elementor-section elementor-top-section elementor-element elementor-element-5bec691 elementor-section-boxed elementor-section-height-default elementor-section-height-default\" data-id=\"5bec691\" data-element_type=\"section\" data-e-type=\"section\">\n\t\t\t\t\t\t<div class=\"elementor-container elementor-column-gap-default\">\n\t\t\t\t\t<div class=\"elementor-column elementor-col-100 elementor-top-column elementor-element elementor-element-52b225c\" data-id=\"52b225c\" data-element_type=\"column\" data-e-type=\"column\">\n\t\t\t<div class=\"elementor-widget-wrap elementor-element-populated\">\n\t\t\t\t\t\t<div class=\"elementor-element elementor-element-b3792d7 elementor-widget elementor-widget-text-editor\" data-id=\"b3792d7\" data-element_type=\"widget\" data-e-type=\"widget\" data-widget_type=\"text-editor.default\">\n\t\t\t\t<div class=\"elementor-widget-container\">\n\t\t\t\t\t\t\t\t\t<h2>Impressum<\/h2>\n<div class=\"common imprint\">\n<h3>\u00dadaje podle \u00a7 5 TMG<\/h3>\nbredent GmbH &amp; Co. KG  \nWei\u00dfenhorner Stra\u00dfe 2  \n89250 Senden  \nTelefon: +49 7309 \/ 872-0  \nFax: +49 7309 \/ 872-24  \nE-mail: <span style=\"color: #0000ff;\"><a style=\"color: #0000ff;\" href=\"mailto:info@bredent.com\">info@bredent.com<\/a><\/span>\n\nOpr\u00e1vn\u011bn\u00ed jednat jm\u00e9nem spole\u010dnosti:  \nPeter Brehm, Brigitte Brehm, Nils Brehm, Olaf Gl\u00fcck, Gerald Micko\n\nOsobn\u011b ru\u010d\u00edc\u00ed spole\u010dn\u00edk (komplement\u00e1\u0159): bredent Beteiligungs- und Verwaltungs-GmbH  \nPeter Brehm, Brigitte Brehm, Nils Brehm, Olaf Gl\u00fcck, Gerald Micko\n\nRejst\u0159\u00edkov\u00fd soud: Amtsgericht Memmingen  \n\u010c\u00edslo z\u00e1pisu: HRB 12912  \nS\u00eddlo spole\u010dnosti bredent Beteiligungs- und Verwaltungs-GmbH: 89250 Senden\n\n<strong>DI\u010c podle \u00a7 27 a z\u00e1kona o dani z p\u0159idan\u00e9 hodnoty<\/strong>  \nDE 251580726  \nWEEE reg. \u010d. DE 22730329\n\n<strong>Osoba odpov\u011bdn\u00e1 za obsah podle \u00a7 55 odst. 2 RStV<\/strong>  \nMilko Wrona (adresa viz v\u00fd\u0161e)\n\n<strong>\u0158e\u0161en\u00ed spot\u0159ebitelsk\u00fdch spor\u016f online, \u00fa\u010dast v \u0159\u00edzen\u00ed o mimosoudn\u00edm \u0159e\u0161en\u00ed spor\u016f<\/strong>  \n(1) Spole\u010dnost bredent GmbH &amp; Co. KG z\u00e1sadn\u011b nen\u00ed ochotna ani povinna \u00fa\u010dastnit se \u0159\u00edzen\u00ed o mimosoudn\u00edm \u0159e\u0161en\u00ed spot\u0159ebitelsk\u00fdch spor\u016f.  \n(2) Platforma Evropsk\u00e9 komise pro online \u0159e\u0161en\u00ed spor\u016f:  \n<span style=\"color: #0000ff;\"><a style=\"color: #0000ff;\" href=\"https:\/\/www.ec.europa.eu\/consumers\/odr\" target=\"_blank\" rel=\"noopener\">https:\/\/www.ec.europa.eu\/consumers\/odr<\/a><\/span>\n\n<strong>Programov\u00e1n\u00ed a hosting \/ Provoz serveru<\/strong>  \n<a href=\"http:\/\/www.imos.net\/\" target=\"_blank\" rel=\"noopener\"><span style=\"color: #0000ff;\">Lokalita G\u00f6ppingen<\/span>  \n<span style=\"color: #0000ff;\">imos Gesellschaft f\u00fcr<\/span>  \n<span style=\"color: #0000ff;\">Internetov\u00fd marketing a<\/span>  \n<span style=\"color: #0000ff;\">online slu\u017eby mbH<\/span><\/a>  \nAlfons-Feifel-Str. 9  \n73037 G\u00f6ppingen  \nTelefon: +49 7161 93339-0  \nFax: +49 7161 93339-99  \nE-mail: <span style=\"color: #0000ff;\"><a style=\"color: #0000ff;\" href=\"mailto:info@imos.net\">info@imos.net<\/a><\/span>  \nInternet: <span style=\"color: #0000ff;\"><a style=\"color: #0000ff;\" href=\"http:\/\/www.imos.net\/\" target=\"_blank\" rel=\"noopener\">www.imos.net<\/a><\/span>\n\n<strong>Pozn\u00e1mka:<\/strong><br>\nNe v\u0161echny produkty jsou schv\u00e1leny a dostupn\u00e9 na v\u0161ech trz\u00edch.  \nV p\u0159\u00edpad\u011b dotaz\u016f kontaktujte pros\u00edm spole\u010dnost bredent GmbH &amp; Co. KG nebo sv\u00e9ho distributora.\n\n<strong>PROHL\u00c1\u0160EN\u00cd O ODPOV\u011aDNOSTI (DISCLAIMER)<\/strong>\n<p style=\"padding-left: 40px;\"><em><strong>1. Omezen\u00ed odpov\u011bdnosti<\/strong><\/em>  \nObsah t\u011bchto webov\u00fdch str\u00e1nek byl vytvo\u0159en s maxim\u00e1ln\u00ed p\u00e9\u010d\u00ed. Poskytovatel v\u0161ak nep\u0159eb\u00edr\u00e1 \u017e\u00e1dnou z\u00e1ruku za spr\u00e1vnost, \u00faplnost a aktu\u00e1lnost poskytnut\u00fdch informac\u00ed. Pou\u017e\u00edv\u00e1n\u00ed obsahu webu je na vlastn\u00ed nebezpe\u010d\u00ed u\u017eivatele. \u010cl\u00e1nky ozna\u010den\u00e9 jm\u00e9nem vyjad\u0159uj\u00ed n\u00e1zor dan\u00e9ho autora a nemus\u00ed nutn\u011b odr\u00e1\u017eet n\u00e1zor poskytovatele. Samotn\u00fdm pou\u017e\u00edv\u00e1n\u00edm t\u011bchto webov\u00fdch str\u00e1nek nevznik\u00e1 mezi u\u017eivatelem a poskytovatelem \u017e\u00e1dn\u00fd smluvn\u00ed vztah.<\/p>\n\n<p style=\"padding-left: 40px;\"><em><strong>2. Extern\u00ed odkazy<\/strong><\/em>  \nTyto webov\u00e9 str\u00e1nky obsahuj\u00ed odkazy na weby t\u0159et\u00edch stran (\u201eextern\u00ed odkazy\u201c). Tyto weby podl\u00e9haj\u00ed odpov\u011bdnosti p\u0159\u00edslu\u0161n\u00fdch provozovatel\u016f. P\u0159i prvn\u00edm vlo\u017een\u00ed odkaz\u016f poskytovatel zkontroloval ciz\u00ed obsah z hlediska mo\u017en\u00e9ho poru\u0161en\u00ed pr\u00e1vn\u00edch p\u0159edpis\u016f \u2013 v t\u00e9 dob\u011b nebylo nic zji\u0161t\u011bno. Poskytovatel nem\u00e1 \u017e\u00e1dn\u00fd vliv na sou\u010dasn\u00fd ani budouc\u00ed vzhled a obsah odkazovan\u00fdch str\u00e1nek. Zahrnut\u00ed extern\u00edch odkaz\u016f neznamen\u00e1, \u017ee si poskytovatel p\u0159isvojuje obsah odkazovan\u00fdch str\u00e1nek. Trval\u00e1 kontrola extern\u00edch odkaz\u016f bez konkr\u00e9tn\u00edch podn\u011bt\u016f o poru\u0161en\u00ed z\u00e1kona nen\u00ed rozumn\u011b mo\u017en\u00e1. Po zji\u0161t\u011bn\u00ed protipr\u00e1vn\u00edho jedn\u00e1n\u00ed budou takov\u00e9 odkazy neprodlen\u011b odstran\u011bny.<\/p>\n\n<p style=\"padding-left: 40px;\"><em><strong>3. Autorsk\u00e1 a souvisej\u00edc\u00ed pr\u00e1va<\/strong><\/em>  \nObsah zve\u0159ejn\u011bn\u00fd na t\u011bchto str\u00e1nk\u00e1ch podl\u00e9h\u00e1 n\u011bmeck\u00e9mu autorsk\u00e9mu a souvisej\u00edc\u00edmu pr\u00e1vu. Jak\u00e9koli pou\u017eit\u00ed, kter\u00e9 nen\u00ed povoleno t\u011bmito z\u00e1kony, vy\u017eaduje p\u0159edchoz\u00ed p\u00edsemn\u00fd souhlas poskytovatele nebo p\u0159\u00edslu\u0161n\u00e9ho dr\u017eitele pr\u00e1v. To plat\u00ed zejm\u00e9na pro rozmno\u017eov\u00e1n\u00ed, \u00fapravy, p\u0159eklady, ukl\u00e1d\u00e1n\u00ed, zpracov\u00e1n\u00ed nebo reprodukci obsahu v datab\u00e1z\u00edch \u010di jin\u00fdch elektronick\u00fdch syst\u00e9mech. Obsahy a pr\u00e1va t\u0159et\u00edch stran jsou jako takov\u00e9 ozna\u010deny. Neopr\u00e1vn\u011bn\u00e9 kop\u00edrov\u00e1n\u00ed nebo \u0161\u00ed\u0159en\u00ed jednotliv\u00fdch text\u016f \u010di cel\u00fdch str\u00e1nek nen\u00ed povoleno a je trestn\u00e9. Povolen\u00e9 je pouze vytv\u00e1\u0159en\u00ed kopi\u00ed a stahov\u00e1n\u00ed pro osobn\u00ed, soukrom\u00e9 a nekomer\u010dn\u00ed pou\u017eit\u00ed. Zobrazen\u00ed t\u011bchto str\u00e1nek v ciz\u00edch r\u00e1mc\u00edch (frames) je povoleno pouze s p\u00edsemn\u00fdm souhlasem.<\/p>\n\n<p style=\"padding-left: 40px;\"><strong><em>4. Ochrana osobn\u00edch \u00fadaj\u016f<\/em><\/strong><\/p>\n<p style=\"padding-left: 40px;\"><span style=\"color: #0000ff;\"><strong><a style=\"color: #0000ff;\" href=\"https:\/\/neu.bredentgroup.com\/de\/datenschutzerklaerung\/\"><em>Prohl\u00e1\u0161en\u00ed o ochran\u011b osobn\u00edch \u00fadaj\u016f<\/em><\/a><\/strong><\/span><\/p>\n<p style=\"padding-left: 40px;\">Pou\u017e\u00edv\u00e1n\u00ed kontaktn\u00edch \u00fadaj\u016f z tohoto impressa pro komer\u010dn\u00ed reklamu je v\u00fdslovn\u011b ne\u017e\u00e1douc\u00ed, pokud poskytovatel p\u0159edem p\u00edsemn\u011b nesouhlasil nebo ji\u017e neexistuje obchodn\u00ed vztah. Poskytovatel a v\u0161echny osoby uveden\u00e9 na t\u011bchto str\u00e1nk\u00e1ch t\u00edmto v\u00fdslovn\u011b nesouhlas\u00ed s jak\u00fdmkoli komer\u010dn\u00edm vyu\u017eit\u00edm a p\u0159ed\u00e1v\u00e1n\u00edm sv\u00fdch \u00fadaj\u016f.<\/p>\n\n<p style=\"padding-left: 40px;\"><strong><em>5. Zvl\u00e1\u0161tn\u00ed podm\u00ednky pou\u017e\u00edv\u00e1n\u00ed<\/em><\/strong>  \nPokud se pro jednotliv\u00e9 slu\u017eby t\u011bchto webov\u00fdch str\u00e1nek pou\u017eij\u00ed zvl\u00e1\u0161tn\u00ed podm\u00ednky odli\u0161n\u00e9 od v\u00fd\u0161e uveden\u00fdch bod\u016f 1\u20134, bude na to na p\u0159\u00edslu\u0161n\u00e9m m\u00edst\u011b v\u00fdslovn\u011b upozorn\u011bno. V takov\u00e9m p\u0159\u00edpad\u011b plat\u00ed zvl\u00e1\u0161tn\u00ed podm\u00ednky pro dan\u00fd p\u0159\u00edpad.<\/p>\n\n<\/div>\n\t\t\t\t\t\t\t\t<\/div>\n\t\t\t\t<\/div>\n\t\t\t\t\t<\/div>\n\t\t<\/div>\n\t\t\t\t\t<\/div>\n\t\t<\/section>\n\t\t\t\t<\/div>\n\t\t","protected":false},"excerpt":{"rendered":"<p>Impressum \u00dadaje podle \u00a7 5 TMG bredent GmbH &amp; Co. KG Wei\u00dfenhorner Stra\u00dfe 2 89250 Senden Telefon: +49 7309 \/ 872-0 Fax: +49 7309 \/ 872-24 E-mail: info@bredent.com Opr\u00e1vn\u011bn\u00ed jednat jm\u00e9nem spole\u010dnosti: Peter Brehm, Brigitte Brehm, Nils Brehm, Olaf Gl\u00fcck, Gerald Micko Osobn\u011b ru\u010d\u00edc\u00ed spole\u010dn\u00edk (komplement\u00e1\u0159): bredent Beteiligungs- und Verwaltungs-GmbH Peter Brehm, Brigitte Brehm, Nils [&hellip;]<\/p>\n","protected":false},"author":1,"featured_media":0,"parent":0,"menu_order":11,"comment_status":"closed","ping_status":"closed","template":"elementor_header_footer","meta":{"footnotes":""},"class_list":["post-541","page","type-page","status-publish","hentry"],"_links":{"self":[{"href":"https:\/\/ifu.bredent-group.com\/cs\/wp-json\/wp\/v2\/pages\/541","targetHints":{"allow":["GET"]}}],"collection":[{"href":"https:\/\/ifu.bredent-group.com\/cs\/wp-json\/wp\/v2\/pages"}],"about":[{"href":"https:\/\/ifu.bredent-group.com\/cs\/wp-json\/wp\/v2\/types\/page"}],"author":[{"embeddable":true,"href":"https:\/\/ifu.bredent-group.com\/cs\/wp-json\/wp\/v2\/users\/1"}],"replies":[{"embeddable":true,"href":"https:\/\/ifu.bredent-group.com\/cs\/wp-json\/wp\/v2\/comments?post=541"}],"version-history":[{"count":4,"href":"https:\/\/ifu.bredent-group.com\/cs\/wp-json\/wp\/v2\/pages\/541\/revisions"}],"predecessor-version":[{"id":1516,"href":"https:\/\/ifu.bredent-group.com\/cs\/wp-json\/wp\/v2\/pages\/541\/revisions\/1516"}],"wp:attachment":[{"href":"https:\/\/ifu.bredent-group.com\/cs\/wp-json\/wp\/v2\/media?parent=541"}],"curies":[{"name":"wp","href":"https:\/\/api.w.org\/{rel}","templated":true}]}}