{"id":1517,"date":"2021-02-23T14:31:56","date_gmt":"2021-02-23T13:31:56","guid":{"rendered":"https:\/\/ifu.bredent-group.com\/impressum-bredent-group\/"},"modified":"2025-11-10T12:12:39","modified_gmt":"2025-11-10T11:12:39","slug":"impressum-bredent-group","status":"publish","type":"page","link":"https:\/\/ifu.bredent-group.com\/da\/impressum-bredent-group\/","title":{"rendered":"Impressum bredent-group"},"content":{"rendered":"\t\t<div data-elementor-type=\"wp-page\" data-elementor-id=\"1517\" class=\"elementor elementor-1517 elementor-131\" data-elementor-post-type=\"page\">\n\t\t\t\t\t\t<section class=\"elementor-section elementor-top-section elementor-element elementor-element-5bec691 elementor-section-boxed elementor-section-height-default elementor-section-height-default\" data-id=\"5bec691\" data-element_type=\"section\" data-e-type=\"section\">\n\t\t\t\t\t\t<div class=\"elementor-container elementor-column-gap-default\">\n\t\t\t\t\t<div class=\"elementor-column elementor-col-100 elementor-top-column elementor-element elementor-element-52b225c\" data-id=\"52b225c\" data-element_type=\"column\" data-e-type=\"column\">\n\t\t\t<div class=\"elementor-widget-wrap elementor-element-populated\">\n\t\t\t\t\t\t<div class=\"elementor-element elementor-element-b3792d7 elementor-widget elementor-widget-text-editor\" data-id=\"b3792d7\" data-element_type=\"widget\" data-e-type=\"widget\" data-widget_type=\"text-editor.default\">\n\t\t\t\t<div class=\"elementor-widget-container\">\n\t\t\t\t\t\t\t\t\t<h2>Impressum<\/h2>\n<p><\/p>\n<div class=\"common imprint\">\n<h3>Oplysninger i henhold til \u00a7 5 TMG<\/h3>\n<p>bredent GmbH &amp; Co. KG<br \/>\nWei\u00dfenhorner Stra\u00dfe 2<br \/>\n89250 Senden<br \/>\nTelefon: +49 7309 \/ 872-0<br \/>\nTelefax: +49 7309 \/ 872-24<br \/>\nE-mail: <span style=\"color: #0000ff;\"><a style=\"color: #0000ff;\" href=\"mailto:info@bredent.com\">info@bredent.com<\/a><\/span><\/p>\n<p>Autoriserede administrerende direkt\u00f8rer:<br \/>\nPeter Brehm, Brigitte Brehm, Nils Brehm, Olaf Gl\u00fcck, Gerald Micko<\/p>\n<p>Personligt h\u00e6ftende selskabsdeltager (komplementar): bredent Beteiligungs- und Verwaltungs-GmbH<br \/>\nPeter Brehm, Brigitte Brehm, Nils Brehm, Olaf Gl\u00fcck, Gerald Micko<\/p>\n<p>Registerret: Amtsgericht Memmingen<br \/>\nRegistreringsnummer: HRB 12912<br \/>\nS\u00e6de for bredent Beteiligungs- und Verwaltungs-GmbH: 89250 Senden<\/p>\n<p><strong>Momsidentifikationsnummer i henhold til \u00a7 27 a i momsloven<\/strong><br \/>\nDE 251580726<br \/>\nWEEE Reg.nr. DE 22730329<\/p>\n<p><strong>Indholdsm\u00e6ssigt ansvarlig i henhold til \u00a7 55 stk. 2 RStV<\/strong><br \/>\nMilko Wrona (adresse som ovenfor)<\/p>\n<p><strong>Online tvistbil\u00e6ggelse for forbrugere, deltagelse i tvistbil\u00e6ggelsesprocedurer<\/strong><br \/>\n(1) bredent GmbH &amp; Co. KG er som udgangspunkt hverken villig eller forpligtet til at deltage i en tvistbil\u00e6ggelsesprocedure ved et forbrugerklagen\u00e6vn.<br \/>\n(2) EU-Kommissionens platform for online tvistbil\u00e6ggelse:<br \/>\n<span style=\"color: #0000ff;\"><a style=\"color: #0000ff;\" href=\"https:\/\/www.ec.europa.eu\/consumers\/odr\" target=\"_blank\" rel=\"noopener\">https:\/\/www.ec.europa.eu\/consumers\/odr<\/a><\/span><\/p>\n<p><strong>Programmering og hosting \/ serverdrift<\/strong><br \/>\n<a href=\"http:\/\/www.imos.net\/\" target=\"_blank\" rel=\"noopener\"><span style=\"color: #0000ff;\">Afdeling G\u00f6ppingen<\/span><br \/>\n<span style=\"color: #0000ff;\">imos Gesellschaft f\u00fcr<\/span><br \/>\n<span style=\"color: #0000ff;\">Internet-Marketing og<\/span><br \/>\n<span style=\"color: #0000ff;\">Online-Services mbH<\/span><\/a><br \/>\nAlfons-Feifel-Str. 9<br \/>\n73037 G\u00f6ppingen<br \/>\nTelefon: +49 7161 93339-0<br \/>\nTelefax: +49 7161 93339-99<br \/>\nE-mail: <span style=\"color: #0000ff;\"><a style=\"color: #0000ff;\" href=\"mailto:info@imos.net\">info@imos.net<\/a><\/span><br \/>\nInternet: <span style=\"color: #0000ff;\"><a style=\"color: #0000ff;\" href=\"http:\/\/www.imos.net\/\" target=\"_blank\" rel=\"noopener\">www.imos.net<\/a><\/span><\/p>\n<p><strong>Bem\u00e6rk:<\/strong><br \/>\nIkke alle produkter er godkendt og tilg\u00e6ngelige p\u00e5 alle markeder.<br \/>\nVed sp\u00f8rgsm\u00e5l bedes du kontakte bredent GmbH &amp; Co. KG eller din lokale distribut\u00f8r.<\/p>\n<p><strong>ANSVARSFRASKRIVELSE (DISCLAIMER)<\/strong><\/p>\n<p style=\"padding-left: 40px;\"><em><strong>1. Ansvarsbegr\u00e6nsning<\/strong><\/em><br \/>\nIndholdet p\u00e5 dette websted er udarbejdet med st\u00f8rst mulig omhu. Udbyderen p\u00e5tager sig dog ingen garanti for n\u00f8jagtigheden, fuldst\u00e6ndigheden eller aktualiteten af de leverede oplysninger. Brugen af webstedets indhold sker p\u00e5 brugerens eget ansvar. Artikler m\u00e6rket med navn udtrykker den enkelte forfatters mening og afspejler ikke n\u00f8dvendigvis udbyderens holdning. Selve brugen af webstedet medf\u00f8rer ikke et kontraktforhold mellem brugeren og udbyderen.<\/p>\n<p style=\"padding-left: 40px;\"><em><strong>2. Eksterne links<\/strong><\/em><br \/>\nDette websted indeholder links til tredjeparts websteder (&#8220;eksterne links&#8221;). Disse websteder er underlagt de respektive operat\u00f8rers ansvar. Udbyderen kontrollerede de eksterne links for eventuelle lovovertr\u00e6delser, da de f\u00f8rst blev oprettet. P\u00e5 det tidspunkt var ingen overtr\u00e6delser synlige. Udbyderen har ingen indflydelse p\u00e5 det nuv\u00e6rende eller fremtidige indhold og design af de linkede sider. Inkludering af eksterne links betyder ikke, at udbyderen godkender de tilknyttede indhold. Kontinuerlig overv\u00e5gning af eksterne links uden konkrete tegn p\u00e5 overtr\u00e6delser er urimelig for udbyderen. Hvis udbyderen bliver opm\u00e6rksom p\u00e5 overtr\u00e6delser, slettes s\u00e5danne eksterne links straks.<\/p>\n<p style=\"padding-left: 40px;\"><em><strong>3. Ophavsret og naborettigheder<\/strong><\/em><br \/>\nAlt indhold p\u00e5 dette websted er underlagt tysk ophavsret og naborettigheder. Enhver brug, der ikke er tilladt if\u00f8lge disse love, kr\u00e6ver forudg\u00e5ende skriftlig tilladelse fra udbyderen eller den respektive rettighedshaver. Dette g\u00e6lder is\u00e6r reproduktion, redigering, overs\u00e6ttelse, lagring, behandling eller gengivelse af indhold i databaser eller andre elektroniske systemer. Indhold og rettigheder tilh\u00f8rende tredjepart er markeret som s\u00e5dan. Uautoriseret kopiering eller distribution af enkeltdele eller hele sider er ikke tilladt og strafbart. Fremstilling af kopier og downloads er kun tilladt til personlig, privat og ikke-kommerciel brug. Visning af dette websted i eksterne rammer (frames) er kun tilladt med skriftlig tilladelse.<\/p>\n<p style=\"padding-left: 40px;\"><strong><em>4. Databeskyttelse<\/em><\/strong><\/p>\n<p style=\"padding-left: 40px;\"><span style=\"color: #0000ff;\"><strong><a style=\"color: #0000ff;\" href=\"https:\/\/neu.bredentgroup.com\/de\/datenschutzerklaerung\/\"><em>Databeskyttelseserkl\u00e6ring<\/em><\/a><\/strong><\/span><\/p>\n<p style=\"padding-left: 40px;\">Brugen af kontaktoplysningerne fra impressummet til kommerciel reklame er udtrykkeligt u\u00f8nsket, medmindre udbyderen p\u00e5 forh\u00e5nd har givet skriftligt samtykke, eller der allerede eksisterer et forretningsforhold. Udbyderen og alle n\u00e6vnte personer p\u00e5 dette websted mods\u00e6tter sig hermed enhver kommerciel brug og videregivelse af deres data.<\/p>\n<p style=\"padding-left: 40px;\"><strong><em>5. S\u00e6rlige brugsbetingelser<\/em><\/strong><br \/>\nHvis s\u00e6rlige betingelser for individuel brug af dette websted afviger fra ovenst\u00e5ende punkter 1\u20134, vil dette blive udtrykkeligt angivet p\u00e5 det relevante sted. I s\u00e5danne tilf\u00e6lde g\u00e6lder de s\u00e6rlige brugsbetingelser for den p\u00e5g\u00e6ldende situation.<\/p>\n<\/div>\n<p><\/p>\n\t\t\t\t\t\t\t\t<\/div>\n\t\t\t\t<\/div>\n\t\t\t\t\t<\/div>\n\t\t<\/div>\n\t\t\t\t\t<\/div>\n\t\t<\/section>\n\t\t\t\t<\/div>\n\t\t","protected":false},"excerpt":{"rendered":"<p>Impressum Oplysninger i henhold til \u00a7 5 TMG bredent GmbH &amp; Co. KG Wei\u00dfenhorner Stra\u00dfe 2 89250 Senden Telefon: +49 7309 \/ 872-0 Telefax: +49 7309 \/ 872-24 E-mail: info@bredent.com Autoriserede administrerende direkt\u00f8rer: Peter Brehm, Brigitte Brehm, Nils Brehm, Olaf Gl\u00fcck, Gerald Micko Personligt h\u00e6ftende selskabsdeltager (komplementar): bredent Beteiligungs- und Verwaltungs-GmbH Peter Brehm, Brigitte Brehm, [&hellip;]<\/p>\n","protected":false},"author":1,"featured_media":0,"parent":0,"menu_order":11,"comment_status":"closed","ping_status":"closed","template":"elementor_header_footer","meta":{"footnotes":""},"class_list":["post-1517","page","type-page","status-publish","hentry"],"_links":{"self":[{"href":"https:\/\/ifu.bredent-group.com\/da\/wp-json\/wp\/v2\/pages\/1517","targetHints":{"allow":["GET"]}}],"collection":[{"href":"https:\/\/ifu.bredent-group.com\/da\/wp-json\/wp\/v2\/pages"}],"about":[{"href":"https:\/\/ifu.bredent-group.com\/da\/wp-json\/wp\/v2\/types\/page"}],"author":[{"embeddable":true,"href":"https:\/\/ifu.bredent-group.com\/da\/wp-json\/wp\/v2\/users\/1"}],"replies":[{"embeddable":true,"href":"https:\/\/ifu.bredent-group.com\/da\/wp-json\/wp\/v2\/comments?post=1517"}],"version-history":[{"count":1,"href":"https:\/\/ifu.bredent-group.com\/da\/wp-json\/wp\/v2\/pages\/1517\/revisions"}],"predecessor-version":[{"id":1518,"href":"https:\/\/ifu.bredent-group.com\/da\/wp-json\/wp\/v2\/pages\/1517\/revisions\/1518"}],"wp:attachment":[{"href":"https:\/\/ifu.bredent-group.com\/da\/wp-json\/wp\/v2\/media?parent=1517"}],"curies":[{"name":"wp","href":"https:\/\/api.w.org\/{rel}","templated":true}]}}