{"id":1597,"date":"2021-02-23T14:31:56","date_gmt":"2021-02-23T13:31:56","guid":{"rendered":"https:\/\/ifu.bredent-group.com\/imprimir\/"},"modified":"2025-11-10T13:28:51","modified_gmt":"2025-11-10T12:28:51","slug":"imprimir","status":"publish","type":"page","link":"https:\/\/ifu.bredent-group.com\/es\/imprimir\/","title":{"rendered":"Imprimir"},"content":{"rendered":"\t\t<div data-elementor-type=\"wp-page\" data-elementor-id=\"1597\" class=\"elementor elementor-1597 elementor-131\" data-elementor-post-type=\"page\">\n\t\t\t\t\t\t<section class=\"elementor-section elementor-top-section elementor-element elementor-element-5bec691 elementor-section-boxed elementor-section-height-default elementor-section-height-default\" data-id=\"5bec691\" data-element_type=\"section\" data-e-type=\"section\">\n\t\t\t\t\t\t<div class=\"elementor-container elementor-column-gap-default\">\n\t\t\t\t\t<div class=\"elementor-column elementor-col-100 elementor-top-column elementor-element elementor-element-52b225c\" data-id=\"52b225c\" data-element_type=\"column\" data-e-type=\"column\">\n\t\t\t<div class=\"elementor-widget-wrap elementor-element-populated\">\n\t\t\t\t\t\t<div class=\"elementor-element elementor-element-b3792d7 elementor-widget elementor-widget-text-editor\" data-id=\"b3792d7\" data-element_type=\"widget\" data-e-type=\"widget\" data-widget_type=\"text-editor.default\">\n\t\t\t\t<div class=\"elementor-widget-container\">\n\t\t\t\t\t\t\t\t\t<h2>Imprimir<\/h2>\n<p><\/p>\n<div class=\"common imprint\">\n<h3>Datos seg\u00fan \u00a7 5 TMG<\/h3>\n<p>bredent GmbH &amp; Co. KG<br \/>\nWei\u00dfenhorner Stra\u00dfe 2<br \/>\n89250 Senden<br \/>\nTel\u00e9fono: +49 7309 \/ 872-0<br \/>\nFax: +49 7309 \/ 872-24<br \/>\nCorreo electr\u00f3nico: <span style=\"color: #0000ff;\"><a style=\"color: #0000ff;\" href=\"mailto:info@bredent.com\">info@bredent.com<\/a><\/span><\/p>\n<p>Directores autorizados:<br \/>\nPeter Brehm, Brigitte Brehm, Nils Brehm, Olaf Gl\u00fcck, Gerald Micko<\/p>\n<p>Socio personalmente responsable (complementario): bredent Beteiligungs- und Verwaltungs-GmbH<br \/>\nPeter Brehm, Brigitte Brehm, Nils Brehm, Olaf Gl\u00fcck, Gerald Micko<\/p>\n<p>Registro mercantil: Amtsgericht Memmingen<br \/>\nN\u00famero de registro: HRB 12912<br \/>\nSede de bredent Beteiligungs- und Verwaltungs-GmbH: 89250 Senden<\/p>\n<p><strong>N\u00famero de identificaci\u00f3n de IVA seg\u00fan \u00a7 27 a de la Ley del IVA<\/strong><br \/>\nDE 251580726<br \/>\nN\u00famero de registro WEEE: DE 22730329<\/p>\n<p><strong>Persona responsable del contenido seg\u00fan \u00a7 55 p\u00e1rrafo 2 RStV<\/strong><br \/>\nMilko Wrona (direcci\u00f3n como arriba)<\/p>\n<p><strong>Resoluci\u00f3n de conflictos en l\u00ednea para consumidores, participaci\u00f3n en procedimientos de resoluci\u00f3n de disputas<\/strong><br \/>\n(1) La empresa bredent GmbH &amp; Co. KG, en principio, no est\u00e1 dispuesta ni obligada a participar en procedimientos de resoluci\u00f3n de conflictos ante una entidad de mediaci\u00f3n para consumidores.<br \/>\n(2) Plataforma de la Comisi\u00f3n Europea para la resoluci\u00f3n de conflictos en l\u00ednea:<br \/>\n<span style=\"color: #0000ff;\"><a style=\"color: #0000ff;\" href=\"https:\/\/www.ec.europa.eu\/consumers\/odr\" target=\"_blank\" rel=\"noopener\">https:\/\/www.ec.europa.eu\/consumers\/odr<\/a><\/span><\/p>\n<p><strong>Programaci\u00f3n y operaci\u00f3n del servidor \/ Hosting<\/strong><br \/>\n<a href=\"http:\/\/www.imos.net\/\" target=\"_blank\" rel=\"noopener\"><span style=\"color: #0000ff;\">Sede G\u00f6ppingen<\/span><br \/>\n<span style=\"color: #0000ff;\">imos Gesellschaft f\u00fcr<\/span><br \/>\n<span style=\"color: #0000ff;\">Marketing en Internet y<\/span><br \/>\n<span style=\"color: #0000ff;\">Servicios Online mbH<\/span><\/a><br \/>\nAlfons-Feifel-Str. 9<br \/>\n73037 G\u00f6ppingen<br \/>\nTel\u00e9fono: +49 7161 93339-0<br \/>\nFax: +49 7161 93339-99<br \/>\nCorreo electr\u00f3nico: <span style=\"color: #0000ff;\"><a style=\"color: #0000ff;\" href=\"mailto:info@imos.net\">info@imos.net<\/a><\/span><br \/>\nSitio web: <span style=\"color: #0000ff;\"><a style=\"color: #0000ff;\" href=\"http:\/\/www.imos.net\/\" target=\"_blank\" rel=\"noopener\">www.imos.net<\/a><\/span><\/p>\n<p><strong>Aviso:<\/strong><br \/>\nNo todos los productos est\u00e1n aprobados o disponibles en todos los mercados.<br \/>\nSi tiene preguntas, comun\u00edquese con bredent GmbH &amp; Co. KG o con su distribuidor.<\/p>\n<p><strong>DESCARGO DE RESPONSABILIDAD (DISCLAIMER)<\/strong><\/p>\n<p style=\"padding-left: 40px;\"><em><strong>1. Limitaci\u00f3n de responsabilidad<\/strong><\/em><br \/>\nEl contenido de este sitio web se crea con el mayor cuidado posible. Sin embargo, el proveedor no garantiza la exactitud, integridad ni actualidad de los contenidos proporcionados. El uso de los contenidos del sitio web es bajo el propio riesgo del usuario. Los art\u00edculos firmados reflejan la opini\u00f3n del autor correspondiente y no siempre la del proveedor. El simple uso del sitio web no crea ninguna relaci\u00f3n contractual entre el usuario y el proveedor.<\/p>\n<p style=\"padding-left: 40px;\"><em><strong>2. Enlaces externos<\/strong><\/em><br \/>\nEste sitio web contiene enlaces a sitios web de terceros (\u00abenlaces externos\u00bb). Estos sitios web est\u00e1n bajo la responsabilidad de sus respectivos operadores. El proveedor comprob\u00f3 por primera vez los contenidos externos para verificar posibles violaciones legales. En ese momento no se detectaron violaciones. El proveedor no tiene influencia sobre el dise\u00f1o actual o futuro ni sobre el contenido de los sitios enlazados. Colocar enlaces externos no significa que el proveedor se haga responsable del contenido de los mismos. La supervisi\u00f3n continua de los enlaces externos no es razonable sin indicios concretos de infracciones. En caso de conocer infracciones, dichos enlaces externos se eliminan de inmediato.<\/p>\n<p style=\"padding-left: 40px;\"><em><strong>3. Derechos de autor y derechos conexos<\/strong><\/em><br \/>\nLos contenidos publicados en este sitio web est\u00e1n protegidos por la legislaci\u00f3n alemana sobre derechos de autor y derechos conexos. Cualquier utilizaci\u00f3n no permitida por la legislaci\u00f3n alemana requiere la autorizaci\u00f3n previa por escrito del proveedor o del titular de los derechos. Esto se aplica especialmente a la reproducci\u00f3n, edici\u00f3n, traducci\u00f3n, almacenamiento, procesamiento o reproducci\u00f3n de contenidos en bases de datos u otros sistemas electr\u00f3nicos. Los contenidos y derechos de terceros est\u00e1n se\u00f1alados como tales. La reproducci\u00f3n o transmisi\u00f3n no autorizada de contenidos individuales o de p\u00e1ginas completas no est\u00e1 permitida y es punible. Solo se permite hacer copias y descargas para uso personal, privado y no comercial. La visualizaci\u00f3n de este sitio web en marcos externos solo est\u00e1 permitida con autorizaci\u00f3n por escrito.<\/p>\n<p style=\"padding-left: 40px;\"><strong><em>4. Protecci\u00f3n de datos<\/em><\/strong><\/p>\n<p style=\"padding-left: 40px;\"><span style=\"color: #0000ff;\"><strong><a style=\"color: #0000ff;\" href=\"https:\/\/neu.bredentgroup.com\/de\/datenschutzerklaerung\/\"><em>Pol\u00edtica de privacidad<\/em><\/a><\/strong><\/span><\/p>\n<p style=\"padding-left: 40px;\">El uso de los datos de contacto del Impressum para fines comerciales est\u00e1 expresamente no deseado, a menos que el proveedor haya dado previamente su consentimiento por escrito o exista ya una relaci\u00f3n comercial. El proveedor y todas las personas mencionadas en este sitio web se oponen a cualquier uso comercial y transmisi\u00f3n de sus datos.<\/p>\n<p style=\"padding-left: 40px;\"><strong><em>5. Condiciones especiales de uso<\/em><\/strong><br \/>\nSi existen condiciones especiales para el uso individual de este sitio web que difieren de los puntos 1 a 4 anteriores, se indicar\u00e1 expresamente en el lugar correspondiente. En ese caso, las condiciones especiales se aplican al caso espec\u00edfico.<\/p>\n<\/div>\n<p><\/p>\n\t\t\t\t\t\t\t\t<\/div>\n\t\t\t\t<\/div>\n\t\t\t\t\t<\/div>\n\t\t<\/div>\n\t\t\t\t\t<\/div>\n\t\t<\/section>\n\t\t\t\t<\/div>\n\t\t","protected":false},"excerpt":{"rendered":"<p>Imprimir Datos seg\u00fan \u00a7 5 TMG bredent GmbH &amp; Co. KG Wei\u00dfenhorner Stra\u00dfe 2 89250 Senden Tel\u00e9fono: +49 7309 \/ 872-0 Fax: +49 7309 \/ 872-24 Correo electr\u00f3nico: info@bredent.com Directores autorizados: Peter Brehm, Brigitte Brehm, Nils Brehm, Olaf Gl\u00fcck, Gerald Micko Socio personalmente responsable (complementario): bredent Beteiligungs- und Verwaltungs-GmbH Peter Brehm, Brigitte Brehm, Nils Brehm, [&hellip;]<\/p>\n","protected":false},"author":1,"featured_media":0,"parent":0,"menu_order":11,"comment_status":"closed","ping_status":"closed","template":"elementor_header_footer","meta":{"footnotes":""},"class_list":["post-1597","page","type-page","status-publish","hentry"],"_links":{"self":[{"href":"https:\/\/ifu.bredent-group.com\/es\/wp-json\/wp\/v2\/pages\/1597","targetHints":{"allow":["GET"]}}],"collection":[{"href":"https:\/\/ifu.bredent-group.com\/es\/wp-json\/wp\/v2\/pages"}],"about":[{"href":"https:\/\/ifu.bredent-group.com\/es\/wp-json\/wp\/v2\/types\/page"}],"author":[{"embeddable":true,"href":"https:\/\/ifu.bredent-group.com\/es\/wp-json\/wp\/v2\/users\/1"}],"replies":[{"embeddable":true,"href":"https:\/\/ifu.bredent-group.com\/es\/wp-json\/wp\/v2\/comments?post=1597"}],"version-history":[{"count":1,"href":"https:\/\/ifu.bredent-group.com\/es\/wp-json\/wp\/v2\/pages\/1597\/revisions"}],"predecessor-version":[{"id":1598,"href":"https:\/\/ifu.bredent-group.com\/es\/wp-json\/wp\/v2\/pages\/1597\/revisions\/1598"}],"wp:attachment":[{"href":"https:\/\/ifu.bredent-group.com\/es\/wp-json\/wp\/v2\/media?parent=1597"}],"curies":[{"name":"wp","href":"https:\/\/api.w.org\/{rel}","templated":true}]}}