{"id":1521,"date":"2021-02-23T14:31:56","date_gmt":"2021-02-23T13:31:56","guid":{"rendered":"https:\/\/ifu.bredent-group.com\/impressum-bredent-group\/"},"modified":"2025-11-10T12:15:50","modified_gmt":"2025-11-10T11:15:50","slug":"impressum-bredent-group","status":"publish","type":"page","link":"https:\/\/ifu.bredent-group.com\/et\/impressum-bredent-group\/","title":{"rendered":"Impressum bredent-group"},"content":{"rendered":"\t\t<div data-elementor-type=\"wp-page\" data-elementor-id=\"1521\" class=\"elementor elementor-1521 elementor-131\" data-elementor-post-type=\"page\">\n\t\t\t\t\t\t<section class=\"elementor-section elementor-top-section elementor-element elementor-element-5bec691 elementor-section-boxed elementor-section-height-default elementor-section-height-default\" data-id=\"5bec691\" data-element_type=\"section\" data-e-type=\"section\">\n\t\t\t\t\t\t<div class=\"elementor-container elementor-column-gap-default\">\n\t\t\t\t\t<div class=\"elementor-column elementor-col-100 elementor-top-column elementor-element elementor-element-52b225c\" data-id=\"52b225c\" data-element_type=\"column\" data-e-type=\"column\">\n\t\t\t<div class=\"elementor-widget-wrap elementor-element-populated\">\n\t\t\t\t\t\t<div class=\"elementor-element elementor-element-b3792d7 elementor-widget elementor-widget-text-editor\" data-id=\"b3792d7\" data-element_type=\"widget\" data-e-type=\"widget\" data-widget_type=\"text-editor.default\">\n\t\t\t\t<div class=\"elementor-widget-container\">\n\t\t\t\t\t\t\t\t\t<h2>Impressum<\/h2>\n<p><\/p>\n<div class=\"common imprint\">\n<h3>Teave vastavalt \u00a7 5 TMG<\/h3>\n<p>bredent GmbH &amp; Co. KG<br \/>\nWei\u00dfenhorner Stra\u00dfe 2<br \/>\n89250 Senden<br \/>\nTelefon: +49 7309 \/ 872-0<br \/>\nFaks: +49 7309 \/ 872-24<br \/>\nE-post: <span style=\"color: #0000ff;\"><a style=\"color: #0000ff;\" href=\"mailto:info@bredent.com\">info@bredent.com<\/a><\/span><\/p>\n<p>Volitatud tegevjuhid:<br \/>\nPeter Brehm, Brigitte Brehm, Nils Brehm, Olaf Gl\u00fcck, Gerald Micko<\/p>\n<p>Isiklikult vastutav osanik (komplementaarosanik): bredent Beteiligungs- und Verwaltungs-GmbH<br \/>\nPeter Brehm, Brigitte Brehm, Nils Brehm, Olaf Gl\u00fcck, Gerald Micko<\/p>\n<p>Registrikohus: Amtsgericht Memmingen<br \/>\nRegistri number: HRB 12912<br \/>\nbredent Beteiligungs- und Verwaltungs-GmbH asukoht: 89250 Senden<\/p>\n<p><strong>K\u00e4ibemaksukohustuslase number vastavalt \u00a7 27 a k\u00e4ibemaksuseadusele<\/strong><br \/>\nDE 251580726<br \/>\nWEEE Reg. nr DE 22730329<\/p>\n<p><strong>Sisu eest vastutav isik vastavalt \u00a7 55 l\u00f5ige 2 RStV<\/strong><br \/>\nMilko Wrona (aadress nagu eespool)<\/p>\n<p><strong>Veebip\u00f5hine tarbijavaidluste lahendamine, osalemine vaidluste lahendamise protseduuris<\/strong><br \/>\n(1) bredent GmbH &amp; Co. KG ei ole p\u00f5him\u00f5tteliselt valmis ega kohustatud osalema vaidluste lahendamise protseduurides tarbijavaidluste lahendamise organi juures.<br \/>\n(2) Euroopa Komisjoni platvorm veebip\u00f5hiseks vaidluste lahendamiseks:<br \/>\n<span style=\"color: #0000ff;\"><a style=\"color: #0000ff;\" href=\"https:\/\/www.ec.europa.eu\/consumers\/odr\" target=\"_blank\" rel=\"noopener\">https:\/\/www.ec.europa.eu\/consumers\/odr<\/a><\/span><\/p>\n<p><strong>Programmeerimine ja serveriteenus \/ Hosting<\/strong><br \/>\n<a href=\"http:\/\/www.imos.net\/\" target=\"_blank\" rel=\"noopener\"><span style=\"color: #0000ff;\">Asukoht G\u00f6ppingen<\/span><br \/>\n<span style=\"color: #0000ff;\">imos Gesellschaft f\u00fcr<\/span><br \/>\n<span style=\"color: #0000ff;\">Internetiturundus ja<\/span><br \/>\n<span style=\"color: #0000ff;\">Veebiteenused mbH<\/span><\/a><br \/>\nAlfons-Feifel-Str. 9<br \/>\n73037 G\u00f6ppingen<br \/>\nTelefon: +49 7161 93339-0<br \/>\nFaks: +49 7161 93339-99<br \/>\nE-post: <span style=\"color: #0000ff;\"><a style=\"color: #0000ff;\" href=\"mailto:info@imos.net\">info@imos.net<\/a><\/span><br \/>\nVeebileht: <span style=\"color: #0000ff;\"><a style=\"color: #0000ff;\" href=\"http:\/\/www.imos.net\/\" target=\"_blank\" rel=\"noopener\">www.imos.net<\/a><\/span><\/p>\n<p><strong>M\u00e4rkus:<\/strong><br \/>\nK\u00f5ik tooted ei ole k\u00f5igil turgudel heaks kiidetud ega saadaval.<br \/>\nK\u00fcsimuste korral palun p\u00f6\u00f6rduge ettev\u00f5tte bredent GmbH &amp; Co. KG v\u00f5i oma edasim\u00fc\u00fcja poole.<\/p>\n<p><strong>VASTUTUSE PIIRAMINE (DISCLAIMER)<\/strong><\/p>\n<p style=\"padding-left: 40px;\"><em><strong>1. Vastutuse piiramine<\/strong><\/em><br \/>\nSelle veebisaidi sisu on loodud suurima hoolikusega. Siiski ei anna pakkuja mingit garantiid esitatud teabe \u00f5igsuse, t\u00e4ielikkuse ega ajakohasuse kohta. Veebisaidi sisu kasutamine toimub kasutaja enda riskil. Nimega m\u00e4rgitud artiklid peegeldavad vastava autori arvamust ja ei pruugi tingimata kajastada pakkuja arvamust. Ainult veebisaidi kasutamisest ei teki kasutaja ja pakkuja vahel mingit lepingulist suhet.<\/p>\n<p style=\"padding-left: 40px;\"><em><strong>2. V\u00e4lised lingid<\/strong><\/em><br \/>\nSee veebisait sisaldab linke kolmandate osapoolte veebisaitidele (&#8220;v\u00e4lised lingid&#8221;). Need veebisaidid kuuluvad vastava haldaja vastutusalasse. Pakkuja kontrollis v\u00e4liseid linke esmakordsel lisamisel v\u00f5imalike \u00f5igusnormide rikkumiste osas \u2013 sel ajal ei ilmnenud rikkumisi. Pakkujal ei ole mingit m\u00f5ju linkide praegusele ega tulevasele kujundusele ega sisule. V\u00e4liste linkide lisamine ei t\u00e4henda, et pakkuja omistaks endale nende sisu. V\u00e4liste linkide pidev j\u00e4lgimine ilma konkreetsete rikkumiste vihjeteta ei ole pakkujalt m\u00f5istlik. Kui pakkuja saab rikkumisest teada, eemaldatakse sellised lingid viivitamata.<\/p>\n<p style=\"padding-left: 40px;\"><em><strong>3. Autori- ja sellega seotud \u00f5igused<\/strong><\/em><br \/>\nSellel veebisaidil avaldatud sisu on kaitstud Saksamaa autori- ja sellega seotud \u00f5igustega. K\u00f5ik kasutusviisid, mida seadus ei luba, n\u00f5uavad eelnevat kirjalikku n\u00f5usolekut pakkujalt v\u00f5i vastavalt \u00f5iguste omanikult. See kehtib eriti kopeerimise, t\u00f6\u00f6tlemise, t\u00f5lkimise, salvestamise, t\u00f6\u00f6tlemise v\u00f5i sisu esitamise kohta andmebaasides v\u00f5i muudes elektroonilistes s\u00fcsteemides. Kolmandate osapoolte sisu ja \u00f5igused on m\u00e4rgitud. Illegaalne kopeerimine v\u00f5i jagamine \u00fcksikute materjalide v\u00f5i terve lehe kohta ei ole lubatud ja on karistatav. Ainult isiklikuks, privaatseks ja mittetulunduslikuks kasutamiseks on lubatud koopia tegemine ja allalaadimine. Veebisaidi kuvamine teistele raamistikusaitidele (frames) on lubatud ainult kirjaliku loa alusel.<\/p>\n<p style=\"padding-left: 40px;\"><strong><em>4. Andmekaitse<\/em><\/strong><\/p>\n<p style=\"padding-left: 40px;\"><span style=\"color: #0000ff;\"><strong><a style=\"color: #0000ff;\" href=\"https:\/\/neu.bredentgroup.com\/de\/datenschutzerklaerung\/\"><em>Privaatsuspoliitika<\/em><\/a><\/strong><\/span><\/p>\n<p style=\"padding-left: 40px;\">Impressumi kontaktandmete kasutamine \u00e4rilistel eesm\u00e4rkidel on selges\u00f5naliselt soovimatu, v\u00e4lja arvatud juhul, kui pakkuja on eelnevalt andnud kirjaliku n\u00f5usoleku v\u00f5i kui \u00e4ritehing on juba olemas. Pakkuja ja k\u00f5ik sellel veebisaidil nimetatud isikud keelduvad igasugusest nende andmete \u00e4rilisest kasutamisest ja edastamisest.<\/p>\n<p style=\"padding-left: 40px;\"><strong><em>5. Erilised kasutustingimused<\/em><\/strong><br \/>\nKui sellel veebisaidil kehtivad m\u00f5ne konkreetse teenuse puhul eritingimused, mis erinevad \u00fclaltoodud punktidest 1\u20134, m\u00e4rgitakse see konkreetselt vastavas kohas. Sellisel juhul kehtivad eritingimused vastava juhtumi kohta.<\/p>\n<\/div>\n<p><\/p>\n\t\t\t\t\t\t\t\t<\/div>\n\t\t\t\t<\/div>\n\t\t\t\t\t<\/div>\n\t\t<\/div>\n\t\t\t\t\t<\/div>\n\t\t<\/section>\n\t\t\t\t<\/div>\n\t\t","protected":false},"excerpt":{"rendered":"<p>Impressum Teave vastavalt \u00a7 5 TMG bredent GmbH &amp; Co. KG Wei\u00dfenhorner Stra\u00dfe 2 89250 Senden Telefon: +49 7309 \/ 872-0 Faks: +49 7309 \/ 872-24 E-post: info@bredent.com Volitatud tegevjuhid: Peter Brehm, Brigitte Brehm, Nils Brehm, Olaf Gl\u00fcck, Gerald Micko Isiklikult vastutav osanik (komplementaarosanik): bredent Beteiligungs- und Verwaltungs-GmbH Peter Brehm, Brigitte Brehm, Nils Brehm, Olaf [&hellip;]<\/p>\n","protected":false},"author":1,"featured_media":0,"parent":0,"menu_order":11,"comment_status":"closed","ping_status":"closed","template":"elementor_header_footer","meta":{"footnotes":""},"class_list":["post-1521","page","type-page","status-publish","hentry"],"_links":{"self":[{"href":"https:\/\/ifu.bredent-group.com\/et\/wp-json\/wp\/v2\/pages\/1521","targetHints":{"allow":["GET"]}}],"collection":[{"href":"https:\/\/ifu.bredent-group.com\/et\/wp-json\/wp\/v2\/pages"}],"about":[{"href":"https:\/\/ifu.bredent-group.com\/et\/wp-json\/wp\/v2\/types\/page"}],"author":[{"embeddable":true,"href":"https:\/\/ifu.bredent-group.com\/et\/wp-json\/wp\/v2\/users\/1"}],"replies":[{"embeddable":true,"href":"https:\/\/ifu.bredent-group.com\/et\/wp-json\/wp\/v2\/comments?post=1521"}],"version-history":[{"count":1,"href":"https:\/\/ifu.bredent-group.com\/et\/wp-json\/wp\/v2\/pages\/1521\/revisions"}],"predecessor-version":[{"id":1522,"href":"https:\/\/ifu.bredent-group.com\/et\/wp-json\/wp\/v2\/pages\/1521\/revisions\/1522"}],"wp:attachment":[{"href":"https:\/\/ifu.bredent-group.com\/et\/wp-json\/wp\/v2\/media?parent=1521"}],"curies":[{"name":"wp","href":"https:\/\/api.w.org\/{rel}","templated":true}]}}