{"id":1523,"date":"2021-02-23T14:31:56","date_gmt":"2021-02-23T13:31:56","guid":{"rendered":"https:\/\/ifu.bredent-group.com\/impressum-bredent-group\/"},"modified":"2025-11-10T12:17:23","modified_gmt":"2025-11-10T11:17:23","slug":"impressum-bredent-group","status":"publish","type":"page","link":"https:\/\/ifu.bredent-group.com\/fr\/impressum-bredent-group\/","title":{"rendered":"Impressum bredent-group"},"content":{"rendered":"\t\t<div data-elementor-type=\"wp-page\" data-elementor-id=\"1523\" class=\"elementor elementor-1523 elementor-131\" data-elementor-post-type=\"page\">\n\t\t\t\t\t\t<section class=\"elementor-section elementor-top-section elementor-element elementor-element-5bec691 elementor-section-boxed elementor-section-height-default elementor-section-height-default\" data-id=\"5bec691\" data-element_type=\"section\" data-e-type=\"section\">\n\t\t\t\t\t\t<div class=\"elementor-container elementor-column-gap-default\">\n\t\t\t\t\t<div class=\"elementor-column elementor-col-100 elementor-top-column elementor-element elementor-element-52b225c\" data-id=\"52b225c\" data-element_type=\"column\" data-e-type=\"column\">\n\t\t\t<div class=\"elementor-widget-wrap elementor-element-populated\">\n\t\t\t\t\t\t<div class=\"elementor-element elementor-element-b3792d7 elementor-widget elementor-widget-text-editor\" data-id=\"b3792d7\" data-element_type=\"widget\" data-e-type=\"widget\" data-widget_type=\"text-editor.default\">\n\t\t\t\t<div class=\"elementor-widget-container\">\n\t\t\t\t\t\t\t\t\t<h2>Impressum<\/h2>\n<p><\/p>\n<div class=\"common imprint\">\n<h3>Informations conform\u00e9ment au \u00a7 5 TMG<\/h3>\n<p>bredent GmbH &amp; Co. KG<br \/>\nWei\u00dfenhorner Stra\u00dfe 2<br \/>\n89250 Senden<br \/>\nT\u00e9l\u00e9phone : +49 7309 \/ 872-0<br \/>\nT\u00e9l\u00e9copie : +49 7309 \/ 872-24<br \/>\nE-mail : <span style=\"color: #0000ff;\"><a style=\"color: #0000ff;\" href=\"mailto:info@bredent.com\">info@bredent.com<\/a><\/span><\/p>\n<p>Directeurs g\u00e9n\u00e9raux autoris\u00e9s :<br \/>\nPeter Brehm, Brigitte Brehm, Nils Brehm, Olaf Gl\u00fcck, Gerald Micko<\/p>\n<p>Associ\u00e9 responsable personnellement (commandit\u00e9) : bredent Beteiligungs- und Verwaltungs-GmbH<br \/>\nPeter Brehm, Brigitte Brehm, Nils Brehm, Olaf Gl\u00fcck, Gerald Micko<\/p>\n<p>Tribunal d\u2019enregistrement : Amtsgericht Memmingen<br \/>\nNum\u00e9ro d\u2019enregistrement : HRB 12912<br \/>\nSi\u00e8ge de bredent Beteiligungs- und Verwaltungs-GmbH : 89250 Senden<\/p>\n<p><strong>Num\u00e9ro d\u2019identification TVA conform\u00e9ment au \u00a7 27 a de la loi sur la TVA<\/strong><br \/>\nDE 251580726<br \/>\nNum\u00e9ro d\u2019enregistrement WEEE : DE 22730329<\/p>\n<p><strong>Personne responsable du contenu conform\u00e9ment au \u00a7 55 alin\u00e9a 2 RStV<\/strong><br \/>\nMilko Wrona (adresse comme ci-dessus)<\/p>\n<p><strong>R\u00e9solution en ligne des litiges pour les consommateurs, participation \u00e0 la proc\u00e9dure de r\u00e8glement des litiges<\/strong><br \/>\n(1) bredent GmbH &amp; Co. KG n\u2019est en principe ni dispos\u00e9e ni oblig\u00e9e de participer \u00e0 des proc\u00e9dures de r\u00e8glement des litiges devant un organisme de m\u00e9diation pour consommateurs.<br \/>\n(2) Plateforme de la Commission europ\u00e9enne pour la r\u00e9solution en ligne des litiges :<br \/>\n<span style=\"color: #0000ff;\"><a style=\"color: #0000ff;\" href=\"https:\/\/www.ec.europa.eu\/consumers\/odr\" target=\"_blank\" rel=\"noopener\">https:\/\/www.ec.europa.eu\/consumers\/odr<\/a><\/span><\/p>\n<p><strong>Programmation et exploitation du serveur \/ H\u00e9bergement<\/strong><br \/>\n<a href=\"http:\/\/www.imos.net\/\" target=\"_blank\" rel=\"noopener\"><span style=\"color: #0000ff;\">Site de G\u00f6ppingen<\/span><br \/>\n<span style=\"color: #0000ff;\">imos Gesellschaft f\u00fcr<\/span><br \/>\n<span style=\"color: #0000ff;\">Marketing Internet et<\/span><br \/>\n<span style=\"color: #0000ff;\">Services en ligne mbH<\/span><\/a><br \/>\nAlfons-Feifel-Str. 9<br \/>\n73037 G\u00f6ppingen<br \/>\nT\u00e9l\u00e9phone : +49 7161 93339-0<br \/>\nT\u00e9l\u00e9copie : +49 7161 93339-99<br \/>\nE-mail : <span style=\"color: #0000ff;\"><a style=\"color: #0000ff;\" href=\"mailto:info@imos.net\">info@imos.net<\/a><\/span><br \/>\nSite web : <span style=\"color: #0000ff;\"><a style=\"color: #0000ff;\" href=\"http:\/\/www.imos.net\/\" target=\"_blank\" rel=\"noopener\">www.imos.net<\/a><\/span><\/p>\n<p><strong>Remarque :<\/strong><br \/>\nTous les produits ne sont pas autoris\u00e9s ni disponibles sur tous les march\u00e9s.<br \/>\nPour toute question, veuillez contacter bredent GmbH &amp; Co. KG ou votre distributeur.<\/p>\n<p><strong>DISCLAIMER<\/strong><\/p>\n<p style=\"padding-left: 40px;\"><em><strong>1. Limitation de responsabilit\u00e9<\/strong><\/em><br \/>\nLe contenu de ce site Web est cr\u00e9\u00e9 avec le plus grand soin. Cependant, le fournisseur n\u2019assume aucune garantie quant \u00e0 l\u2019exactitude, l\u2019exhaustivit\u00e9 ou l\u2019actualit\u00e9 des informations fournies. L\u2019utilisation du contenu du site Web se fait aux risques de l\u2019utilisateur. Les articles sign\u00e9s par un nom refl\u00e8tent l\u2019opinion de l\u2019auteur concern\u00e9 et ne refl\u00e8tent pas n\u00e9cessairement l\u2019opinion du fournisseur. La simple utilisation du site Web du fournisseur n\u2019\u00e9tablit aucune relation contractuelle entre l\u2019utilisateur et le fournisseur.<\/p>\n<p style=\"padding-left: 40px;\"><em><strong>2. Liens externes<\/strong><\/em><br \/>\nCe site Web contient des liens vers des sites Web de tiers (\u00ab liens externes \u00bb). Ces sites Web rel\u00e8vent de la responsabilit\u00e9 de leurs op\u00e9rateurs respectifs. Le fournisseur a v\u00e9rifi\u00e9 les liens externes pour d\u00e9tecter d\u2019\u00e9ventuelles violations l\u00e9gales lors de leur premi\u00e8re inclusion. \u00c0 ce moment-l\u00e0, aucune violation n\u2019\u00e9tait apparente. Le fournisseur n\u2019a aucune influence sur la conception ou le contenu actuel ou futur des pages li\u00e9es. La mise en place de liens externes ne signifie pas que le fournisseur adopte le contenu des pages li\u00e9es. Un contr\u00f4le permanent des liens externes sans indications concr\u00e8tes de violation de la loi n\u2019est pas raisonnable pour le fournisseur. Si le fournisseur prend connaissance de violations l\u00e9gales, ces liens externes seront imm\u00e9diatement supprim\u00e9s.<\/p>\n<p style=\"padding-left: 40px;\"><em><strong>3. Droits d\u2019auteur et droits voisins<\/strong><\/em><br \/>\nLe contenu publi\u00e9 sur ce site Web est prot\u00e9g\u00e9 par le droit d\u2019auteur et les droits voisins allemands. Toute utilisation non autoris\u00e9e par la l\u00e9gislation allemande sur le droit d\u2019auteur et les droits voisins n\u00e9cessite l\u2019accord \u00e9crit pr\u00e9alable du fournisseur ou du d\u00e9tenteur des droits concern\u00e9. Cela s\u2019applique notamment \u00e0 la reproduction, la modification, la traduction, le stockage, le traitement ou la reproduction du contenu dans des bases de donn\u00e9es ou d\u2019autres syst\u00e8mes \u00e9lectroniques. Le contenu et les droits des tiers sont indiqu\u00e9s comme tels. La reproduction ou la distribution non autoris\u00e9e de contenus individuels ou de pages enti\u00e8res est interdite et punissable. La cr\u00e9ation de copies et les t\u00e9l\u00e9chargements ne sont autoris\u00e9s que pour un usage personnel, priv\u00e9 et non commercial. L\u2019affichage de ce site Web dans des cadres externes (frames) n\u2019est autoris\u00e9 qu\u2019avec une autorisation \u00e9crite.<\/p>\n<p style=\"padding-left: 40px;\"><strong><em>4. Protection des donn\u00e9es<\/em><\/strong><\/p>\n<p style=\"padding-left: 40px;\"><span style=\"color: #0000ff;\"><strong><a style=\"color: #0000ff;\" href=\"https:\/\/neu.bredentgroup.com\/de\/datenschutzerklaerung\/\"><em>Politique de confidentialit\u00e9<\/em><\/a><\/strong><\/span><\/p>\n<p style=\"padding-left: 40px;\">L\u2019utilisation des coordonn\u00e9es de l\u2019impressum \u00e0 des fins publicitaires est express\u00e9ment ind\u00e9sirable, sauf si le fournisseur a donn\u00e9 son consentement \u00e9crit au pr\u00e9alable ou si une relation commerciale existe d\u00e9j\u00e0. Le fournisseur et toutes les personnes mentionn\u00e9es sur ce site Web s\u2019opposent express\u00e9ment \u00e0 toute utilisation commerciale et \u00e0 la divulgation de leurs donn\u00e9es.<\/p>\n<p style=\"padding-left: 40px;\"><strong><em>5. Conditions d\u2019utilisation particuli\u00e8res<\/em><\/strong><br \/>\nLorsque des conditions particuli\u00e8res s\u2019appliquent \u00e0 certaines utilisations de ce site Web et diff\u00e8rent des points 1 \u00e0 4 ci-dessus, cela sera express\u00e9ment indiqu\u00e9 \u00e0 l\u2019endroit concern\u00e9. Dans ce cas, les conditions particuli\u00e8res s\u2019appliquent au cas particulier.<\/p>\n<\/div>\n<p><\/p>\n\t\t\t\t\t\t\t\t<\/div>\n\t\t\t\t<\/div>\n\t\t\t\t\t<\/div>\n\t\t<\/div>\n\t\t\t\t\t<\/div>\n\t\t<\/section>\n\t\t\t\t<\/div>\n\t\t","protected":false},"excerpt":{"rendered":"<p>Impressum Informations conform\u00e9ment au \u00a7 5 TMG bredent GmbH &amp; Co. KG Wei\u00dfenhorner Stra\u00dfe 2 89250 Senden T\u00e9l\u00e9phone : +49 7309 \/ 872-0 T\u00e9l\u00e9copie : +49 7309 \/ 872-24 E-mail : info@bredent.com Directeurs g\u00e9n\u00e9raux autoris\u00e9s : Peter Brehm, Brigitte Brehm, Nils Brehm, Olaf Gl\u00fcck, Gerald Micko Associ\u00e9 responsable personnellement (commandit\u00e9) : bredent Beteiligungs- und Verwaltungs-GmbH [&hellip;]<\/p>\n","protected":false},"author":1,"featured_media":0,"parent":0,"menu_order":11,"comment_status":"closed","ping_status":"closed","template":"elementor_header_footer","meta":{"footnotes":""},"class_list":["post-1523","page","type-page","status-publish","hentry"],"_links":{"self":[{"href":"https:\/\/ifu.bredent-group.com\/fr\/wp-json\/wp\/v2\/pages\/1523","targetHints":{"allow":["GET"]}}],"collection":[{"href":"https:\/\/ifu.bredent-group.com\/fr\/wp-json\/wp\/v2\/pages"}],"about":[{"href":"https:\/\/ifu.bredent-group.com\/fr\/wp-json\/wp\/v2\/types\/page"}],"author":[{"embeddable":true,"href":"https:\/\/ifu.bredent-group.com\/fr\/wp-json\/wp\/v2\/users\/1"}],"replies":[{"embeddable":true,"href":"https:\/\/ifu.bredent-group.com\/fr\/wp-json\/wp\/v2\/comments?post=1523"}],"version-history":[{"count":1,"href":"https:\/\/ifu.bredent-group.com\/fr\/wp-json\/wp\/v2\/pages\/1523\/revisions"}],"predecessor-version":[{"id":1524,"href":"https:\/\/ifu.bredent-group.com\/fr\/wp-json\/wp\/v2\/pages\/1523\/revisions\/1524"}],"wp:attachment":[{"href":"https:\/\/ifu.bredent-group.com\/fr\/wp-json\/wp\/v2\/media?parent=1523"}],"curies":[{"name":"wp","href":"https:\/\/api.w.org\/{rel}","templated":true}]}}