{"id":1512,"date":"2021-02-23T14:31:56","date_gmt":"2021-02-23T13:31:56","guid":{"rendered":"https:\/\/ifu.bredent-group.com\/impressum-bredent-group\/"},"modified":"2025-11-10T12:07:43","modified_gmt":"2025-11-10T11:07:43","slug":"impressum-bredent-group","status":"publish","type":"page","link":"https:\/\/ifu.bredent-group.com\/hr\/impressum-bredent-group\/","title":{"rendered":"Impressum bredent-group"},"content":{"rendered":"\t\t<div data-elementor-type=\"wp-page\" data-elementor-id=\"1512\" class=\"elementor elementor-1512 elementor-131\" data-elementor-post-type=\"page\">\n\t\t\t\t\t\t<section class=\"elementor-section elementor-top-section elementor-element elementor-element-5bec691 elementor-section-boxed elementor-section-height-default elementor-section-height-default\" data-id=\"5bec691\" data-element_type=\"section\" data-e-type=\"section\">\n\t\t\t\t\t\t<div class=\"elementor-container elementor-column-gap-default\">\n\t\t\t\t\t<div class=\"elementor-column elementor-col-100 elementor-top-column elementor-element elementor-element-52b225c\" data-id=\"52b225c\" data-element_type=\"column\" data-e-type=\"column\">\n\t\t\t<div class=\"elementor-widget-wrap elementor-element-populated\">\n\t\t\t\t\t\t<div class=\"elementor-element elementor-element-b3792d7 elementor-widget elementor-widget-text-editor\" data-id=\"b3792d7\" data-element_type=\"widget\" data-e-type=\"widget\" data-widget_type=\"text-editor.default\">\n\t\t\t\t<div class=\"elementor-widget-container\">\n\t\t\t\t\t\t\t\t\t<h2>Impressum<\/h2>\n<p><\/p>\n<div class=\"common imprint\"><\/p>\n<h3>Podaci u skladu s \u00a7 5 TMG<\/h3>\n<p>bredent GmbH &amp; Co. KG<br \/>Wei\u00dfenhorner Stra\u00dfe 2<br \/>89250 Senden<br \/>Telefon: +49 7309 \/ 872-0<br \/>Telefaks: +49 7309 \/ 872-24<br \/>E-mail: <span style=\"color: #0000ff;\"><a style=\"color: #0000ff;\" href=\"mailto:info@bredent.com\">info@bredent.com<\/a><\/span><\/p>\n<p>Ovla\u0161teni direktori:<br \/>Peter Brehm, Brigitte Brehm, Nils Brehm, Olaf Gl\u00fcck, Gerald Micko<\/p>\n<p>Komplementar (osobno odgovorni partner): bredent Beteiligungs- und Verwaltungs-GmbH  <br \/>Peter Brehm, Brigitte Brehm, Nils Brehm, Olaf Gl\u00fcck, Gerald Micko<\/p>\n<p>Sud registra: Amtsgericht Memmingen  <br \/>Broj registra: HRB 12912  <br \/>Sjedi\u0161te bredent Beteiligungs- und Verwaltungs-GmbH: 89250 Senden<\/p>\n<p><strong>PDV identifikacijski broj prema \u00a7 27 a Zakona o porezu na dodanu vrijednost<\/strong>  <br \/>DE 251580726  <br \/>WEEE reg. br. DE 22730329<\/p>\n<p><strong>Osoba odgovorna za sadr\u017eaj prema \u00a7 55 st. 2 RStV<\/strong>  <br \/>Milko Wrona (adresa kao gore)<\/p>\n<p><strong>Online rje\u0161avanje potro\u0161a\u010dkih sporova, sudjelovanje u postupku rje\u0161avanja sporova<\/strong>  <br \/>(1) bredent GmbH &amp; Co. KG u na\u010delu nije spreman niti obvezan sudjelovati u postupcima rje\u0161avanja sporova pred potro\u0161a\u010dkim arbitra\u017enim tijelima.  <br \/>(2) Platforma Europske komisije za online rje\u0161avanje sporova:  <br \/><span style=\"color: #0000ff;\"><a style=\"color: #0000ff;\" href=\"https:\/\/www.ec.europa.eu\/consumers\/odr\" target=\"_blank\" rel=\"noopener\">https:\/\/www.ec.europa.eu\/consumers\/odr<\/a><\/span><\/p>\n<p><strong>Programiranje i hosting \/ Server podr\u0161ka<\/strong>  <br \/><a href=\"http:\/\/www.imos.net\/\" target=\"_blank\" rel=\"noopener\"><span style=\"color: #0000ff;\">Lokacija G\u00f6ppingen<\/span><br \/>\n<span style=\"color: #0000ff;\">imos Gesellschaft f\u00fcr<\/span><br \/>\n<span style=\"color: #0000ff;\">Internet marketing i<\/span><br \/>\n<span style=\"color: #0000ff;\">online usluge mbH<\/span><\/a>  <br \/>Alfons-Feifel-Str. 9  <br \/>73037 G\u00f6ppingen  <br \/>Telefon: +49 7161 93339-0  <br \/>Telefaks: +49 7161 93339-99  <br \/>E-mail: <span style=\"color: #0000ff;\"><a style=\"color: #0000ff;\" href=\"mailto:info@imos.net\">info@imos.net<\/a><\/span>  <br \/>Internet: <span style=\"color: #0000ff;\"><a style=\"color: #0000ff;\" href=\"http:\/\/www.imos.net\/\" target=\"_blank\" rel=\"noopener\">www.imos.net<\/a><\/span><\/p>\n<p><strong>Napomena:<\/strong><\/p>\n<p>Nisu svi proizvodi odobreni i dostupni na svim tr\u017ei\u0161tima.  <br \/>Za pitanja se obratite tvrtki bredent GmbH &amp; Co. KG ili svom distributeru.<\/p>\n<p><strong>ODRICANJE OD ODGOVORNOSTI (DISCLAIMER)<\/strong><\/p>\n<p style=\"padding-left: 40px;\"><em><strong>1. Ograni\u010denje odgovornosti<\/strong><\/em>  <br \/>Sadr\u017eaj ove web stranice izra\u0111en je s najve\u0107om pa\u017enjom. Ipak, pru\u017eatelj ne preuzima jamstvo za to\u010dnost, potpunost i a\u017eurnost objavljenih informacija. Kori\u0161tenje sadr\u017eaja ove web stranice odvija se na vlastitu odgovornost korisnika. \u010clanci potpisani<\/p>\n\t\t\t\t\t\t\t\t<\/div>\n\t\t\t\t<\/div>\n\t\t\t\t\t<\/div>\n\t\t<\/div>\n\t\t\t\t\t<\/div>\n\t\t<\/section>\n\t\t\t\t<\/div>\n\t\t","protected":false},"excerpt":{"rendered":"<p>Impressum Podaci u skladu s \u00a7 5 TMG bredent GmbH &amp; Co. KGWei\u00dfenhorner Stra\u00dfe 289250 SendenTelefon: +49 7309 \/ 872-0Telefaks: +49 7309 \/ 872-24E-mail: info@bredent.com Ovla\u0161teni direktori:Peter Brehm, Brigitte Brehm, Nils Brehm, Olaf Gl\u00fcck, Gerald Micko Komplementar (osobno odgovorni partner): bredent Beteiligungs- und Verwaltungs-GmbH Peter Brehm, Brigitte Brehm, Nils Brehm, Olaf Gl\u00fcck, Gerald Micko Sud [&hellip;]<\/p>\n","protected":false},"author":1,"featured_media":0,"parent":0,"menu_order":11,"comment_status":"closed","ping_status":"closed","template":"elementor_header_footer","meta":{"footnotes":""},"class_list":["post-1512","page","type-page","status-publish","hentry"],"_links":{"self":[{"href":"https:\/\/ifu.bredent-group.com\/hr\/wp-json\/wp\/v2\/pages\/1512","targetHints":{"allow":["GET"]}}],"collection":[{"href":"https:\/\/ifu.bredent-group.com\/hr\/wp-json\/wp\/v2\/pages"}],"about":[{"href":"https:\/\/ifu.bredent-group.com\/hr\/wp-json\/wp\/v2\/types\/page"}],"author":[{"embeddable":true,"href":"https:\/\/ifu.bredent-group.com\/hr\/wp-json\/wp\/v2\/users\/1"}],"replies":[{"embeddable":true,"href":"https:\/\/ifu.bredent-group.com\/hr\/wp-json\/wp\/v2\/comments?post=1512"}],"version-history":[{"count":1,"href":"https:\/\/ifu.bredent-group.com\/hr\/wp-json\/wp\/v2\/pages\/1512\/revisions"}],"predecessor-version":[{"id":1513,"href":"https:\/\/ifu.bredent-group.com\/hr\/wp-json\/wp\/v2\/pages\/1512\/revisions\/1513"}],"wp:attachment":[{"href":"https:\/\/ifu.bredent-group.com\/hr\/wp-json\/wp\/v2\/media?parent=1512"}],"curies":[{"name":"wp","href":"https:\/\/api.w.org\/{rel}","templated":true}]}}