{"id":1527,"date":"2021-02-23T14:31:56","date_gmt":"2021-02-23T13:31:56","guid":{"rendered":"https:\/\/ifu.bredent-group.com\/?page_id=1527"},"modified":"2025-11-10T12:41:29","modified_gmt":"2025-11-10T11:41:29","slug":"elementor-1527","status":"publish","type":"page","link":"https:\/\/ifu.bredent-group.com\/hu\/elementor-1527\/","title":{"rendered":"Impresszum"},"content":{"rendered":"\t\t<div data-elementor-type=\"wp-page\" data-elementor-id=\"1527\" class=\"elementor elementor-1527 elementor-131\" data-elementor-post-type=\"page\">\n\t\t\t\t\t\t<section class=\"elementor-section elementor-top-section elementor-element elementor-element-5bec691 elementor-section-boxed elementor-section-height-default elementor-section-height-default\" data-id=\"5bec691\" data-element_type=\"section\" data-e-type=\"section\">\n\t\t\t\t\t\t<div class=\"elementor-container elementor-column-gap-default\">\n\t\t\t\t\t<div class=\"elementor-column elementor-col-100 elementor-top-column elementor-element elementor-element-52b225c\" data-id=\"52b225c\" data-element_type=\"column\" data-e-type=\"column\">\n\t\t\t<div class=\"elementor-widget-wrap elementor-element-populated\">\n\t\t\t\t\t\t<div class=\"elementor-element elementor-element-b3792d7 elementor-widget elementor-widget-text-editor\" data-id=\"b3792d7\" data-element_type=\"widget\" data-e-type=\"widget\" data-widget_type=\"text-editor.default\">\n\t\t\t\t<div class=\"elementor-widget-container\">\n\t\t\t\t\t\t\t\t\t<h2>Impresszum<\/h2>\n<div class=\"common imprint\">\n<h3>Inform\u00e1ci\u00f3k a \u00a7 5 TMG szerint<\/h3>\n<p>bredent GmbH &amp; Co. KG<br>\nWei\u00dfenhorner Stra\u00dfe 2<br>\n89250 Senden<br>\nTelefon: +49 7309 \/ 872-0<br>\nFax: +49 7309 \/ 872-24<br>\nE-mail: <span style=\"color: #0000ff;\"><a style=\"color: #0000ff;\" href=\"mailto:info@bredent.com\">info@bredent.com<\/a>&nbsp;<\/span><\/p>\n<p>Hivatalos \u00fcgyvezet\u0151k:<br>\nPeter Brehm, Brigitte Brehm, Nils Brehm, Olaf Gl\u00fcck, Gerald Micko<\/p>\n<p>Szem\u00e9lyesen felel\u0151s t\u00e1rsas\u00e1gi tag (komplementer): bredent Beteiligungs- und Verwaltungs-GmbH<br>\nPeter Brehm, Brigitte Brehm, Nils Brehm, Olaf Gl\u00fcck, Gerald Micko<\/p>\n<p>C\u00e9gb\u00edr\u00f3s\u00e1g: Amtsgericht Memmingen<br>\nC\u00e9gjegyz\u00e9ksz\u00e1m: HRB 12912<br>\nA bredent Beteiligungs- und Verwaltungs-GmbH sz\u00e9khelye: 89250 Senden<\/p>\n<p><strong>\u00c1FA-azonos\u00edt\u00f3 sz\u00e1m a \u00a7 27 a \u00c1fa t\u00f6rv\u00e9ny szerint<\/strong><br>\nDE 251580726<br>\nWEEE regisztr\u00e1ci\u00f3s sz\u00e1m: DE 22730329<\/p>\n<p><strong>Tartalmi felel\u0151s a \u00a7 55 (2) RStV szerint<\/strong><br>\nMilko Wrona (c\u00edm fentebb)<\/p>\n<p><strong>Online fogyaszt\u00f3i vitarendez\u00e9s, r\u00e9szv\u00e9tel a vitarendez\u00e9si elj\u00e1r\u00e1sban<\/strong><br>\n(1) A bredent GmbH &amp; Co. KG alapvet\u0151en nem hajland\u00f3 \u00e9s nem k\u00f6teles r\u00e9szt venni a fogyaszt\u00f3i vitarendez\u0151 test\u00fcletek el\u0151tti elj\u00e1r\u00e1sokban.<br>\n(2) Az EU Bizotts\u00e1g online vitarendez\u00e9si platformja:<br>\n<span style=\"color: #0000ff;\"><a style=\"color: #0000ff;\" href=\"https:\/\/www.ec.europa.eu\/consumers\/odr\" target=\"_blank\" rel=\"noopener\">https:\/\/www.ec.europa.eu\/consumers\/odr<\/a><\/span><\/p>\n<p><strong>Programoz\u00e1s \u00e9s szerver\u00fczemeltet\u00e9s \/ T\u00e1rhely<\/strong><br>\n<a href=\"http:\/\/www.imos.net\/\" target=\"_blank\" rel=\"noopener\"><span style=\"color: #0000ff;\">G\u00f6ppingen telephely<\/span><br>\n<span style=\"color: #0000ff;\">imos Gesellschaft f\u00fcr<\/span><br>\n<span style=\"color: #0000ff;\">Internet Marketing \u00e9s<\/span><br>\n<span style=\"color: #0000ff;\">Online Szolg\u00e1ltat\u00e1sok mbH<\/span><\/a><br>\nAlfons-Feifel-Str. 9<br>\n73037 G\u00f6ppingen<br>\nTelefon: +49 7161 93339-0<br>\nFax: +49 7161 93339-99<br>\nE-mail: <span style=\"color: #0000ff;\"><a style=\"color: #0000ff;\" href=\"mailto:info@imos.net\">info@imos.net<\/a><\/span><br>\nWeboldal: <span style=\"color: #0000ff;\"><a style=\"color: #0000ff;\" href=\"http:\/\/www.imos.net\/\" target=\"_blank\" rel=\"noopener\">www.imos.net<\/a><\/span><\/p>\n<p><strong>Megjegyz\u00e9s:<\/strong><br>Nem minden term\u00e9k enged\u00e9lyezett vagy el\u00e9rhet\u0151 minden piacon.<br>\nK\u00e9rd\u00e9sekkel forduljon a bredent GmbH &amp; Co. KG-hez vagy az \u00d6n forgalmaz\u00f3j\u00e1hoz.<\/p>\n<p><strong>FELEL\u0150SS\u00c9GV\u00c1LLAL\u00c1S (DISCLAIMER)<\/strong><\/p>\n<p style=\"padding-left: 40px;\"><em><strong>1. Felel\u0151ss\u00e9g korl\u00e1toz\u00e1sa<\/strong><\/em><br>\nA weboldal tartalm\u00e1t a lehet\u0151 legnagyobb gondoss\u00e1ggal k\u00e9sz\u00edtett\u00e9k. A szolg\u00e1ltat\u00f3 azonban nem v\u00e1llal felel\u0151ss\u00e9get a megadott inform\u00e1ci\u00f3k pontoss\u00e1g\u00e1\u00e9rt, teljess\u00e9g\u00e9\u00e9rt vagy naprak\u00e9szs\u00e9g\u00e9\u00e9rt. A weboldal tartalm\u00e1nak haszn\u00e1lata a felhaszn\u00e1l\u00f3 saj\u00e1t felel\u0151ss\u00e9g\u00e9re t\u00f6rt\u00e9nik. A n\u00e9vvel jel\u00f6lt cikkek a szerz\u0151 v\u00e9lem\u00e9ny\u00e9t t\u00fckr\u00f6zik, \u00e9s nem felt\u00e9tlen\u00fcl a szolg\u00e1ltat\u00f3\u00e9t. A weboldal puszta haszn\u00e1lata nem hoz l\u00e9tre szerz\u0151d\u00e9ses jogviszonyt a felhaszn\u00e1l\u00f3 \u00e9s a szolg\u00e1ltat\u00f3 k\u00f6z\u00f6tt.<\/p>\n<p style=\"padding-left: 40px;\"><em><strong>2. K\u00fcls\u0151 hivatkoz\u00e1sok<\/strong><\/em><br>\nEz a weboldal harmadik f\u00e9lt\u0151l sz\u00e1rmaz\u00f3 webhelyekre (&#8222;k\u00fcls\u0151 hivatkoz\u00e1sok&#8221;) mutat\u00f3 linkeket tartalmaz. Ezek a webhelyek az adott \u00fczemeltet\u0151k felel\u0151ss\u00e9ge al\u00e1 tartoznak. A szolg\u00e1ltat\u00f3 a linkek els\u0151 elhelyez\u00e9sekor ellen\u0151rizte a k\u00fcls\u0151 linkeket esetleges jogs\u00e9rt\u00e9sek szempontj\u00e1b\u00f3l. Abban az id\u0151pontban nem voltak l\u00e1that\u00f3 jogs\u00e9rt\u00e9sek. A szolg\u00e1ltat\u00f3 semmilyen befoly\u00e1ssal nem b\u00edr a hivatkozott oldalak jelenlegi vagy j\u00f6v\u0151beni kialak\u00edt\u00e1s\u00e1ra \u00e9s tartalm\u00e1ra. A k\u00fcls\u0151 linkek elhelyez\u00e9se nem jelenti azt, hogy a szolg\u00e1ltat\u00f3 mag\u00e1\u00e9nak tekinten\u00e9 a hivatkozott tartalmat. A folyamatos ellen\u0151rz\u00e9s konkr\u00e9t jogs\u00e9rt\u00e9sre utal\u00f3 jelz\u00e9s n\u00e9lk\u00fcl nem v\u00e1rhat\u00f3 el a szolg\u00e1ltat\u00f3t\u00f3l. Ha a szolg\u00e1ltat\u00f3 tudom\u00e1st szerez jogs\u00e9rt\u00e9sr\u0151l, az adott linket azonnal elt\u00e1vol\u00edtja.<\/p>\n<p style=\"padding-left: 40px;\"><em><strong>3. Szerz\u0151i jogok \u00e9s kapcsol\u00f3d\u00f3 jogok<\/strong><\/em><br>\nA weboldalon k\u00f6zz\u00e9tett tartalom n\u00e9met szerz\u0151i jogi \u00e9s kapcsol\u00f3d\u00f3 jogi v\u00e9delem alatt \u00e1ll. B\u00e1rmely olyan felhaszn\u00e1l\u00e1s, amelyet a n\u00e9met szerz\u0151i jog nem enged\u00e9lyez, el\u0151zetes \u00edr\u00e1sbeli enged\u00e9lyt ig\u00e9nyel a szolg\u00e1ltat\u00f3t\u00f3l vagy a jogosultt\u00f3l. Ez k\u00fcl\u00f6n\u00f6sen vonatkozik a m\u00e1sol\u00e1sra, feldolgoz\u00e1sra, ford\u00edt\u00e1sra, t\u00e1rol\u00e1sra, feldolgoz\u00e1sra vagy az adatb\u00e1zisokban vagy m\u00e1s elektronikus rendszerekben t\u00f6rt\u00e9n\u0151 megjelen\u00edt\u00e9sre. A harmadik felek tartalma \u00e9s jogai jel\u00f6lve vannak. Az enged\u00e9ly n\u00e9lk\u00fcli m\u00e1sol\u00e1s vagy terjeszt\u00e9s, ak\u00e1r egyes tartalmak, ak\u00e1r az eg\u00e9sz oldal eset\u00e9n, nem megengedett \u00e9s b\u00fcntethet\u0151. Csak szem\u00e9lyes, mag\u00e1njelleg\u0171 \u00e9s nem kereskedelmi c\u00e9l\u00fa m\u00e1solatok \u00e9s let\u00f6lt\u00e9sek enged\u00e9lyezettek. A weboldal k\u00fcls\u0151 keretekben (frames) t\u00f6rt\u00e9n\u0151 megjelen\u00edt\u00e9se csak \u00edr\u00e1sos enged\u00e9llyel lehets\u00e9ges.<\/p>\n<p style=\"padding-left: 40px;\"><strong><em>4. Adatv\u00e9delem<\/em><\/strong><\/p>\n<p style=\"padding-left: 40px;\"><span style=\"color: #0000ff;\"><strong><a style=\"color: #0000ff;\" href=\"https:\/\/neu.bredentgroup.com\/de\/datenschutzerklaerung\/\"><em>Adatv\u00e9delmi nyilatkozat<\/em><\/a><\/strong><\/span><\/p>\n<p style=\"padding-left: 40px;\">Az impresszum el\u00e9rhet\u0151s\u00e9geinek felhaszn\u00e1l\u00e1sa kereskedelmi c\u00e9lokra kifejezetten nem k\u00edv\u00e1natos, kiv\u00e9ve, ha a szolg\u00e1ltat\u00f3 el\u0151zetesen \u00edr\u00e1sban enged\u00e9lyt adott, vagy m\u00e1r fenn\u00e1ll \u00fczleti kapcsolat. A szolg\u00e1ltat\u00f3 \u00e9s a weboldalon eml\u00edtett szem\u00e9lyek kifejezetten tiltakoznak adataik b\u00e1rmilyen kereskedelmi felhaszn\u00e1l\u00e1sa \u00e9s tov\u00e1bb\u00edt\u00e1sa ellen.<\/p>\n<p style=\"padding-left: 40px;\"><strong><em>5. K\u00fcl\u00f6nleges felhaszn\u00e1l\u00e1si felt\u00e9telek<\/em><\/strong><br>\nHa a weboldal egyes felhaszn\u00e1l\u00e1saira k\u00fcl\u00f6nleges felt\u00e9telek vonatkoznak, amelyek elt\u00e9rnek az 1\u20134. pontokban foglaltakt\u00f3l, azt az adott helyen kifejezetten jelzik. Ilyen esetben a k\u00fcl\u00f6nleges felt\u00e9telek az adott esetre \u00e9rv\u00e9nyesek.<\/p>\n<\/div>\t\t\t\t\t\t\t\t<\/div>\n\t\t\t\t<\/div>\n\t\t\t\t\t<\/div>\n\t\t<\/div>\n\t\t\t\t\t<\/div>\n\t\t<\/section>\n\t\t\t\t<\/div>\n\t\t","protected":false},"excerpt":{"rendered":"<p>impresszum impresszum impresszum Impresszum Inform\u00e1ci\u00f3k a \u00a7 5 TMG szerint bredent GmbH &amp; Co. KG Wei\u00dfenhorner Stra\u00dfe 2 89250 Senden Telefon: +49 7309 \/ 872-0 Fax: +49 7309 \/ 872-24 E-mail: info@bredent.com&nbsp; Hivatalos \u00fcgyvezet\u0151k: Peter Brehm, Brigitte Brehm, Nils Brehm, Olaf Gl\u00fcck, Gerald Micko Szem\u00e9lyesen felel\u0151s t\u00e1rsas\u00e1gi tag (komplementer): bredent Beteiligungs- und Verwaltungs-GmbH Peter Brehm, [&hellip;]<\/p>\n","protected":false},"author":1,"featured_media":0,"parent":0,"menu_order":11,"comment_status":"closed","ping_status":"closed","template":"elementor_header_footer","meta":{"footnotes":""},"class_list":["post-1527","page","type-page","status-publish","hentry"],"_links":{"self":[{"href":"https:\/\/ifu.bredent-group.com\/hu\/wp-json\/wp\/v2\/pages\/1527","targetHints":{"allow":["GET"]}}],"collection":[{"href":"https:\/\/ifu.bredent-group.com\/hu\/wp-json\/wp\/v2\/pages"}],"about":[{"href":"https:\/\/ifu.bredent-group.com\/hu\/wp-json\/wp\/v2\/types\/page"}],"author":[{"embeddable":true,"href":"https:\/\/ifu.bredent-group.com\/hu\/wp-json\/wp\/v2\/users\/1"}],"replies":[{"embeddable":true,"href":"https:\/\/ifu.bredent-group.com\/hu\/wp-json\/wp\/v2\/comments?post=1527"}],"version-history":[{"count":8,"href":"https:\/\/ifu.bredent-group.com\/hu\/wp-json\/wp\/v2\/pages\/1527\/revisions"}],"predecessor-version":[{"id":1535,"href":"https:\/\/ifu.bredent-group.com\/hu\/wp-json\/wp\/v2\/pages\/1527\/revisions\/1535"}],"wp:attachment":[{"href":"https:\/\/ifu.bredent-group.com\/hu\/wp-json\/wp\/v2\/media?parent=1527"}],"curies":[{"name":"wp","href":"https:\/\/api.w.org\/{rel}","templated":true}]}}