{"id":1552,"date":"2021-02-23T14:31:56","date_gmt":"2021-02-23T13:31:56","guid":{"rendered":"https:\/\/ifu.bredent-group.com\/?page_id=1552"},"modified":"2025-11-10T12:49:16","modified_gmt":"2025-11-10T11:49:16","slug":"ispaudas","status":"publish","type":"page","link":"https:\/\/ifu.bredent-group.com\/lt\/ispaudas\/","title":{"rendered":"\u012fspaudas"},"content":{"rendered":"\t\t<div data-elementor-type=\"wp-page\" data-elementor-id=\"1552\" class=\"elementor elementor-1552 elementor-131\" data-elementor-post-type=\"page\">\n\t\t\t\t\t\t<section class=\"elementor-section elementor-top-section elementor-element elementor-element-5bec691 elementor-section-boxed elementor-section-height-default elementor-section-height-default\" data-id=\"5bec691\" data-element_type=\"section\" data-e-type=\"section\">\n\t\t\t\t\t\t<div class=\"elementor-container elementor-column-gap-default\">\n\t\t\t\t\t<div class=\"elementor-column elementor-col-100 elementor-top-column elementor-element elementor-element-52b225c\" data-id=\"52b225c\" data-element_type=\"column\" data-e-type=\"column\">\n\t\t\t<div class=\"elementor-widget-wrap elementor-element-populated\">\n\t\t\t\t\t\t<div class=\"elementor-element elementor-element-b3792d7 elementor-widget elementor-widget-text-editor\" data-id=\"b3792d7\" data-element_type=\"widget\" data-e-type=\"widget\" data-widget_type=\"text-editor.default\">\n\t\t\t\t<div class=\"elementor-widget-container\">\n\t\t\t\t\t\t\t\t\t<h2>\u012espaudas<\/h2>\n<div>\n<h3>Informacija pagal \u00a7 5 TMG<\/h3>\n<p>bredent GmbH &amp; Co. KG<br>Wei\u00dfenhorner Stra\u00dfe 2<br>89250 Senden<br>Telefonas: +49 7309 \/ 872-0<br>Faksas: +49 7309 \/ 872-24<br>El. pa\u0161tas: <span style=\"color: #0000ff;\"><a style=\"color: #0000ff;\" href=\"mailto:info@bredent.com\">info@bredent.com<\/a><\/span><\/p>\n<p>\u012egalioti generaliniai direktoriai:<br>Peter Brehm, Brigitte Brehm, Nils Brehm, Olaf Gl\u00fcck, Gerald Micko<\/p>\n<p>Asmeni\u0161kai atsakingas partneris (komplementaras): bredent Beteiligungs- und Verwaltungs-GmbH<br>Peter Brehm, Brigitte Brehm, Nils Brehm, Olaf Gl\u00fcck, Gerald Micko<\/p>\n<p>Registracijos teismas: Amtsgericht Memmingen<br>Registracijos numeris: HRB 12912<br>bredent Beteiligungs- und Verwaltungs-GmbH buvein\u0117: 89250 Senden<\/p>\n<p><strong>PVM identifikacijos numeris pagal \u00a7 27 a PVM \u012fstatym\u0105<\/strong><br>DE 251580726<br>WEEE registracijos Nr.: DE 22730329<\/p>\n<p><strong>Atsakingas u\u017e turin\u012f pagal \u00a7 55 (2) RStV<\/strong><br>Milko Wrona (adresas kaip nurodyta auk\u0161\u010diau)<\/p>\n<p><strong>Interneto gin\u010d\u0173 sprendimas vartotojams, dalyvavimas gin\u010d\u0173 sprendimo proced\u016brose<\/strong><br>(1) bredent GmbH &amp; Co. KG i\u0161 esm\u0117s n\u0117ra pasiruo\u0161usi ir neprivalo dalyvauti gin\u010d\u0173 sprendimo proced\u016brose vartotoj\u0173 arbitra\u017eo institucijose.<br>(2) ES Komisijos platforma internetiniam gin\u010d\u0173 sprendimui:<br><span style=\"color: #0000ff;\"><a style=\"color: #0000ff;\" href=\"https:\/\/www.ec.europa.eu\/consumers\/odr\" target=\"_blank\" rel=\"noopener\">https:\/\/www.ec.europa.eu\/consumers\/odr<\/a><\/span><\/p>\n<p><strong>Programavimas ir serverio veikla \/ talpinimas<\/strong><br><a href=\"http:\/\/www.imos.net\/\" target=\"_blank\" rel=\"noopener\"><span style=\"color: #0000ff;\">G\u00f6ppingen vieta<\/span><br><span style=\"color: #0000ff;\">imos Gesellschaft f\u00fcr<\/span><br><span style=\"color: #0000ff;\">Internet Marketing ir<\/span><br><span style=\"color: #0000ff;\">Online Services mbH<\/span><\/a><br>Alfons-Feifel-Str. 9<br>73037 G\u00f6ppingen<br>Telefonas: +49 7161 93339-0<br>Faksas: +49 7161 93339-99<br>El. pa\u0161tas: <span style=\"color: #0000ff;\"><a style=\"color: #0000ff;\" href=\"mailto:info@imos.net\">info@imos.net<\/a><\/span><br>Interneto svetain\u0117: <span style=\"color: #0000ff;\"><a style=\"color: #0000ff;\" href=\"http:\/\/www.imos.net\/\" target=\"_blank\" rel=\"noopener\">www.imos.net<\/a><\/span><\/p>\n<p><strong>Pastaba:<\/strong><br>Ne visi produktai yra patvirtinti ir prieinami visuose rinkose.<br>Kilus klausim\u0173, kreipkit\u0117s \u012f bredent GmbH &amp; Co. KG arba savo platintoj\u0105.<\/p>\n<p><strong>Atsakomyb\u0117s apribojimas (DISCLAIMER)<\/strong><\/p>\n<p style=\"padding-left: 40px;\"><em><strong>1. Atsakomyb\u0117s apribojimas<\/strong><\/em><br>\u0160io tinklalapio turinys parengtas su did\u017eiausiu kruop\u0161tumu. Ta\u010diau teik\u0117jas neatsako u\u017e pateiktos informacijos tikslum\u0105, i\u0161samum\u0105 ar atnaujintum\u0105. Tinklalapio turinio naudojimas vyksta vartotojo pa\u010di\u0173 rizika. Vardiniuose straipsniuose pateikiama autoriaus nuomon\u0117, kuri neb\u016btinai atspindi teik\u0117jo nuomon\u0119. Paprastas tinklalapio naudojimas nesudaro joki\u0173 sutar\u010di\u0173 tarp vartotojo ir teik\u0117jo.<\/p>\n<p style=\"padding-left: 40px;\"><em><strong>2. I\u0161orin\u0117s nuorodos<\/strong><\/em><br>\u0160i svetain\u0117 turi nuorod\u0173 \u012f tre\u010di\u0173j\u0173 \u0161ali\u0173 svetaines (\u201ei\u0161orin\u0117s nuorodos\u201c). \u0160ios svetain\u0117s yra atsakingos atitinkam\u0173 operatori\u0173. Teik\u0117jas pirm\u0105 kart\u0105 \u012fd\u0117damas i\u0161orines nuorodas patikrino jas d\u0117l galim\u0173 teis\u0117s pa\u017eeidim\u0173. Tuo metu pa\u017eeidim\u0173 nebuvo nustatyta. Teik\u0117jas neturi jokios \u012ftakos susiet\u0173 svetaini\u0173 esamam ar b\u016bsimam turiniui ir i\u0161d\u0117stymui. I\u0161orin\u0117s nuorodos nerei\u0161kia, kad teik\u0117jas pripa\u017e\u012fsta susiet\u0173 svetaini\u0173 turin\u012f. Nuolatin\u0117 i\u0161orini\u0173 nuorod\u0173 kontrol\u0117 be konkre\u010di\u0173 pa\u017eeidim\u0173 \u017eenkl\u0173 n\u0117ra reikalaujama. Su\u017einojus apie pa\u017eeidimus, tokios nuorodos nedelsiant pa\u0161alinamos.<\/p>\n<p style=\"padding-left: 40px;\"><em><strong>3. Autoryst\u0117s teis\u0117s ir gretutin\u0117s teis\u0117s<\/strong><\/em><br>\u0160ioje svetain\u0117je paskelbta med\u017eiaga yra apsaugota pagal Vokietijos autori\u0173 teisi\u0173 ir gretutini\u0173 teisi\u0173 \u012fstatymus. Bet koks naudojimas, kuris n\u0117ra leid\u017eiamas pagal Vokietijos \u012fstatymus, reikalauja teik\u0117jo ar teis\u0117s tur\u0117tojo i\u0161ankstinio ra\u0161ytinio sutikimo. Tai ypa\u010d taikoma turinio kopijavimui, apdorojimui, vertimui, saugojimui, tvarkymui ar atvaizdavimui duomen\u0173 baz\u0117se ar kitose elektronin\u0117se sistemose. Tre\u010di\u0173j\u0173 \u0161ali\u0173 turinys ir teis\u0117s pa\u017eym\u0117tos. Neleistinas turinio ar visos svetain\u0117s kopijavimas ar platinimas draud\u017eiamas ir baud\u017eiamas. Leid\u017eiama tik asmeniniam, privatiems ir nekomerciniams tikslams kurti kopijas ir atsisiuntimus. Svetain\u0117s rodymas i\u0161oriniuose r\u0117muose (frames) leid\u017eiamas tik su ra\u0161ytiniu leidimu.<\/p>\n<p style=\"padding-left: 40px;\"><strong><em>4. Duomen\u0173 apsauga<\/em><\/strong><\/p>\n<p style=\"padding-left: 40px;\"><span style=\"color: #0000ff;\"><strong><a style=\"color: #0000ff;\" href=\"https:\/\/neu.bredentgroup.com\/de\/datenschutzerklaerung\/\"><em>Privatumo politika<\/em><\/a><\/strong><\/span><\/p>\n<p style=\"padding-left: 40px;\">Impressumo kontaktini\u0173 duomen\u0173 naudojimas komerciniais tikslais yra grie\u017etai draud\u017eiamas, nebent teik\u0117jas i\u0161 anksto ra\u0161tu sutiko arba jau yra verslo santykiai. Teik\u0117jas ir visos \u0161ioje svetain\u0117je pamin\u0117tos asmenys grie\u017etai prie\u0161tarauja j\u0173 duomen\u0173 komerciniam naudojimui ar perdavimui.<\/p>\n<p style=\"padding-left: 40px;\"><strong><em>5. Specialios naudojimo s\u0105lygos<\/em><\/strong><br>Jeigu \u0161ios svetain\u0117s tam tikram naudojimui taikomos specialios s\u0105lygos, kurios skiriasi nuo auk\u0161\u010diau nurodyt\u0173 punkt\u0173 1\u20134, tai bus ai\u0161kiai nurodyta atitinkamoje vietoje. Tokiu atveju specialios s\u0105lygos galioja konkre\u010diu atveju.<\/p>\n<\/div>\t\t\t\t\t\t\t\t<\/div>\n\t\t\t\t<\/div>\n\t\t\t\t\t<\/div>\n\t\t<\/div>\n\t\t\t\t\t<\/div>\n\t\t<\/section>\n\t\t\t\t<\/div>\n\t\t","protected":false},"excerpt":{"rendered":"<p>\u012espaudas Informacija pagal \u00a7 5 TMG bredent GmbH &amp; Co. KGWei\u00dfenhorner Stra\u00dfe 289250 SendenTelefonas: +49 7309 \/ 872-0Faksas: +49 7309 \/ 872-24El. pa\u0161tas: info@bredent.com \u012egalioti generaliniai direktoriai:Peter Brehm, Brigitte Brehm, Nils Brehm, Olaf Gl\u00fcck, Gerald Micko Asmeni\u0161kai atsakingas partneris (komplementaras): bredent Beteiligungs- und Verwaltungs-GmbHPeter Brehm, Brigitte Brehm, Nils Brehm, Olaf Gl\u00fcck, Gerald Micko Registracijos teismas: [&hellip;]<\/p>\n","protected":false},"author":1,"featured_media":0,"parent":0,"menu_order":11,"comment_status":"closed","ping_status":"closed","template":"elementor_header_footer","meta":{"footnotes":""},"class_list":["post-1552","page","type-page","status-publish","hentry"],"_links":{"self":[{"href":"https:\/\/ifu.bredent-group.com\/lt\/wp-json\/wp\/v2\/pages\/1552","targetHints":{"allow":["GET"]}}],"collection":[{"href":"https:\/\/ifu.bredent-group.com\/lt\/wp-json\/wp\/v2\/pages"}],"about":[{"href":"https:\/\/ifu.bredent-group.com\/lt\/wp-json\/wp\/v2\/types\/page"}],"author":[{"embeddable":true,"href":"https:\/\/ifu.bredent-group.com\/lt\/wp-json\/wp\/v2\/users\/1"}],"replies":[{"embeddable":true,"href":"https:\/\/ifu.bredent-group.com\/lt\/wp-json\/wp\/v2\/comments?post=1552"}],"version-history":[{"count":4,"href":"https:\/\/ifu.bredent-group.com\/lt\/wp-json\/wp\/v2\/pages\/1552\/revisions"}],"predecessor-version":[{"id":1556,"href":"https:\/\/ifu.bredent-group.com\/lt\/wp-json\/wp\/v2\/pages\/1552\/revisions\/1556"}],"wp:attachment":[{"href":"https:\/\/ifu.bredent-group.com\/lt\/wp-json\/wp\/v2\/media?parent=1552"}],"curies":[{"name":"wp","href":"https:\/\/api.w.org\/{rel}","templated":true}]}}