{"id":1557,"date":"2021-02-23T14:31:56","date_gmt":"2021-02-23T13:31:56","guid":{"rendered":"https:\/\/ifu.bredent-group.com\/?page_id=1557"},"modified":"2025-11-10T12:51:41","modified_gmt":"2025-11-10T11:51:41","slug":"nospiedums","status":"publish","type":"page","link":"https:\/\/ifu.bredent-group.com\/lv\/nospiedums\/","title":{"rendered":"Nospiedums"},"content":{"rendered":"\t\t<div data-elementor-type=\"wp-page\" data-elementor-id=\"1557\" class=\"elementor elementor-1557 elementor-131\" data-elementor-post-type=\"page\">\n\t\t\t\t\t\t<section class=\"elementor-section elementor-top-section elementor-element elementor-element-5bec691 elementor-section-boxed elementor-section-height-default elementor-section-height-default\" data-id=\"5bec691\" data-element_type=\"section\" data-e-type=\"section\">\n\t\t\t\t\t\t<div class=\"elementor-container elementor-column-gap-default\">\n\t\t\t\t\t<div class=\"elementor-column elementor-col-100 elementor-top-column elementor-element elementor-element-52b225c\" data-id=\"52b225c\" data-element_type=\"column\" data-e-type=\"column\">\n\t\t\t<div class=\"elementor-widget-wrap elementor-element-populated\">\n\t\t\t\t\t\t<div class=\"elementor-element elementor-element-b3792d7 elementor-widget elementor-widget-text-editor\" data-id=\"b3792d7\" data-element_type=\"widget\" data-e-type=\"widget\" data-widget_type=\"text-editor.default\">\n\t\t\t\t<div class=\"elementor-widget-container\">\n\t\t\t\t\t\t\t\t\t<h2>Nospiedums<\/h2>\n<div>\n<h3>Inform\u0101cija saska\u0146\u0101 ar \u00a7 5 TMG<\/h3>\n<p>bredent GmbH &amp; Co. KG<br>\nWei\u00dfenhorner Stra\u00dfe 2<br>\n89250 Senden<br>\nT\u0101lrunis: +49 7309 \/ 872-0<br>\nFakss: +49 7309 \/ 872-24<br>\nE-pasts: <span style=\"color: #0000ff;\"><a style=\"color: #0000ff;\" href=\"mailto:info@bredent.com\">info@bredent.com<\/a><\/span><\/p>\n<p>Pilnvarotie izpilddirektori:<br>\nPeter Brehm, Brigitte Brehm, Nils Brehm, Olaf Gl\u00fcck, Gerald Micko<\/p>\n<p>Person\u012bgi atbild\u012bgais sabiedr\u012bbas biedrs (komplement\u0101rs): bredent Beteiligungs- und Verwaltungs-GmbH<br>\nPeter Brehm, Brigitte Brehm, Nils Brehm, Olaf Gl\u00fcck, Gerald Micko<\/p>\n<p>Re\u0123istr\u0101cijas tiesa: Amtsgericht Memmingen<br>\nRe\u0123istr\u0101cijas numurs: HRB 12912<br>\nbredent Beteiligungs- und Verwaltungs-GmbH juridisk\u0101 adrese: 89250 Senden<\/p>\n<p><strong>PVN identifik\u0101cijas numurs saska\u0146\u0101 ar \u00a7 27 a PVN likumu<\/strong><br>\nDE 251580726<br>\nWEEE re\u0123istr\u0101cijas numurs: DE 22730329<\/p>\n<p><strong>Satura atbild\u012bg\u0101 persona saska\u0146\u0101 ar \u00a7 55 (2) RStV<\/strong><br>\nMilko Wrona (adrese k\u0101 nor\u0101d\u012bts augst\u0101k)<\/p>\n<p><strong>Pat\u0113r\u0113t\u0101ju tie\u0161saistes str\u012bdu risin\u0101\u0161ana, dal\u012bba str\u012bdu risin\u0101\u0161anas proced\u016br\u0101s<\/strong><br>\n(1) bredent GmbH &amp; Co. KG parasti nav gatava un nav pien\u0101kuma piedal\u012bties str\u012bdu risin\u0101\u0161anas proced\u016br\u0101s pat\u0113r\u0113t\u0101ju izl\u012bguma iest\u0101d\u0113s.<br>\n(2) ES Komisijas platforma tie\u0161saistes str\u012bdu risin\u0101\u0161anai:<br>\n<span style=\"color: #0000ff;\"><a style=\"color: #0000ff;\" href=\"https:\/\/www.ec.europa.eu\/consumers\/odr\" target=\"_blank\" rel=\"noopener\">https:\/\/www.ec.europa.eu\/consumers\/odr<\/a><\/span><\/p>\n<p><strong>Programmat\u016bra un servera darb\u012bba \/ Hostings<\/strong><br>\n<a href=\"http:\/\/www.imos.net\/\" target=\"_blank\" rel=\"noopener\"><span style=\"color: #0000ff;\">G\u00f6ppingen fili\u0101le<\/span><br>\n<span style=\"color: #0000ff;\">imos Gesellschaft f\u00fcr<\/span><br>\n<span style=\"color: #0000ff;\">Interneta m\u0101rketings un<\/span><br>\n<span style=\"color: #0000ff;\">Tie\u0161saistes pakalpojumi mbH<\/span><\/a><br>\nAlfons-Feifel-Str. 9<br>\n73037 G\u00f6ppingen<br>\nT\u0101lrunis: +49 7161 93339-0<br>\nFakss: +49 7161 93339-99<br>\nE-pasts: <span style=\"color: #0000ff;\"><a style=\"color: #0000ff;\" href=\"mailto:info@imos.net\">info@imos.net<\/a><\/span><br>\nT\u012bmek\u013ca vietne: <span style=\"color: #0000ff;\"><a style=\"color: #0000ff;\" href=\"http:\/\/www.imos.net\/\" target=\"_blank\" rel=\"noopener\">www.imos.net<\/a><\/span><\/p>\n<p><strong>Piez\u012bme:<\/strong><br>Ne visi produkti ir apstiprin\u0101ti vai pieejami visos tirgos.<br>\nJaut\u0101jumu gad\u012bjum\u0101 sazinieties ar bredent GmbH &amp; Co. KG vai ar savu izplat\u012bt\u0101ju.<\/p>\n<p><strong>ATRUNA (DISCLAIMER)<\/strong><\/p>\n<p style=\"padding-left: 40px;\"><em><strong>1. Atbild\u012bbas ierobe\u017eojums<\/strong><\/em><br>\n\u0160\u012bs vietnes saturs tiek izveidots ar maksim\u0101lu r\u016bp\u012bbu. Tom\u0113r pakalpojuma sniedz\u0113js negarant\u0113 sniegt\u0101s inform\u0101cijas precizit\u0101ti, piln\u012bgumu vai aktu\u0101lumu. Vietnes satura izmanto\u0161ana notiek lietot\u0101ja pa\u0161a atbild\u012bb\u0101. Vardiniu raksti atspogu\u013co attiec\u012bg\u0101 autora viedokli un ne vienm\u0113r pakalpojuma sniedz\u0113ja viedokli. Vienk\u0101r\u0161a vietnes izmanto\u0161ana neveido l\u012bguma attiec\u012bbas starp lietot\u0101ju un pakalpojuma sniedz\u0113ju.<\/p>\n<p style=\"padding-left: 40px;\"><em><strong>2. \u0100r\u0113j\u0101s saites<\/strong><\/em><br>\n\u0160\u012b vietne satur saites uz tre\u0161o pu\u0161u vietn\u0113m (&#8220;\u0101r\u0113j\u0101s saites&#8221;). \u0160\u012bs vietnes ir attiec\u012bgo operatoru atbild\u012bb\u0101. Pakalpojuma sniedz\u0113js pirmo reizi p\u0101rbaud\u012bja \u0101r\u0113j\u0101s saites, lai noteiktu iesp\u0113jamus likuma p\u0101rk\u0101pumus. Taj\u0101 laik\u0101 p\u0101rk\u0101pumi nebija redzami. Pakalpojuma sniedz\u0113js nevar ietekm\u0113t saist\u012bto viet\u0146u pa\u0161reiz\u0113jo vai n\u0101kotnes saturu. \u0100r\u0113jo sai\u0161u izmanto\u0161ana nenoz\u012bm\u0113, ka pakalpojuma sniedz\u0113js apstiprina \u0161o saturu. Past\u0101v\u012bga sai\u0161u kontrole bez konkr\u0113t\u0101m nor\u0101d\u0113m uz p\u0101rk\u0101pumiem nav pras\u0101ma. Ja tiek konstat\u0113ts p\u0101rk\u0101pums, saites nekav\u0113joties tiek dz\u0113stas.<\/p>\n<p style=\"padding-left: 40px;\"><em><strong>3. Autorties\u012bbas un blakusties\u012bbas<\/strong><\/em><br>\n\u0160aj\u0101 vietn\u0113 public\u0113tais saturs ir aizsarg\u0101ts saska\u0146\u0101 ar V\u0101cijas autorties\u012bbu un blakusties\u012bbu likumiem. Jebkura izmanto\u0161ana, ko likums ne\u013cauj, prasa iepriek\u0161\u0113ju rakstisku pakalpojuma sniedz\u0113ja vai ties\u012bbu tur\u0113t\u0101ja piekri\u0161anu. Tas \u012bpa\u0161i attiecas uz kop\u0113\u0161anu, apstr\u0101di, tulko\u0161anu, glab\u0101\u0161anu, apstr\u0101di vai att\u0113lo\u0161anu datub\u0101z\u0113s vai cit\u0101s elektronisk\u0101s sist\u0113m\u0101s. Tre\u0161o pu\u0161u saturs un ties\u012bbas ir atz\u012bm\u0113tas. Neat\u013cauta satura vai lapu kop\u0113\u0161ana vai izplat\u012b\u0161ana nav at\u013cauta un ir sod\u0101ma. At\u013cauts tikai personiskai, priv\u0101tai un nekomerci\u0101lai lieto\u0161anai. \u0160\u012bs vietnes att\u0113lo\u0161ana \u0101r\u0113jos r\u0101mjos (frames) ir at\u013cauta tikai ar rakstisku at\u013cauju.<\/p>\n<p style=\"padding-left: 40px;\"><strong><em>4. Datu aizsardz\u012bba<\/em><\/strong><\/p>\n<p style=\"padding-left: 40px;\"><span style=\"color: #0000ff;\"><strong><a style=\"color: #0000ff;\" href=\"https:\/\/neu.bredentgroup.com\/de\/datenschutzerklaerung\/\"><em>Priv\u0101tuma politika<\/em><\/a><\/strong><\/span><\/p>\n<p style=\"padding-left: 40px;\">Impressuma kontaktinform\u0101cijas izmanto\u0161ana komerci\u0101liem m\u0113r\u0137iem ir stingri aizliegta, iz\u0146emot gad\u012bjumus, kad pakalpojuma sniedz\u0113js iepriek\u0161 rakstiski piekritis vai past\u0101v eso\u0161a biznesa attiec\u012bba. Pakalpojuma sniedz\u0113js un visi \u0161aj\u0101 vietn\u0113 min\u0113tie cilv\u0113ki iebilst pret vi\u0146u datu komerci\u0101lu izmanto\u0161anu un nodo\u0161anu.<\/p>\n<p style=\"padding-left: 40px;\"><strong><em>5. \u012apa\u0161ie lieto\u0161anas noteikumi<\/em><\/strong><br>\nJa \u0161ai vietnei ir noteikti \u012bpa\u0161i lieto\u0161anas noteikumi, kas at\u0161\u0137iras no punktiem 1\u20134, tas tiks skaidri nor\u0101d\u012bts attiec\u012bgaj\u0101 viet\u0101. \u0160\u0101dos gad\u012bjumos \u012bpa\u0161ie noteikumi attiecas uz konkr\u0113to lietojumu.<\/p>\n<\/div>\t\t\t\t\t\t\t\t<\/div>\n\t\t\t\t<\/div>\n\t\t\t\t\t<\/div>\n\t\t<\/div>\n\t\t\t\t\t<\/div>\n\t\t<\/section>\n\t\t\t\t<\/div>\n\t\t","protected":false},"excerpt":{"rendered":"<p>Nospiedums Inform\u0101cija saska\u0146\u0101 ar \u00a7 5 TMG bredent GmbH &amp; Co. KG Wei\u00dfenhorner Stra\u00dfe 2 89250 Senden T\u0101lrunis: +49 7309 \/ 872-0 Fakss: +49 7309 \/ 872-24 E-pasts: info@bredent.com Pilnvarotie izpilddirektori: Peter Brehm, Brigitte Brehm, Nils Brehm, Olaf Gl\u00fcck, Gerald Micko Person\u012bgi atbild\u012bgais sabiedr\u012bbas biedrs (komplement\u0101rs): bredent Beteiligungs- und Verwaltungs-GmbH Peter Brehm, Brigitte Brehm, Nils [&hellip;]<\/p>\n","protected":false},"author":1,"featured_media":0,"parent":0,"menu_order":11,"comment_status":"closed","ping_status":"closed","template":"elementor_header_footer","meta":{"footnotes":""},"class_list":["post-1557","page","type-page","status-publish","hentry"],"_links":{"self":[{"href":"https:\/\/ifu.bredent-group.com\/lv\/wp-json\/wp\/v2\/pages\/1557","targetHints":{"allow":["GET"]}}],"collection":[{"href":"https:\/\/ifu.bredent-group.com\/lv\/wp-json\/wp\/v2\/pages"}],"about":[{"href":"https:\/\/ifu.bredent-group.com\/lv\/wp-json\/wp\/v2\/types\/page"}],"author":[{"embeddable":true,"href":"https:\/\/ifu.bredent-group.com\/lv\/wp-json\/wp\/v2\/users\/1"}],"replies":[{"embeddable":true,"href":"https:\/\/ifu.bredent-group.com\/lv\/wp-json\/wp\/v2\/comments?post=1557"}],"version-history":[{"count":4,"href":"https:\/\/ifu.bredent-group.com\/lv\/wp-json\/wp\/v2\/pages\/1557\/revisions"}],"predecessor-version":[{"id":1561,"href":"https:\/\/ifu.bredent-group.com\/lv\/wp-json\/wp\/v2\/pages\/1557\/revisions\/1561"}],"wp:attachment":[{"href":"https:\/\/ifu.bredent-group.com\/lv\/wp-json\/wp\/v2\/media?parent=1557"}],"curies":[{"name":"wp","href":"https:\/\/api.w.org\/{rel}","templated":true}]}}