{"id":1562,"date":"2021-02-23T14:31:56","date_gmt":"2021-02-23T13:31:56","guid":{"rendered":"https:\/\/ifu.bredent-group.com\/?page_id=1562"},"modified":"2025-11-10T12:54:14","modified_gmt":"2025-11-10T11:54:14","slug":"odcisk","status":"publish","type":"page","link":"https:\/\/ifu.bredent-group.com\/pl\/odcisk\/","title":{"rendered":"Odcisk"},"content":{"rendered":"\t\t<div data-elementor-type=\"wp-page\" data-elementor-id=\"1562\" class=\"elementor elementor-1562 elementor-131\" data-elementor-post-type=\"page\">\n\t\t\t\t\t\t<section class=\"elementor-section elementor-top-section elementor-element elementor-element-5bec691 elementor-section-boxed elementor-section-height-default elementor-section-height-default\" data-id=\"5bec691\" data-element_type=\"section\" data-e-type=\"section\">\n\t\t\t\t\t\t<div class=\"elementor-container elementor-column-gap-default\">\n\t\t\t\t\t<div class=\"elementor-column elementor-col-100 elementor-top-column elementor-element elementor-element-52b225c\" data-id=\"52b225c\" data-element_type=\"column\" data-e-type=\"column\">\n\t\t\t<div class=\"elementor-widget-wrap elementor-element-populated\">\n\t\t\t\t\t\t<div class=\"elementor-element elementor-element-b3792d7 elementor-widget elementor-widget-text-editor\" data-id=\"b3792d7\" data-element_type=\"widget\" data-e-type=\"widget\" data-widget_type=\"text-editor.default\">\n\t\t\t\t<div class=\"elementor-widget-container\">\n\t\t\t\t\t\t\t\t\t<h2>Odcisk<\/h2>\n<div>\n<h3>Informacje zgodnie z \u00a7 5 TMG<\/h3>\n<p>bredent GmbH &amp; Co. KG<br>Wei\u00dfenhorner Stra\u00dfe 2<br>89250 Senden<br>Telefon: +49 7309 \/ 872-0<br>Faks: +49 7309 \/ 872-24<br>E-mail: <span style=\"color: #0000ff;\"><a style=\"color: #0000ff;\" href=\"mailto:info@bredent.com\">info@bredent.com<\/a><\/span><\/p>\n<p>Upowa\u017cnieni dyrektorzy:<br>Peter Brehm, Brigitte Brehm, Nils Brehm, Olaf Gl\u00fcck, Gerald Micko<\/p>\n<p>Osobi\u015bcie odpowiedzialny wsp\u00f3lnik (komplementariusz): bredent Beteiligungs- und Verwaltungs-GmbH<br>Peter Brehm, Brigitte Brehm, Nils Brehm, Olaf Gl\u00fcck, Gerald Micko<\/p>\n<p>S\u0105d rejestrowy: Amtsgericht Memmingen<br>Numer rejestracyjny: HRB 12912<br>Siedziba bredent Beteiligungs- und Verwaltungs-GmbH: 89250 Senden<\/p>\n<p><strong>Numer identyfikacji VAT zgodnie z \u00a7 27 a ustawy o VAT<\/strong><br>DE 251580726<br>Numer rejestracyjny WEEE: DE 22730329<\/p>\n<p><strong>Osoba odpowiedzialna za tre\u015b\u0107 zgodnie z \u00a7 55 ust. 2 RStV<\/strong><br>Milko Wrona (adres jak powy\u017cej)<\/p>\n<p><strong>Rozstrzyganie spor\u00f3w online dla konsument\u00f3w, udzia\u0142 w procedurach rozstrzygania spor\u00f3w<\/strong><br>(1) bredent GmbH &amp; Co. KG zasadniczo nie jest gotowa ani zobowi\u0105zana do udzia\u0142u w procedurach rozstrzygania spor\u00f3w przed organami ds. polubownego rozwi\u0105zywania spor\u00f3w konsumenckich.<br>(2) Platforma Komisji Europejskiej do rozstrzygania spor\u00f3w online:<br><span style=\"color: #0000ff;\"><a style=\"color: #0000ff;\" href=\"https:\/\/www.ec.europa.eu\/consumers\/odr\" target=\"_blank\" rel=\"noopener\">https:\/\/www.ec.europa.eu\/consumers\/odr<\/a><\/span><\/p>\n<p><strong>Programowanie i obs\u0142uga serwera \/ Hosting<\/strong><br><a href=\"http:\/\/www.imos.net\/\" target=\"_blank\" rel=\"noopener\"><span style=\"color: #0000ff;\">Oddzia\u0142 G\u00f6ppingen<\/span><br><span style=\"color: #0000ff;\">imos Gesellschaft f\u00fcr<\/span><br><span style=\"color: #0000ff;\">Marketing internetowy i<\/span><br><span style=\"color: #0000ff;\">Us\u0142ugi Online mbH<\/span><\/a><br>Alfons-Feifel-Str. 9<br>73037 G\u00f6ppingen<br>Telefon: +49 7161 93339-0<br>Faks: +49 7161 93339-99<br>E-mail: <span style=\"color: #0000ff;\"><a style=\"color: #0000ff;\" href=\"mailto:info@imos.net\">info@imos.net<\/a><\/span><br>Strona internetowa: <span style=\"color: #0000ff;\"><a style=\"color: #0000ff;\" href=\"http:\/\/www.imos.net\/\" target=\"_blank\" rel=\"noopener\">www.imos.net<\/a><\/span><\/p>\n<p><strong>Uwaga:<\/strong><br>Nie wszystkie produkty s\u0105 dopuszczone lub dost\u0119pne na wszystkich rynkach.<br>W przypadku pyta\u0144 prosimy o kontakt z firm\u0105 bredent GmbH &amp; Co. KG lub swoim dystrybutorem.<\/p>\n<p><strong>ZASTRZE\u017bENIE (DISCLAIMER)<\/strong><\/p>\n<p style=\"padding-left: 40px;\"><em><strong>1. Ograniczenie odpowiedzialno\u015bci<\/strong><\/em><br>Tre\u015bci tej strony internetowej zosta\u0142y opracowane z najwy\u017csz\u0105 staranno\u015bci\u0105. Jednak\u017ce dostawca nie gwarantuje ich dok\u0142adno\u015bci, kompletno\u015bci ani aktualno\u015bci. Korzystanie z tre\u015bci strony odbywa si\u0119 na w\u0142asne ryzyko u\u017cytkownika. Artyku\u0142y podpisane wskazuj\u0105 opini\u0119 autora, a nie zawsze opini\u0119 dostawcy. Samo korzystanie ze strony nie tworzy \u017cadnego stosunku umownego mi\u0119dzy u\u017cytkownikiem a dostawc\u0105.<\/p>\n<p style=\"padding-left: 40px;\"><em><strong>2. Linki zewn\u0119trzne<\/strong><\/em><br>Ta strona zawiera linki do stron trzecich (\u201elinki zewn\u0119trzne\u201d). Strony te podlegaj\u0105 odpowiedzialno\u015bci ich operator\u00f3w. Dostawca przy pierwszym dodaniu link\u00f3w sprawdzi\u0142 je pod k\u0105tem ewentualnych narusze\u0144 prawa. W tym czasie nie stwierdzono narusze\u0144. Dostawca nie ma wp\u0142ywu na obecny ani przysz\u0142y uk\u0142ad i tre\u015b\u0107 powi\u0105zanych stron. Umieszczanie link\u00f3w zewn\u0119trznych nie oznacza, \u017ce dostawca akceptuje zawarto\u015b\u0107 powi\u0105zanych stron. Ci\u0105g\u0142a kontrola link\u00f3w zewn\u0119trznych bez konkretnych wskaza\u0144 narusze\u0144 nie jest wymagana. Po wykryciu narusze\u0144 linki te s\u0105 niezw\u0142ocznie usuwane.<\/p>\n<p style=\"padding-left: 40px;\"><em><strong>3. Prawa autorskie i prawa pokrewne<\/strong><\/em><br>Tre\u015bci publikowane na tej stronie s\u0105 chronione niemieckim prawem autorskim i prawami pokrewnymi. Ka\u017cde wykorzystanie niezgodne z prawem wymaga uprzedniej pisemnej zgody dostawcy lub w\u0142a\u015bciciela praw. Dotyczy to w szczeg\u00f3lno\u015bci kopiowania, przetwarzania, t\u0142umaczenia, zapisywania, przetwarzania lub odtwarzania tre\u015bci w bazach danych lub innych systemach elektronicznych. Tre\u015bci i prawa os\u00f3b trzecich s\u0105 oznaczone jako takie. Nieautoryzowane kopiowanie lub dystrybucja tre\u015bci pojedynczych lub ca\u0142ych stron jest zabronione i karalne. Dozwolone jest jedynie tworzenie kopii i pobieranie do u\u017cytku osobistego, prywatnego i niekomercyjnego. Wy\u015bwietlanie tej strony w zewn\u0119trznych ramkach (frames) jest dozwolone tylko za pisemn\u0105 zgod\u0105.<\/p>\n<p style=\"padding-left: 40px;\"><strong><em>4. Ochrona danych<\/em><\/strong><\/p>\n<p style=\"padding-left: 40px;\"><span style=\"color: #0000ff;\"><strong><a style=\"color: #0000ff;\" href=\"https:\/\/neu.bredentgroup.com\/de\/datenschutzerklaerung\/\"><em>Polityka prywatno\u015bci<\/em><\/a><\/strong><\/span><\/p>\n<p style=\"padding-left: 40px;\">Wykorzystywanie danych kontaktowych z impressum do cel\u00f3w reklamowych jest wyra\u017anie zabronione, chyba \u017ce dostawca wcze\u015bniej udzieli\u0142 pisemnej zgody lub istniej\u0105 ju\u017c relacje biznesowe. Dostawca i wszystkie osoby wymienione na tej stronie sprzeciwiaj\u0105 si\u0119 komercyjnemu wykorzystaniu i przekazywaniu ich danych.<\/p>\n<p style=\"padding-left: 40px;\"><strong><em>5. Szczeg\u00f3lne warunki u\u017cytkowania<\/em><\/strong><br>Je\u017celi dla niekt\u00f3rych zastosowa\u0144 tej strony przewidziano szczeg\u00f3lne warunki r\u00f3\u017cni\u0105ce si\u0119 od punkt\u00f3w 1\u20134, zostanie to wyra\u017anie zaznaczone w odpowiednim miejscu. W takim przypadku szczeg\u00f3lne warunki maj\u0105 zastosowanie w danym przypadku.<\/p>\n<\/div>\t\t\t\t\t\t\t\t<\/div>\n\t\t\t\t<\/div>\n\t\t\t\t\t<\/div>\n\t\t<\/div>\n\t\t\t\t\t<\/div>\n\t\t<\/section>\n\t\t\t\t<\/div>\n\t\t","protected":false},"excerpt":{"rendered":"<p>Odcisk Informacje zgodnie z \u00a7 5 TMG bredent GmbH &amp; Co. KGWei\u00dfenhorner Stra\u00dfe 289250 SendenTelefon: +49 7309 \/ 872-0Faks: +49 7309 \/ 872-24E-mail: info@bredent.com Upowa\u017cnieni dyrektorzy:Peter Brehm, Brigitte Brehm, Nils Brehm, Olaf Gl\u00fcck, Gerald Micko Osobi\u015bcie odpowiedzialny wsp\u00f3lnik (komplementariusz): bredent Beteiligungs- und Verwaltungs-GmbHPeter Brehm, Brigitte Brehm, Nils Brehm, Olaf Gl\u00fcck, Gerald Micko S\u0105d rejestrowy: Amtsgericht [&hellip;]<\/p>\n","protected":false},"author":1,"featured_media":0,"parent":0,"menu_order":11,"comment_status":"closed","ping_status":"closed","template":"elementor_header_footer","meta":{"footnotes":""},"class_list":["post-1562","page","type-page","status-publish","hentry"],"_links":{"self":[{"href":"https:\/\/ifu.bredent-group.com\/pl\/wp-json\/wp\/v2\/pages\/1562","targetHints":{"allow":["GET"]}}],"collection":[{"href":"https:\/\/ifu.bredent-group.com\/pl\/wp-json\/wp\/v2\/pages"}],"about":[{"href":"https:\/\/ifu.bredent-group.com\/pl\/wp-json\/wp\/v2\/types\/page"}],"author":[{"embeddable":true,"href":"https:\/\/ifu.bredent-group.com\/pl\/wp-json\/wp\/v2\/users\/1"}],"replies":[{"embeddable":true,"href":"https:\/\/ifu.bredent-group.com\/pl\/wp-json\/wp\/v2\/comments?post=1562"}],"version-history":[{"count":4,"href":"https:\/\/ifu.bredent-group.com\/pl\/wp-json\/wp\/v2\/pages\/1562\/revisions"}],"predecessor-version":[{"id":1566,"href":"https:\/\/ifu.bredent-group.com\/pl\/wp-json\/wp\/v2\/pages\/1562\/revisions\/1566"}],"wp:attachment":[{"href":"https:\/\/ifu.bredent-group.com\/pl\/wp-json\/wp\/v2\/media?parent=1562"}],"curies":[{"name":"wp","href":"https:\/\/api.w.org\/{rel}","templated":true}]}}