{"id":1567,"date":"2021-02-23T14:31:56","date_gmt":"2021-02-23T13:31:56","guid":{"rendered":"https:\/\/ifu.bredent-group.com\/?page_id=1567"},"modified":"2025-11-10T12:56:30","modified_gmt":"2025-11-10T11:56:30","slug":"imprimir","status":"publish","type":"page","link":"https:\/\/ifu.bredent-group.com\/pt-pt\/imprimir\/","title":{"rendered":"Imprimir"},"content":{"rendered":"\t\t<div data-elementor-type=\"wp-page\" data-elementor-id=\"1567\" class=\"elementor elementor-1567 elementor-131\" data-elementor-post-type=\"page\">\n\t\t\t\t\t\t<section class=\"elementor-section elementor-top-section elementor-element elementor-element-5bec691 elementor-section-boxed elementor-section-height-default elementor-section-height-default\" data-id=\"5bec691\" data-element_type=\"section\" data-e-type=\"section\">\n\t\t\t\t\t\t<div class=\"elementor-container elementor-column-gap-default\">\n\t\t\t\t\t<div class=\"elementor-column elementor-col-100 elementor-top-column elementor-element elementor-element-52b225c\" data-id=\"52b225c\" data-element_type=\"column\" data-e-type=\"column\">\n\t\t\t<div class=\"elementor-widget-wrap elementor-element-populated\">\n\t\t\t\t\t\t<div class=\"elementor-element elementor-element-b3792d7 elementor-widget elementor-widget-text-editor\" data-id=\"b3792d7\" data-element_type=\"widget\" data-e-type=\"widget\" data-widget_type=\"text-editor.default\">\n\t\t\t\t<div class=\"elementor-widget-container\">\n\t\t\t\t\t\t\t\t\t<h2>Imprimir<\/h2>\n<div>\n<h3>Informa\u00e7\u00f5es de acordo com o \u00a7 5 TMG<\/h3>\n<p>bredent GmbH &amp; Co. KG<br>\nWei\u00dfenhorner Stra\u00dfe 2<br>\n89250 Senden<br>\nTelefone: +49 7309 \/ 872-0<br>\nFax: +49 7309 \/ 872-24<br>\nE-mail: <span style=\"color: #0000ff;\"><a style=\"color: #0000ff;\" href=\"mailto:info@bredent.com\">info@bredent.com<\/a><\/span><\/p>\n<p>Diretores autorizados:<br>\nPeter Brehm, Brigitte Brehm, Nils Brehm, Olaf Gl\u00fcck, Gerald Micko<\/p>\n<p>S\u00f3cio pessoalmente respons\u00e1vel (complementar): bredent Beteiligungs- und Verwaltungs-GmbH<br>\nPeter Brehm, Brigitte Brehm, Nils Brehm, Olaf Gl\u00fcck, Gerald Micko<\/p>\n<p>Tribunal de registro: Amtsgericht Memmingen<br>\nN\u00famero de registro: HRB 12912<br>\nSede da bredent Beteiligungs- und Verwaltungs-GmbH: 89250 Senden<\/p>\n<p><strong>N\u00famero de identifica\u00e7\u00e3o de IVA de acordo com \u00a7 27 a da Lei do IVA<\/strong><br>\nDE 251580726<br>\nN\u00famero de registro WEEE: DE 22730329<\/p>\n<p><strong>Pessoa respons\u00e1vel pelo conte\u00fado de acordo com \u00a7 55 (2) RStV<\/strong><br>\nMilko Wrona (endere\u00e7o como acima)<\/p>\n<p><strong>Resolu\u00e7\u00e3o de disputas online para consumidores, participa\u00e7\u00e3o em procedimentos de resolu\u00e7\u00e3o de disputas<\/strong><br>\n(1) A bredent GmbH &amp; Co. KG, em princ\u00edpio, n\u00e3o est\u00e1 disposta nem obrigada a participar de procedimentos de resolu\u00e7\u00e3o de disputas perante uma entidade de media\u00e7\u00e3o do consumidor.<br>\n(2) Plataforma da Comiss\u00e3o Europeia para resolu\u00e7\u00e3o de disputas online:<br>\n<span style=\"color: #0000ff;\"><a style=\"color: #0000ff;\" href=\"https:\/\/www.ec.europa.eu\/consumers\/odr\" target=\"_blank\" rel=\"noopener\">https:\/\/www.ec.europa.eu\/consumers\/odr<\/a><\/span><\/p>\n<p><strong>Programa\u00e7\u00e3o e opera\u00e7\u00e3o do servidor \/ Hospedagem<\/strong><br>\n<a href=\"http:\/\/www.imos.net\/\" target=\"_blank\" rel=\"noopener\"><span style=\"color: #0000ff;\">Localiza\u00e7\u00e3o G\u00f6ppingen<\/span><br>\n<span style=\"color: #0000ff;\">imos Gesellschaft f\u00fcr<\/span><br>\n<span style=\"color: #0000ff;\">Marketing na Internet e<\/span><br>\n<span style=\"color: #0000ff;\">Servi\u00e7os Online mbH<\/span><\/a><br>\nAlfons-Feifel-Str. 9<br>\n73037 G\u00f6ppingen<br>\nTelefone: +49 7161 93339-0<br>\nFax: +49 7161 93339-99<br>\nE-mail: <span style=\"color: #0000ff;\"><a style=\"color: #0000ff;\" href=\"mailto:info@imos.net\">info@imos.net<\/a><\/span><br>\nWebsite: <span style=\"color: #0000ff;\"><a style=\"color: #0000ff;\" href=\"http:\/\/www.imos.net\/\" target=\"_blank\" rel=\"noopener\">www.imos.net<\/a><\/span><\/p>\n<p><strong>Aviso:<\/strong><br>Nem todos os produtos est\u00e3o aprovados ou dispon\u00edveis em todos os mercados.<br>\nSe tiver d\u00favidas, entre em contato com a bredent GmbH &amp; Co. KG ou com seu distribuidor.<\/p>\n<p><strong>ISEN\u00c7\u00c3O DE RESPONSABILIDADE (DISCLAIMER)<\/strong><\/p>\n<p style=\"padding-left: 40px;\"><em><strong>1. Limita\u00e7\u00e3o de responsabilidade<\/strong><\/em><br>\nO conte\u00fado deste site \u00e9 criado com o m\u00e1ximo cuidado. No entanto, o fornecedor n\u00e3o garante a precis\u00e3o, integridade ou atualidade das informa\u00e7\u00f5es fornecidas. O uso do conte\u00fado do site \u00e9 por conta e risco do usu\u00e1rio. Artigos assinados refletem a opini\u00e3o do autor e nem sempre a do fornecedor. O uso simples do site n\u00e3o estabelece qualquer rela\u00e7\u00e3o contratual entre o usu\u00e1rio e o fornecedor.<\/p>\n<p style=\"padding-left: 40px;\"><em><strong>2. Links externos<\/strong><\/em><br>\nEste site cont\u00e9m links para sites de terceiros (\u201clinks externos\u201d). Esses sites est\u00e3o sujeitos \u00e0 responsabilidade dos respectivos operadores. O fornecedor verificou os links externos pela primeira vez para poss\u00edveis viola\u00e7\u00f5es legais. Na \u00e9poca, nenhuma viola\u00e7\u00e3o foi detectada. O fornecedor n\u00e3o tem influ\u00eancia sobre o conte\u00fado atual ou futuro dos sites vinculados. A inclus\u00e3o de links externos n\u00e3o significa que o fornecedor endossa o conte\u00fado desses sites. O controle cont\u00ednuo de links externos sem indica\u00e7\u00f5es concretas de viola\u00e7\u00e3o n\u00e3o \u00e9 exig\u00edvel. Quando detectadas viola\u00e7\u00f5es, esses links s\u00e3o removidos imediatamente.<\/p>\n<p style=\"padding-left: 40px;\"><em><strong>3. Direitos autorais e direitos conexos<\/strong><\/em><br>\nO conte\u00fado publicado neste site est\u00e1 protegido pelas leis alem\u00e3s de direitos autorais e conexos. Qualquer utiliza\u00e7\u00e3o n\u00e3o permitida por lei requer consentimento pr\u00e9vio por escrito do fornecedor ou do titular dos direitos. Isso se aplica especialmente \u00e0 c\u00f3pia, processamento, tradu\u00e7\u00e3o, armazenamento, manipula\u00e7\u00e3o ou exibi\u00e7\u00e3o de conte\u00fado em bancos de dados ou outros sistemas eletr\u00f4nicos. Conte\u00fados e direitos de terceiros s\u00e3o devidamente indicados. A c\u00f3pia ou distribui\u00e7\u00e3o n\u00e3o autorizada de conte\u00fado individual ou de p\u00e1ginas inteiras n\u00e3o \u00e9 permitida e \u00e9 pun\u00edvel. Apenas c\u00f3pias e downloads para uso pessoal, privado e n\u00e3o comercial s\u00e3o permitidos. A exibi\u00e7\u00e3o deste site em frames externos s\u00f3 \u00e9 permitida com permiss\u00e3o por escrito.<\/p>\n<p style=\"padding-left: 40px;\"><strong><em>4. Prote\u00e7\u00e3o de dados<\/em><\/strong><\/p>\n<p style=\"padding-left: 40px;\"><span style=\"color: #0000ff;\"><strong><a style=\"color: #0000ff;\" href=\"https:\/\/neu.bredentgroup.com\/de\/datenschutzerklaerung\/\"><em>Pol\u00edtica de Privacidade<\/em><\/a><\/strong><\/span><\/p>\n<p style=\"padding-left: 40px;\">O uso das informa\u00e7\u00f5es de contato do impressum para fins comerciais \u00e9 expressamente proibido, a menos que o fornecedor tenha dado consentimento pr\u00e9vio por escrito ou j\u00e1 exista uma rela\u00e7\u00e3o comercial. O fornecedor e todas as pessoas mencionadas neste site se op\u00f5em a qualquer uso comercial ou transmiss\u00e3o de seus dados.<\/p>\n<p style=\"padding-left: 40px;\"><strong><em>5. Condi\u00e7\u00f5es de uso especiais<\/em><\/strong><br>\nSe houver condi\u00e7\u00f5es especiais para usos espec\u00edficos deste site que diferem dos pontos 1 a 4, isso ser\u00e1 claramente indicado no local correspondente. Nestes casos, as condi\u00e7\u00f5es especiais aplicam-se ao caso espec\u00edfico.<\/p>\n<\/div>\t\t\t\t\t\t\t\t<\/div>\n\t\t\t\t<\/div>\n\t\t\t\t\t<\/div>\n\t\t<\/div>\n\t\t\t\t\t<\/div>\n\t\t<\/section>\n\t\t\t\t<\/div>\n\t\t","protected":false},"excerpt":{"rendered":"<p>Imprimir Informa\u00e7\u00f5es de acordo com o \u00a7 5 TMG bredent GmbH &amp; Co. KG Wei\u00dfenhorner Stra\u00dfe 2 89250 Senden Telefone: +49 7309 \/ 872-0 Fax: +49 7309 \/ 872-24 E-mail: info@bredent.com Diretores autorizados: Peter Brehm, Brigitte Brehm, Nils Brehm, Olaf Gl\u00fcck, Gerald Micko S\u00f3cio pessoalmente respons\u00e1vel (complementar): bredent Beteiligungs- und Verwaltungs-GmbH Peter Brehm, Brigitte Brehm, [&hellip;]<\/p>\n","protected":false},"author":1,"featured_media":0,"parent":0,"menu_order":11,"comment_status":"closed","ping_status":"closed","template":"elementor_header_footer","meta":{"footnotes":""},"class_list":["post-1567","page","type-page","status-publish","hentry"],"_links":{"self":[{"href":"https:\/\/ifu.bredent-group.com\/pt-pt\/wp-json\/wp\/v2\/pages\/1567","targetHints":{"allow":["GET"]}}],"collection":[{"href":"https:\/\/ifu.bredent-group.com\/pt-pt\/wp-json\/wp\/v2\/pages"}],"about":[{"href":"https:\/\/ifu.bredent-group.com\/pt-pt\/wp-json\/wp\/v2\/types\/page"}],"author":[{"embeddable":true,"href":"https:\/\/ifu.bredent-group.com\/pt-pt\/wp-json\/wp\/v2\/users\/1"}],"replies":[{"embeddable":true,"href":"https:\/\/ifu.bredent-group.com\/pt-pt\/wp-json\/wp\/v2\/comments?post=1567"}],"version-history":[{"count":4,"href":"https:\/\/ifu.bredent-group.com\/pt-pt\/wp-json\/wp\/v2\/pages\/1567\/revisions"}],"predecessor-version":[{"id":1571,"href":"https:\/\/ifu.bredent-group.com\/pt-pt\/wp-json\/wp\/v2\/pages\/1567\/revisions\/1571"}],"wp:attachment":[{"href":"https:\/\/ifu.bredent-group.com\/pt-pt\/wp-json\/wp\/v2\/media?parent=1567"}],"curies":[{"name":"wp","href":"https:\/\/api.w.org\/{rel}","templated":true}]}}