{"id":1572,"date":"2021-02-23T14:31:56","date_gmt":"2021-02-23T13:31:56","guid":{"rendered":"https:\/\/ifu.bredent-group.com\/?page_id=1572"},"modified":"2025-11-10T12:59:55","modified_gmt":"2025-11-10T11:59:55","slug":"imprima","status":"publish","type":"page","link":"https:\/\/ifu.bredent-group.com\/ro\/imprima\/","title":{"rendered":"Imprima"},"content":{"rendered":"\t\t<div data-elementor-type=\"wp-page\" data-elementor-id=\"1572\" class=\"elementor elementor-1572 elementor-131\" data-elementor-post-type=\"page\">\n\t\t\t\t\t\t<section class=\"elementor-section elementor-top-section elementor-element elementor-element-5bec691 elementor-section-boxed elementor-section-height-default elementor-section-height-default\" data-id=\"5bec691\" data-element_type=\"section\" data-e-type=\"section\">\n\t\t\t\t\t\t<div class=\"elementor-container elementor-column-gap-default\">\n\t\t\t\t\t<div class=\"elementor-column elementor-col-100 elementor-top-column elementor-element elementor-element-52b225c\" data-id=\"52b225c\" data-element_type=\"column\" data-e-type=\"column\">\n\t\t\t<div class=\"elementor-widget-wrap elementor-element-populated\">\n\t\t\t\t\t\t<div class=\"elementor-element elementor-element-b3792d7 elementor-widget elementor-widget-text-editor\" data-id=\"b3792d7\" data-element_type=\"widget\" data-e-type=\"widget\" data-widget_type=\"text-editor.default\">\n\t\t\t\t<div class=\"elementor-widget-container\">\n\t\t\t\t\t\t\t\t\t<h2>Imprima<\/h2>\n<div>\n<h3>Informa\u021bii conform \u00a7 5 TMG<\/h3>\n<p>bredent GmbH &amp; Co. KG<br>\nWei\u00dfenhorner Stra\u00dfe 2<br>\n89250 Senden<br>\nTelefon: +49 7309 \/ 872-0<br>\nFax: +49 7309 \/ 872-24<br>\nE-mail: <span style=\"color: #0000ff;\"><a style=\"color: #0000ff;\" href=\"mailto:info@bredent.com\">info@bredent.com<\/a><\/span><\/p>\n<p>Directori autoriza\u021bi:<br>\nPeter Brehm, Brigitte Brehm, Nils Brehm, Olaf Gl\u00fcck, Gerald Micko<\/p>\n<p>Asociat personal responsabil (complementar): bredent Beteiligungs- und Verwaltungs-GmbH<br>\nPeter Brehm, Brigitte Brehm, Nils Brehm, Olaf Gl\u00fcck, Gerald Micko<\/p>\n<p>Instan\u021ba de \u00eenregistrare: Amtsgericht Memmingen<br>\nNum\u0103r de \u00eenregistrare: HRB 12912<br>\nSediul bredent Beteiligungs- und Verwaltungs-GmbH: 89250 Senden<\/p>\n<p><strong>Num\u0103r de identificare TVA conform \u00a7 27 a Legea TVA<\/strong><br>\nDE 251580726<br>\nNum\u0103r \u00eenregistrare WEEE: DE 22730329<\/p>\n<p><strong>Persoan\u0103 responsabil\u0103 pentru con\u021binut conform \u00a7 55 (2) RStV<\/strong><br>\nMilko Wrona (adres\u0103 ca mai sus)<\/p>\n<p><strong>Rezolvarea disputelor online pentru consumatori, participarea la proceduri de solu\u021bionare a disputelor<\/strong><br>\n(1) bredent GmbH &amp; Co. KG nu este, \u00een principiu, preg\u0103tit\u0103 \u0219i nu este obligat\u0103 s\u0103 participe la proceduri de solu\u021bionare a disputelor \u00een fa\u021ba unei institu\u021bii de mediere a consumatorilor.<br>\n(2) Platforma Comisiei Europene pentru solu\u021bionarea disputelor online:<br>\n<span style=\"color: #0000ff;\"><a style=\"color: #0000ff;\" href=\"https:\/\/www.ec.europa.eu\/consumers\/odr\" target=\"_blank\" rel=\"noopener\">https:\/\/www.ec.europa.eu\/consumers\/odr<\/a><\/span><\/p>\n<p><strong>Programare \u0219i operare server \/ Hosting<\/strong><br>\n<a href=\"http:\/\/www.imos.net\/\" target=\"_blank\" rel=\"noopener\"><span style=\"color: #0000ff;\">Loca\u021bie G\u00f6ppingen<\/span><br>\n<span style=\"color: #0000ff;\">imos Gesellschaft f\u00fcr<\/span><br>\n<span style=\"color: #0000ff;\">Marketing online \u0219i<\/span><br>\n<span style=\"color: #0000ff;\">Servicii online mbH<\/span><\/a><br>\nAlfons-Feifel-Str. 9<br>\n73037 G\u00f6ppingen<br>\nTelefon: +49 7161 93339-0<br>\nFax: +49 7161 93339-99<br>\nE-mail: <span style=\"color: #0000ff;\"><a style=\"color: #0000ff;\" href=\"mailto:info@imos.net\">info@imos.net<\/a><\/span><br>\nWebsite: <span style=\"color: #0000ff;\"><a style=\"color: #0000ff;\" href=\"http:\/\/www.imos.net\/\" target=\"_blank\" rel=\"noopener\">www.imos.net<\/a><\/span><\/p>\n<p><strong>Not\u0103:<\/strong><br>Nu toate produsele sunt aprobate sau disponibile pe toate pie\u021bele.<br>\nPentru \u00eentreb\u0103ri, contacta\u021bi bredent GmbH &amp; Co. KG sau distribuitorul dvs.<\/p>\n<p><strong>DISCLAIMER<\/strong><\/p>\n<p style=\"padding-left: 40px;\"><em><strong>1. Limitarea r\u0103spunderii<\/strong><\/em><br>\nCon\u021binutul acestui site este creat cu cea mai mare aten\u021bie. Cu toate acestea, furnizorul nu garanteaz\u0103 exactitatea, completitudinea sau actualitatea informa\u021biilor furnizate. Utilizarea con\u021binutului site-ului se face pe propria r\u0103spundere a utilizatorului. Articolele semnate reflect\u0103 opinia autorului \u0219i nu \u00eentotdeauna opinia furnizorului. Simplul fapt de a utiliza site-ul nu creeaz\u0103 nicio rela\u021bie contractual\u0103 \u00eentre utilizator \u0219i furnizor.<\/p>\n<p style=\"padding-left: 40px;\"><em><strong>2. Linkuri externe<\/strong><\/em><br>\nAcest site con\u021bine linkuri c\u0103tre site-uri ter\u021be (\u201elinkuri externe\u201d). Aceste site-uri sunt sub responsabilitatea operatorilor lor respectivi. Furnizorul a verificat pentru prima dat\u0103 linkurile externe pentru eventuale \u00eenc\u0103lc\u0103ri ale legii. La acel moment, nu au fost identificate \u00eenc\u0103lc\u0103ri. Furnizorul nu are nicio influen\u021b\u0103 asupra designului actual sau viitor \u0219i asupra con\u021binutului site-urilor conectate. Ad\u0103ugarea linkurilor externe nu \u00eenseamn\u0103 c\u0103 furnizorul adopt\u0103 con\u021binutul acelor site-uri. Controlul permanent al linkurilor externe f\u0103r\u0103 indica\u021bii concrete privind \u00eenc\u0103lc\u0103rile legii nu este rezonabil. Dac\u0103 se constat\u0103 \u00eenc\u0103lc\u0103ri, linkurile respective sunt \u0219terse imediat.<\/p>\n<p style=\"padding-left: 40px;\"><em><strong>3. Drepturi de autor \u0219i drepturi conexe<\/strong><\/em><br>\nCon\u021binutul publicat pe acest site este protejat conform legisla\u021biei germane privind drepturile de autor \u0219i drepturile conexe. Orice utilizare nepermis\u0103 de lege necesit\u0103 acordul prealabil scris al furnizorului sau al titularului drepturilor. Aceasta se aplic\u0103 \u00een special copierea, prelucrarea, traducerea, stocarea, manipularea sau redarea con\u021binutului \u00een baze de date sau alte sisteme electronice. Con\u021binutul \u0219i drepturile ter\u021bilor sunt marcate corespunz\u0103tor. Copierea sau distribuirea neautorizat\u0103 a unor con\u021binuturi individuale sau a \u00eentregii pagini nu este permis\u0103 \u0219i este sanc\u021bionabil\u0103. Sunt permise doar copii \u0219i desc\u0103rc\u0103ri pentru uz personal, privat \u0219i necomercial. Afi\u0219area site-ului \u00een cadre externe (frames) este permis\u0103 numai cu permisiune scris\u0103.<\/p>\n<p style=\"padding-left: 40px;\"><strong><em>4. Protec\u021bia datelor<\/em><\/strong><\/p>\n<p style=\"padding-left: 40px;\"><span style=\"color: #0000ff;\"><strong><a style=\"color: #0000ff;\" href=\"https:\/\/neu.bredentgroup.com\/de\/datenschutzerklaerung\/\"><em>Politica de confiden\u021bialitate<\/em><\/a><\/strong><\/span><\/p>\n<p style=\"padding-left: 40px;\">Utilizarea datelor de contact din Impressum \u00een scopuri comerciale este strict interzis\u0103, cu excep\u021bia cazului \u00een care furnizorul \u0219i-a dat acordul prealabil \u00een scris sau exist\u0103 deja o rela\u021bie comercial\u0103. Furnizorul \u0219i toate persoanele men\u021bionate pe acest site se opun utiliz\u0103rii comerciale sau transmiterii datelor lor.<\/p>\n<p style=\"padding-left: 40px;\"><strong><em>5. Condi\u021bii speciale de utilizare<\/em><\/strong><br>\nDac\u0103 pentru anumite utiliz\u0103ri ale acestui site exist\u0103 condi\u021bii speciale diferite de punctele 1\u20134, acestea vor fi indicate clar \u00een locul corespunz\u0103tor. \u00cen acest caz, condi\u021biile speciale se aplic\u0103 pentru utilizarea respectiv\u0103.<\/p>\n<\/div>\t\t\t\t\t\t\t\t<\/div>\n\t\t\t\t<\/div>\n\t\t\t\t\t<\/div>\n\t\t<\/div>\n\t\t\t\t\t<\/div>\n\t\t<\/section>\n\t\t\t\t<\/div>\n\t\t","protected":false},"excerpt":{"rendered":"<p>Imprima Informa\u021bii conform \u00a7 5 TMG bredent GmbH &amp; Co. KG Wei\u00dfenhorner Stra\u00dfe 2 89250 Senden Telefon: +49 7309 \/ 872-0 Fax: +49 7309 \/ 872-24 E-mail: info@bredent.com Directori autoriza\u021bi: Peter Brehm, Brigitte Brehm, Nils Brehm, Olaf Gl\u00fcck, Gerald Micko Asociat personal responsabil (complementar): bredent Beteiligungs- und Verwaltungs-GmbH Peter Brehm, Brigitte Brehm, Nils Brehm, Olaf [&hellip;]<\/p>\n","protected":false},"author":1,"featured_media":0,"parent":0,"menu_order":11,"comment_status":"closed","ping_status":"closed","template":"elementor_header_footer","meta":{"footnotes":""},"class_list":["post-1572","page","type-page","status-publish","hentry"],"_links":{"self":[{"href":"https:\/\/ifu.bredent-group.com\/ro\/wp-json\/wp\/v2\/pages\/1572","targetHints":{"allow":["GET"]}}],"collection":[{"href":"https:\/\/ifu.bredent-group.com\/ro\/wp-json\/wp\/v2\/pages"}],"about":[{"href":"https:\/\/ifu.bredent-group.com\/ro\/wp-json\/wp\/v2\/types\/page"}],"author":[{"embeddable":true,"href":"https:\/\/ifu.bredent-group.com\/ro\/wp-json\/wp\/v2\/users\/1"}],"replies":[{"embeddable":true,"href":"https:\/\/ifu.bredent-group.com\/ro\/wp-json\/wp\/v2\/comments?post=1572"}],"version-history":[{"count":4,"href":"https:\/\/ifu.bredent-group.com\/ro\/wp-json\/wp\/v2\/pages\/1572\/revisions"}],"predecessor-version":[{"id":1576,"href":"https:\/\/ifu.bredent-group.com\/ro\/wp-json\/wp\/v2\/pages\/1572\/revisions\/1576"}],"wp:attachment":[{"href":"https:\/\/ifu.bredent-group.com\/ro\/wp-json\/wp\/v2\/media?parent=1572"}],"curies":[{"name":"wp","href":"https:\/\/api.w.org\/{rel}","templated":true}]}}