{"id":1590,"date":"2021-02-23T14:31:56","date_gmt":"2021-02-23T13:31:56","guid":{"rendered":"https:\/\/ifu.bredent-group.com\/?page_id=1590"},"modified":"2025-11-10T13:25:46","modified_gmt":"2025-11-10T12:25:46","slug":"odtlacok","status":"publish","type":"page","link":"https:\/\/ifu.bredent-group.com\/sk\/odtlacok\/","title":{"rendered":"Odtla\u010dok"},"content":{"rendered":"\t\t<div data-elementor-type=\"wp-page\" data-elementor-id=\"1590\" class=\"elementor elementor-1590 elementor-131\" data-elementor-post-type=\"page\">\n\t\t\t\t\t\t<section class=\"elementor-section elementor-top-section elementor-element elementor-element-5bec691 elementor-section-boxed elementor-section-height-default elementor-section-height-default\" data-id=\"5bec691\" data-element_type=\"section\" data-e-type=\"section\">\n\t\t\t\t\t\t<div class=\"elementor-container elementor-column-gap-default\">\n\t\t\t\t\t<div class=\"elementor-column elementor-col-100 elementor-top-column elementor-element elementor-element-52b225c\" data-id=\"52b225c\" data-element_type=\"column\" data-e-type=\"column\">\n\t\t\t<div class=\"elementor-widget-wrap elementor-element-populated\">\n\t\t\t\t\t\t<div class=\"elementor-element elementor-element-b3792d7 elementor-widget elementor-widget-text-editor\" data-id=\"b3792d7\" data-element_type=\"widget\" data-e-type=\"widget\" data-widget_type=\"text-editor.default\">\n\t\t\t\t<div class=\"elementor-widget-container\">\n\t\t\t\t\t\t\t\t\t<h2>Odtla\u010dok<\/h2>\n<div>\n<h3>\u00dadaje pod\u013ea \u00a7 5 TMG<\/h3>\n<p>bredent GmbH &amp; Co. KG<br>\nWei\u00dfenhorner Stra\u00dfe 2<br>\n89250 Senden<br>\nTelef\u00f3n: +49 7309 \/ 872-0<br>\nFax: +49 7309 \/ 872-24<br>\nE-mail: <span style=\"color: #0000ff;\"><a style=\"color: #0000ff;\" href=\"mailto:info@bredent.com\">info@bredent.com<\/a><\/span><\/p>\n<p>Opr\u00e1vnen\u00ed konatelia:<br>\nPeter Brehm, Brigitte Brehm, Nils Brehm, Olaf Gl\u00fcck, Gerald Micko<\/p>\n<p>Osobne zodpovedn\u00fd spolo\u010dn\u00edk (komplement\u00e1r): bredent Beteiligungs- und Verwaltungs-GmbH<br>\nPeter Brehm, Brigitte Brehm, Nils Brehm, Olaf Gl\u00fcck, Gerald Micko<\/p>\n<p>S\u00fadny register: Amtsgericht Memmingen<br>\nRegistra\u010dn\u00e9 \u010d\u00edslo: HRB 12912<br>\nS\u00eddlo bredent Beteiligungs- und Verwaltungs-GmbH: 89250 Senden<\/p>\n<p><strong>Identifika\u010dn\u00e9 \u010d\u00edslo pre DPH pod\u013ea \u00a7 27 a z\u00e1kona o DPH<\/strong><br>\nDE 251580726<br>\nWEEE reg. \u010d\u00edslo: DE 22730329<\/p>\n<p><strong>Osoba zodpovedn\u00e1 za obsah pod\u013ea \u00a7 55 ods. 2 RStV<\/strong><br>\nMilko Wrona (adresa ako vy\u0161\u0161ie)<\/p>\n<p><strong>Online rie\u0161enie sporov pre spotrebite\u013eov, \u00fa\u010das\u0165 na sporov\u00fdch konaniach<\/strong><br>\n(1) Spolo\u010dnos\u0165 bredent GmbH &amp; Co. KG nie je v z\u00e1sade pripraven\u00e1 ani povinn\u00e1 z\u00fa\u010dastni\u0165 sa konan\u00ed pred spotrebite\u013eskou zmierovacou in\u0161tit\u00faciou.<br>\n(2) Platforma Eur\u00f3pskej komisie pre online rie\u0161enie sporov:<br>\n<span style=\"color: #0000ff;\"><a style=\"color: #0000ff;\" href=\"https:\/\/www.ec.europa.eu\/consumers\/odr\" target=\"_blank\" rel=\"noopener\">https:\/\/www.ec.europa.eu\/consumers\/odr<\/a><\/span><\/p>\n<p><strong>Programovanie a prev\u00e1dzka servera \/ Hosting<\/strong><br>\n<a href=\"http:\/\/www.imos.net\/\" target=\"_blank\" rel=\"noopener\"><span style=\"color: #0000ff;\">Pobo\u010dka G\u00f6ppingen<\/span><br>\n<span style=\"color: #0000ff;\">imos Gesellschaft f\u00fcr<\/span><br>\n<span style=\"color: #0000ff;\">Internetov\u00fd marketing a<\/span><br>\n<span style=\"color: #0000ff;\">Online slu\u017eby mbH<\/span><\/a><br>\nAlfons-Feifel-Str. 9<br>\n73037 G\u00f6ppingen<br>\nTelef\u00f3n: +49 7161 93339-0<br>\nFax: +49 7161 93339-99<br>\nE-mail: <span style=\"color: #0000ff;\"><a style=\"color: #0000ff;\" href=\"mailto:info@imos.net\">info@imos.net<\/a><\/span><br>\nWeb: <span style=\"color: #0000ff;\"><a style=\"color: #0000ff;\" href=\"http:\/\/www.imos.net\/\" target=\"_blank\" rel=\"noopener\">www.imos.net<\/a><\/span><\/p>\n<p><strong>Pozn\u00e1mka:<\/strong><br>Nie v\u0161etky produkty s\u00fa schv\u00e1len\u00e9 alebo dostupn\u00e9 na v\u0161etk\u00fdch trhoch.<br>\nV pr\u00edpade ot\u00e1zok kontaktujte spolo\u010dnos\u0165 bredent GmbH &amp; Co. KG alebo svojho distrib\u00fatora.<\/p>\n<p><strong>DISCLAIMER<\/strong><\/p>\n<p style=\"padding-left: 40px;\"><em><strong>1. Obmedzenie zodpovednosti<\/strong><\/em><br>\nObsah tejto webovej str\u00e1nky je vytvoren\u00fd s maxim\u00e1lnou starostlivos\u0165ou. Poskytovate\u013e v\u0161ak nezaru\u010duje spr\u00e1vnos\u0165, \u00faplnos\u0165 ani aktu\u00e1lnos\u0165 poskytnut\u00e9ho obsahu. Pou\u017e\u00edvanie obsahu str\u00e1nky je na vlastn\u00e9 riziko pou\u017e\u00edvate\u013ea. Pr\u00edspevky ozna\u010den\u00e9 menom autora odr\u00e1\u017eaj\u00fa jeho n\u00e1zor a nie v\u017edy n\u00e1zor poskytovate\u013ea. Pou\u017e\u00edvanie webovej str\u00e1nky samotnou osobou nevytv\u00e1ra \u017eiadny zmluvn\u00fd vz\u0165ah medzi pou\u017e\u00edvate\u013eom a poskytovate\u013eom.<\/p>\n<p style=\"padding-left: 40px;\"><em><strong>2. Extern\u00e9 odkazy<\/strong><\/em><br>\nT\u00e1to webov\u00e1 str\u00e1nka obsahuje odkazy na weby tret\u00edch str\u00e1n (\u201eextern\u00e9 odkazy\u201c). Tieto weby s\u00fa zodpovednos\u0165ou pr\u00edslu\u0161n\u00fdch prev\u00e1dzkovate\u013eov. Poskytovate\u013e pri prvom prepojen\u00ed extern\u00fdch odkazov skontroloval obsah na pr\u00edpadn\u00e9 poru\u0161enie z\u00e1kona. V tom \u010dase nebolo zisten\u00e9 \u017eiadne poru\u0161enie. Poskytovate\u013e nem\u00e1 \u017eiadny vplyv na aktu\u00e1lnu ani bud\u00facu \u0161trukt\u00faru a obsah prepojen\u00fdch str\u00e1nok. Nastavenie extern\u00fdch odkazov neznamen\u00e1, \u017ee poskytovate\u013e si osvojil obsah za nimi. Neust\u00e1la kontrola extern\u00fdch odkazov nie je pre poskytovate\u013ea mo\u017en\u00e1 bez konkr\u00e9tnych d\u00f4kazov o poru\u0161en\u00ed z\u00e1kona. Po zisten\u00ed poru\u0161enia sa tak\u00e9to odkazy okam\u017eite odstr\u00e1nia.<\/p>\n<p style=\"padding-left: 40px;\"><em><strong>3. Autorsk\u00e9 a s\u00favisiace pr\u00e1va<\/strong><\/em><br>\nObsah publikovan\u00fd na tejto webovej str\u00e1nke podlieha nemeck\u00e9mu autorsk\u00e9mu pr\u00e1vu a s\u00favisiacim pr\u00e1vam. Ak\u00e9ko\u013evek vyu\u017eitie neumo\u017enen\u00e9 nemeck\u00fdm pr\u00e1vom si vy\u017eaduje predch\u00e1dzaj\u00faci p\u00edsomn\u00fd s\u00fahlas poskytovate\u013ea alebo dr\u017eite\u013ea pr\u00e1v. Plat\u00ed to najm\u00e4 pre kop\u00edrovanie, spracovanie, preklad, ukladanie, spracovanie alebo reprodukciu obsahu v datab\u00e1zach alebo in\u00fdch elektronick\u00fdch syst\u00e9moch. Obsah a pr\u00e1va tret\u00edch str\u00e1n s\u00fa ozna\u010den\u00e9 ako tak\u00e9. Nepovolen\u00e9 kop\u00edrovanie alebo \u0161\u00edrenie jednotliv\u00fdch obsahov alebo cel\u00fdch str\u00e1nok nie je povolen\u00e9 a je trestn\u00e9. Povolen\u00e9 je iba vytv\u00e1ranie k\u00f3pi\u00ed a s\u0165ahovanie na osobn\u00e9, s\u00fakromn\u00e9 a nekomer\u010dn\u00e9 \u00fa\u010dely. Zobrazenie tejto webovej str\u00e1nky vo vonkaj\u0161\u00edch r\u00e1mcoch je povolen\u00e9 iba s p\u00edsomn\u00fdm s\u00fahlasom.<\/p>\n<p style=\"padding-left: 40px;\"><strong><em>4. Ochrana \u00fadajov<\/em><\/strong><\/p>\n<p style=\"padding-left: 40px;\"><span style=\"color: #0000ff;\"><strong><a style=\"color: #0000ff;\" href=\"https:\/\/neu.bredentgroup.com\/de\/datenschutzerklaerung\/\"><em>Z\u00e1sady ochrany osobn\u00fdch \u00fadajov<\/em><\/a><\/strong><\/span><\/p>\n<p style=\"padding-left: 40px;\">Pou\u017e\u00edvanie kontaktn\u00fdch \u00fadajov z Impressum-u na obchodn\u00e9 \u00fa\u010dely je v\u00fdslovne ne\u017eelan\u00e9, pokia\u013e poskytovate\u013e predt\u00fdm nedal p\u00edsomn\u00fd s\u00fahlas alebo neexistuje u\u017e obchodn\u00fd vz\u0165ah. Poskytovate\u013e a v\u0161etky osoby uveden\u00e9 na tejto webovej str\u00e1nke t\u00fdmto nes\u00fahlasia s ak\u00fdmko\u013evek komer\u010dn\u00fdm vyu\u017eit\u00edm alebo zdie\u013ean\u00edm ich \u00fadajov.<\/p>\n<p style=\"padding-left: 40px;\"><strong><em>5. \u0160peci\u00e1lne podmienky pou\u017e\u00edvania<\/em><\/strong><br>\nPokia\u013e \u0161peci\u00e1lne podmienky pre jednotliv\u00e9 vyu\u017eitie tejto webovej str\u00e1nky odli\u0161uj\u00fa od vy\u0161\u0161ie uveden\u00fdch bodov 1\u20134, bude na pr\u00edslu\u0161nom mieste jasne uveden\u00e9. V takom pr\u00edpade platia \u0161peci\u00e1lne podmienky pre konkr\u00e9tny pr\u00edpad.<\/p>\n<\/div>\t\t\t\t\t\t\t\t<\/div>\n\t\t\t\t<\/div>\n\t\t\t\t\t<\/div>\n\t\t<\/div>\n\t\t\t\t\t<\/div>\n\t\t<\/section>\n\t\t\t\t<\/div>\n\t\t","protected":false},"excerpt":{"rendered":"<p>Odtla\u010dok \u00dadaje pod\u013ea \u00a7 5 TMG bredent GmbH &amp; Co. KG Wei\u00dfenhorner Stra\u00dfe 2 89250 Senden Telef\u00f3n: +49 7309 \/ 872-0 Fax: +49 7309 \/ 872-24 E-mail: info@bredent.com Opr\u00e1vnen\u00ed konatelia: Peter Brehm, Brigitte Brehm, Nils Brehm, Olaf Gl\u00fcck, Gerald Micko Osobne zodpovedn\u00fd spolo\u010dn\u00edk (komplement\u00e1r): bredent Beteiligungs- und Verwaltungs-GmbH Peter Brehm, Brigitte Brehm, Nils Brehm, Olaf [&hellip;]<\/p>\n","protected":false},"author":1,"featured_media":0,"parent":0,"menu_order":11,"comment_status":"closed","ping_status":"closed","template":"elementor_header_footer","meta":{"footnotes":""},"class_list":["post-1590","page","type-page","status-publish","hentry"],"_links":{"self":[{"href":"https:\/\/ifu.bredent-group.com\/sk\/wp-json\/wp\/v2\/pages\/1590","targetHints":{"allow":["GET"]}}],"collection":[{"href":"https:\/\/ifu.bredent-group.com\/sk\/wp-json\/wp\/v2\/pages"}],"about":[{"href":"https:\/\/ifu.bredent-group.com\/sk\/wp-json\/wp\/v2\/types\/page"}],"author":[{"embeddable":true,"href":"https:\/\/ifu.bredent-group.com\/sk\/wp-json\/wp\/v2\/users\/1"}],"replies":[{"embeddable":true,"href":"https:\/\/ifu.bredent-group.com\/sk\/wp-json\/wp\/v2\/comments?post=1590"}],"version-history":[{"count":4,"href":"https:\/\/ifu.bredent-group.com\/sk\/wp-json\/wp\/v2\/pages\/1590\/revisions"}],"predecessor-version":[{"id":1594,"href":"https:\/\/ifu.bredent-group.com\/sk\/wp-json\/wp\/v2\/pages\/1590\/revisions\/1594"}],"wp:attachment":[{"href":"https:\/\/ifu.bredent-group.com\/sk\/wp-json\/wp\/v2\/media?parent=1590"}],"curies":[{"name":"wp","href":"https:\/\/api.w.org\/{rel}","templated":true}]}}