{"id":1595,"date":"2021-02-23T14:31:56","date_gmt":"2021-02-23T13:31:56","guid":{"rendered":"https:\/\/ifu.bredent-group.com\/odtis\/"},"modified":"2025-11-10T13:27:28","modified_gmt":"2025-11-10T12:27:28","slug":"odtis","status":"publish","type":"page","link":"https:\/\/ifu.bredent-group.com\/sl\/odtis\/","title":{"rendered":"Odtis"},"content":{"rendered":"\t\t<div data-elementor-type=\"wp-page\" data-elementor-id=\"1595\" class=\"elementor elementor-1595 elementor-131\" data-elementor-post-type=\"page\">\n\t\t\t\t\t\t<section class=\"elementor-section elementor-top-section elementor-element elementor-element-5bec691 elementor-section-boxed elementor-section-height-default elementor-section-height-default\" data-id=\"5bec691\" data-element_type=\"section\" data-e-type=\"section\">\n\t\t\t\t\t\t<div class=\"elementor-container elementor-column-gap-default\">\n\t\t\t\t\t<div class=\"elementor-column elementor-col-100 elementor-top-column elementor-element elementor-element-52b225c\" data-id=\"52b225c\" data-element_type=\"column\" data-e-type=\"column\">\n\t\t\t<div class=\"elementor-widget-wrap elementor-element-populated\">\n\t\t\t\t\t\t<div class=\"elementor-element elementor-element-b3792d7 elementor-widget elementor-widget-text-editor\" data-id=\"b3792d7\" data-element_type=\"widget\" data-e-type=\"widget\" data-widget_type=\"text-editor.default\">\n\t\t\t\t<div class=\"elementor-widget-container\">\n\t\t\t\t\t\t\t\t\t<h2>Odtis<\/h2>\n<p><\/p>\n<div class=\"common imprint\">\n<h3>Podatki v skladu s \u00a7 5 TMG<\/h3>\n<p>bredent GmbH &amp; Co. KG<br \/>\nWei\u00dfenhorner Stra\u00dfe 2<br \/>\n89250 Senden<br \/>\nTelefon: +49 7309 \/ 872-0<br \/>\nFaks: +49 7309 \/ 872-24<br \/>\nE-po\u0161ta: <span style=\"color: #0000ff;\"><a style=\"color: #0000ff;\" href=\"mailto:info@bredent.com\">info@bredent.com<\/a><\/span><\/p>\n<p>Poobla\u0161\u010deni direktorji:<br \/>\nPeter Brehm, Brigitte Brehm, Nils Brehm, Olaf Gl\u00fcck, Gerald Micko<\/p>\n<p>Osebno odgovorni partner (komplementar): bredent Beteiligungs- und Verwaltungs-GmbH<br \/>\nPeter Brehm, Brigitte Brehm, Nils Brehm, Olaf Gl\u00fcck, Gerald Micko<\/p>\n<p>Registrski sod: Amtsgericht Memmingen<br \/>\nRegistrska \u0161tevilka: HRB 12912<br \/>\nSede\u017e bredent Beteiligungs- und Verwaltungs-GmbH: 89250 Senden<\/p>\n<p><strong>Identifikacijska \u0161tevilka za DDV v skladu s \u00a7 27 a Zakona o DDV<\/strong><br \/>\nDE 251580726<br \/>\nWEEE reg. \u0161t.: DE 22730329<\/p>\n<p><strong>Odgovorna oseba za vsebino v skladu s \u00a7 55 odst. 2 RStV<\/strong><br \/>\nMilko Wrona (naslov kot zgoraj)<\/p>\n<p><strong>Spletno re\u0161evanje sporov za potro\u0161nike, sodelovanje v postopkih re\u0161evanja sporov<\/strong><br \/>\n(1) bredent GmbH &amp; Co. KG na\u010deloma ni pripravljena in ni dol\u017ena sodelovati v postopkih re\u0161evanja sporov pred potro\u0161ni\u0161kimi mediacijskimi organi.<br \/>\n(2) Platforma Evropske komisije za spletno re\u0161evanje sporov:<br \/>\n<span style=\"color: #0000ff;\"><a style=\"color: #0000ff;\" href=\"https:\/\/www.ec.europa.eu\/consumers\/odr\" target=\"_blank\" rel=\"noopener\">https:\/\/www.ec.europa.eu\/consumers\/odr<\/a><\/span><\/p>\n<p><strong>Programiranje in delovanje stre\u017enika \/ Gostovanje<\/strong><br \/>\n<a href=\"http:\/\/www.imos.net\/\" target=\"_blank\" rel=\"noopener\"><span style=\"color: #0000ff;\">Lokacija G\u00f6ppingen<\/span><br \/>\n<span style=\"color: #0000ff;\">imos Gesellschaft f\u00fcr<\/span><br \/>\n<span style=\"color: #0000ff;\">Internetni marketing in<\/span><br \/>\n<span style=\"color: #0000ff;\">Spletne storitve mbH<\/span><\/a><br \/>\nAlfons-Feifel-Str. 9<br \/>\n73037 G\u00f6ppingen<br \/>\nTelefon: +49 7161 93339-0<br \/>\nFaks: +49 7161 93339-99<br \/>\nE-po\u0161ta: <span style=\"color: #0000ff;\"><a style=\"color: #0000ff;\" href=\"mailto:info@imos.net\">info@imos.net<\/a><\/span><br \/>\nSplet: <span style=\"color: #0000ff;\"><a style=\"color: #0000ff;\" href=\"http:\/\/www.imos.net\/\" target=\"_blank\" rel=\"noopener\">www.imos.net<\/a><\/span><\/p>\n<p><strong>Opomba:<\/strong><br \/>\nVsi izdelki niso odobreni ali na voljo na vseh trgih.<br \/>\n\u010ce imate vpra\u0161anja, se obrnite na podjetje bredent GmbH &amp; Co. KG ali na svojega distributerja.<\/p>\n<p><strong>ODPOVED ODGOVORNOSTI (DISCLAIMER)<\/strong><\/p>\n<p style=\"padding-left: 40px;\"><em><strong>1. Omejitev odgovornosti<\/strong><\/em><br \/>\nVsebina te spletne strani je pripravljena z najve\u010djo skrbnostjo. Ponudnik pa ne prevzema nobene odgovornosti za to\u010dnost, popolnost ali a\u017eurnost posredovanih vsebin. Uporaba vsebin spletne strani poteka na lastno odgovornost uporabnika. Prispevki, ozna\u010deni z imenom avtorja, izra\u017eajo mnenje avtorja in ne vedno mnenje ponudnika. Samo uporaba spletne strani ne ustvarja pogodbenega razmerja med uporabnikom in ponudnikom.<\/p>\n<p style=\"padding-left: 40px;\"><em><strong>2. Zunanje povezave<\/strong><\/em><br \/>\nTa spletna stran vsebuje povezave na spletne strani tretjih oseb (&#8220;zunanje povezave&#8221;). Te spletne strani so pod odgovornostjo njihovih upravljavcev. Ponudnik je ob prvem povezovanju zunanjih povezav preveril, ali obstajajo kr\u0161itve zakonodaje. V tistem trenutku kr\u0161itev ni bilo zaznati. Ponudnik nima vpliva na trenutno ali prihodnjo strukturo in vsebino povezanih strani. Nastavitev zunanjih povezav ne pomeni, da ponudnik prevzema vsebine kot svoje. Stalni nadzor zunanjih povezav ni mo\u017een brez konkretnih znakov kr\u0161itev. \u010ce se odkrijejo kr\u0161itve, se povezave nemudoma odstranijo.<\/p>\n<p style=\"padding-left: 40px;\"><em><strong>3. Avtorska in sorodna prava<\/strong><\/em><br \/>\nVsebina objavljena na tej spletni strani je za\u0161\u010ditena z nem\u0161ko zakonodajo o avtorskih pravicah in sorodnimi pravicami. Vsaka uporaba, ki ni dovoljena z zakonom, zahteva predhodno pisno dovoljenje ponudnika ali imetnika pravic. To velja posebej za kopiranje, obdelavo, prevajanje, shranjevanje, obdelavo ali reprodukcijo vsebin v bazah podatkov ali drugih elektronskih sistemih. Vsebina in pravice tretjih oseb so ozna\u010dene kot take. Neavtorizirano kopiranje ali \u0161irjenje posameznih vsebin ali celotnih strani ni dovoljeno in je kaznivo. Dovoljeno je samo izdelovanje kopij in prenos za osebno, zasebno in nekomercialno uporabo. Prikaz te spletne strani v zunanjih okvirjih je dovoljen le s pisnim dovoljenjem.<\/p>\n<p style=\"padding-left: 40px;\"><strong><em>4. Varstvo podatkov<\/em><\/strong><\/p>\n<p style=\"padding-left: 40px;\"><span style=\"color: #0000ff;\"><strong><a style=\"color: #0000ff;\" href=\"https:\/\/neu.bredentgroup.com\/de\/datenschutzerklaerung\/\"><em>Politika zasebnosti<\/em><\/a><\/strong><\/span><\/p>\n<p style=\"padding-left: 40px;\">Uporaba kontaktnih podatkov iz Impressum-a za komercialne namene je izrecno neza\u017eelena, razen \u010de ponudnik predhodno ni dal pisnega soglasja ali \u010de \u017ee obstaja poslovni odnos. Ponudnik in vse osebe, navedene na tej spletni strani, se s tem ogla\u0161ajo proti komercialni uporabi in posredovanju njihovih podatkov.<\/p>\n<p style=\"padding-left: 40px;\"><strong><em>5. Posebni pogoji uporabe<\/em><\/strong><br \/>\n\u010ce posebni pogoji za posamezno uporabo te spletne strani odstopajo od zgoraj navedenih to\u010dk 1\u20134, bo na ustreznem mestu to jasno navedeno. V tem primeru posebni pogoji veljajo za posamezen primer.<\/p>\n<\/div>\n<p><\/p>\n\t\t\t\t\t\t\t\t<\/div>\n\t\t\t\t<\/div>\n\t\t\t\t\t<\/div>\n\t\t<\/div>\n\t\t\t\t\t<\/div>\n\t\t<\/section>\n\t\t\t\t<\/div>\n\t\t","protected":false},"excerpt":{"rendered":"<p>Odtis Podatki v skladu s \u00a7 5 TMG bredent GmbH &amp; Co. KG Wei\u00dfenhorner Stra\u00dfe 2 89250 Senden Telefon: +49 7309 \/ 872-0 Faks: +49 7309 \/ 872-24 E-po\u0161ta: info@bredent.com Poobla\u0161\u010deni direktorji: Peter Brehm, Brigitte Brehm, Nils Brehm, Olaf Gl\u00fcck, Gerald Micko Osebno odgovorni partner (komplementar): bredent Beteiligungs- und Verwaltungs-GmbH Peter Brehm, Brigitte Brehm, Nils [&hellip;]<\/p>\n","protected":false},"author":1,"featured_media":0,"parent":0,"menu_order":11,"comment_status":"closed","ping_status":"closed","template":"elementor_header_footer","meta":{"footnotes":""},"class_list":["post-1595","page","type-page","status-publish","hentry"],"_links":{"self":[{"href":"https:\/\/ifu.bredent-group.com\/sl\/wp-json\/wp\/v2\/pages\/1595","targetHints":{"allow":["GET"]}}],"collection":[{"href":"https:\/\/ifu.bredent-group.com\/sl\/wp-json\/wp\/v2\/pages"}],"about":[{"href":"https:\/\/ifu.bredent-group.com\/sl\/wp-json\/wp\/v2\/types\/page"}],"author":[{"embeddable":true,"href":"https:\/\/ifu.bredent-group.com\/sl\/wp-json\/wp\/v2\/users\/1"}],"replies":[{"embeddable":true,"href":"https:\/\/ifu.bredent-group.com\/sl\/wp-json\/wp\/v2\/comments?post=1595"}],"version-history":[{"count":1,"href":"https:\/\/ifu.bredent-group.com\/sl\/wp-json\/wp\/v2\/pages\/1595\/revisions"}],"predecessor-version":[{"id":1596,"href":"https:\/\/ifu.bredent-group.com\/sl\/wp-json\/wp\/v2\/pages\/1595\/revisions\/1596"}],"wp:attachment":[{"href":"https:\/\/ifu.bredent-group.com\/sl\/wp-json\/wp\/v2\/media?parent=1595"}],"curies":[{"name":"wp","href":"https:\/\/api.w.org\/{rel}","templated":true}]}}