{"id":1582,"date":"2021-02-23T14:31:56","date_gmt":"2021-02-23T13:31:56","guid":{"rendered":"https:\/\/ifu.bredent-group.com\/?page_id=1582"},"modified":"2025-11-10T13:18:50","modified_gmt":"2025-11-10T12:18:50","slug":"%d0%be%d1%82%d0%b8%d1%81%d0%b0%d0%ba","status":"publish","type":"page","link":"https:\/\/ifu.bredent-group.com\/sr\/%d0%be%d1%82%d0%b8%d1%81%d0%b0%d0%ba\/","title":{"rendered":"\u043e\u0442\u0438\u0441\u0430\u043a"},"content":{"rendered":"\t\t<div data-elementor-type=\"wp-page\" data-elementor-id=\"1582\" class=\"elementor elementor-1582 elementor-131\" data-elementor-post-type=\"page\">\n\t\t\t\t\t\t<section class=\"elementor-section elementor-top-section elementor-element elementor-element-4e2e4f7 elementor-section-boxed elementor-section-height-default elementor-section-height-default\" data-id=\"4e2e4f7\" data-element_type=\"section\" data-e-type=\"section\">\n\t\t\t\t\t\t<div class=\"elementor-container elementor-column-gap-default\">\n\t\t\t\t\t<div class=\"elementor-column elementor-col-100 elementor-top-column elementor-element elementor-element-18b5c14\" data-id=\"18b5c14\" data-element_type=\"column\" data-e-type=\"column\">\n\t\t\t<div class=\"elementor-widget-wrap elementor-element-populated\">\n\t\t\t\t\t\t<div class=\"elementor-element elementor-element-2487bb2 elementor-widget elementor-widget-text-editor\" data-id=\"2487bb2\" data-element_type=\"widget\" data-e-type=\"widget\" data-widget_type=\"text-editor.default\">\n\t\t\t\t<div class=\"elementor-widget-container\">\n\t\t\t\t\t\t\t\t\t<h2>\u043e\u0442\u0438\u0441\u0430\u043a<\/h2>\n<div class=\"common imprint\">\n<h3>Podaci u skladu sa \u00a7 5 TMG<\/h3>\n<p>bredent GmbH &amp; Co. KG<br>\nWei\u00dfenhorner Stra\u00dfe 2<br>\n89250 Senden<br>\nTelefon: +49 7309 \/ 872-0<br>\nFaks: +49 7309 \/ 872-24<br>\nE-mail: <span style=\"color: #0000ff;\"><a style=\"color: #0000ff;\" href=\"mailto:info@bredent.com\">info@bredent.com<\/a><\/span><\/p>\n<p>Ovla\u0161\u0107eni direktori:<br>\nPeter Brehm, Brigitte Brehm, Nils Brehm, Olaf Gl\u00fcck, Gerald Micko<\/p>\n<p>Li\u010dno odgovorni partner (komplementar): bredent Beteiligungs- und Verwaltungs-GmbH<br>\nPeter Brehm, Brigitte Brehm, Nils Brehm, Olaf Gl\u00fcck, Gerald Micko<\/p>\n<p>Registarski sud: Amtsgericht Memmingen<br>\nRegistarski broj: HRB 12912<br>\nSedi\u0161te bredent Beteiligungs- und Verwaltungs-GmbH: 89250 Senden<\/p>\n<p><strong>PDV identifikacioni broj u skladu sa \u00a7 27 a Zakona o PDV-u<\/strong><br>\nDE 251580726<br>\nWEEE reg. broj: DE 22730329<\/p>\n<p><strong>Odgovorna osoba za sadr\u017eaj u skladu sa \u00a7 55 (2) RStV<\/strong><br>\nMilko Wrona (adresa kao gore)<\/p>\n<p><strong>Online re\u0161avanje sporova za potro\u0161a\u010de, u\u010de\u0161\u0107e u procedurama re\u0161avanja sporova<\/strong><br>\n(1) bredent GmbH &amp; Co. KG, u principu, nije spremna niti obavezna da u\u010destvuje u procedurama re\u0161avanja sporova pred telom za posredovanje potro\u0161a\u010da.<br>\n(2) Platforma Evropske komisije za online re\u0161avanje sporova:<br>\n<span style=\"color: #0000ff;\"><a style=\"color: #0000ff;\" href=\"https:\/\/www.ec.europa.eu\/consumers\/odr\" target=\"_blank\" rel=\"noopener\">https:\/\/www.ec.europa.eu\/consumers\/odr<\/a><\/span><\/p>\n<p><strong>Programiranje i rad servera \/ Hosting<\/strong><br>\n<a href=\"http:\/\/www.imos.net\/\" target=\"_blank\" rel=\"noopener\"><span style=\"color: #0000ff;\">Filijala G\u00f6ppingen<\/span><br>\n<span style=\"color: #0000ff;\">imos Gesellschaft f\u00fcr<\/span><br>\n<span style=\"color: #0000ff;\">Internet marketing i<\/span><br>\n<span style=\"color: #0000ff;\">Online usluge mbH<\/span><\/a><br>\nAlfons-Feifel-Str. 9<br>\n73037 G\u00f6ppingen<br>\nTelefon: +49 7161 93339-0<br>\nFaks: +49 7161 93339-99<br>\nE-mail: <span style=\"color: #0000ff;\"><a style=\"color: #0000ff;\" href=\"mailto:info@imos.net\">info@imos.net<\/a><\/span><br>\nInternet: <span style=\"color: #0000ff;\"><a style=\"color: #0000ff;\" href=\"http:\/\/www.imos.net\/\" target=\"_blank\" rel=\"noopener\">www.imos.net<\/a><\/span><\/p>\n<p><strong>Napomena:<\/strong><br>Neki proizvodi nisu odobreni ili dostupni na svim tr\u017ei\u0161tima.<br>\nU slu\u010daju pitanja, obratite se firmi bredent GmbH &amp; Co. KG ili svom distributeru.<\/p>\n<p><strong>ODRICANJE OD ODGOVORNOSTI (DISCLAIMER)<\/strong><\/p>\n<p style=\"padding-left: 40px;\"><em><strong>1. Ograni\u010denje odgovornosti<\/strong><\/em><br>\nSadr\u017eaj ovog sajta kreiran je sa najve\u0107om pa\u017enjom. Ipak, pru\u017ealac usluge ne garantuje ta\u010dnost, potpunost niti aktuelnost podataka. Kori\u0161\u0107enje sadr\u017eaja sajta je na sopstveni rizik korisnika. \u010clanci sa imenom autora odra\u017eavaju njegovo mi\u0161ljenje i ne uvek mi\u0161ljenje pru\u017eaoca. Samo kori\u0161\u0107enje sajta ne uspostavlja ugovorni odnos izme\u0111u korisnika i pru\u017eaoca usluge.<\/p>\n<p style=\"padding-left: 40px;\"><em><strong>2. Spoljni linkovi<\/strong><\/em><br>\nOvaj sajt sadr\u017ei linkove ka sajtovima tre\u0107ih lica (\u201espoljni linkovi\u201c). Ovi sajtovi su pod odgovorno\u0161\u0107u svojih operatora. Pru\u017eaoc je pri prvom dodavanju linkova proverio njihovu zakonitost. U tom trenutku nisu uo\u010dena kr\u0161enja. Pru\u017eaoc ne mo\u017ee uticati na trenutni ili budu\u0107i sadr\u017eaj povezanih sajtova. Postavljanje spoljnih linkova ne zna\u010di da pru\u017ealac odobrava njihov sadr\u017eaj. Kontinuirana kontrola linkova nije obavezna bez konkretnih pokazatelja kr\u0161enja zakona. Ako se otkriju kr\u0161enja, linkovi se odmah uklanjaju.<\/p>\n<p style=\"padding-left: 40px;\"><em><strong>3. Autorska i srodna prava<\/strong><\/em><br>\nSadr\u017eaj objavljen na ovom sajtu za\u0161ti\u0107en je nema\u010dkim zakonom o autorskim pravima i srodnim pravima. Svaka upotreba koja nije dozvoljena zakonom zahteva prethodnu pisanu dozvolu pru\u017eaoca usluge ili nosioca prava. Ovo se posebno odnosi na kopiranje, obradu, prevo\u0111enje, \u010duvanje, obradu ili reprodukciju sadr\u017eaja u bazama podataka ili drugim elektronskim sistemima. Sadr\u017eaj i prava tre\u0107ih lica su ozna\u010deni kao takvi. Neovla\u0161\u0107eno kopiranje ili distribucija pojedina\u010dnih sadr\u017eaja ili celih stranica nije dozvoljeno i ka\u017enjivo je. Dozvoljeno je samo pravljenje kopija i preuzimanje za li\u010dnu, privatnu i nekomercijalnu upotrebu. Prikazivanje sajta u spoljnim frejmovima mogu\u0107e je samo uz pisanu dozvolu.<\/p>\n<p style=\"padding-left: 40px;\"><strong><em>4. Za\u0161tita podataka<\/em><\/strong><\/p>\n<p style=\"padding-left: 40px;\"><span style=\"color: #0000ff;\"><strong><a style=\"color: #0000ff;\" href=\"https:\/\/neu.bredentgroup.com\/de\/datenschutzerklaerung\/\"><em>Politika privatnosti<\/em><\/a><\/strong><\/span><\/p>\n<p style=\"padding-left: 40px;\">Kori\u0161\u0107enje kontakt podataka iz Impressum-a u komercijalne svrhe je strogo zabranjeno, osim ako pru\u017ealac usluge prethodno nije dao pisanu saglasnost ili ako ve\u0107 postoji poslovni odnos. Pru\u017eaoc i sve osobe navedene na ovom sajtu se protive komercijalnoj upotrebi i prenosu svojih podataka.<\/p>\n<p style=\"padding-left: 40px;\"><strong><em>5. Posebni uslovi kori\u0161\u0107enja<\/em><\/strong><br>\nAko postoje posebni uslovi za pojedina\u010dnu upotrebu ovog sajta koji se razlikuju od ta\u010daka 1\u20134, to \u0107e biti jasno nazna\u010deno na odgovaraju\u0107em mestu. U tom slu\u010daju, posebni uslovi va\u017ee za konkretan slu\u010daj.<\/p>\n<\/div>\t\t\t\t\t\t\t\t<\/div>\n\t\t\t\t<\/div>\n\t\t\t\t\t<\/div>\n\t\t<\/div>\n\t\t\t\t\t<\/div>\n\t\t<\/section>\n\t\t\t\t<\/div>\n\t\t","protected":false},"excerpt":{"rendered":"<p>\u043e\u0442\u0438\u0441\u0430\u043a Podaci u skladu sa \u00a7 5 TMG bredent GmbH &amp; Co. KG Wei\u00dfenhorner Stra\u00dfe 2 89250 Senden Telefon: +49 7309 \/ 872-0 Faks: +49 7309 \/ 872-24 E-mail: info@bredent.com Ovla\u0161\u0107eni direktori: Peter Brehm, Brigitte Brehm, Nils Brehm, Olaf Gl\u00fcck, Gerald Micko Li\u010dno odgovorni partner (komplementar): bredent Beteiligungs- und Verwaltungs-GmbH Peter Brehm, Brigitte Brehm, Nils [&hellip;]<\/p>\n","protected":false},"author":1,"featured_media":0,"parent":0,"menu_order":11,"comment_status":"closed","ping_status":"closed","template":"elementor_header_footer","meta":{"footnotes":""},"class_list":["post-1582","page","type-page","status-publish","hentry"],"_links":{"self":[{"href":"https:\/\/ifu.bredent-group.com\/sr\/wp-json\/wp\/v2\/pages\/1582","targetHints":{"allow":["GET"]}}],"collection":[{"href":"https:\/\/ifu.bredent-group.com\/sr\/wp-json\/wp\/v2\/pages"}],"about":[{"href":"https:\/\/ifu.bredent-group.com\/sr\/wp-json\/wp\/v2\/types\/page"}],"author":[{"embeddable":true,"href":"https:\/\/ifu.bredent-group.com\/sr\/wp-json\/wp\/v2\/users\/1"}],"replies":[{"embeddable":true,"href":"https:\/\/ifu.bredent-group.com\/sr\/wp-json\/wp\/v2\/comments?post=1582"}],"version-history":[{"count":6,"href":"https:\/\/ifu.bredent-group.com\/sr\/wp-json\/wp\/v2\/pages\/1582\/revisions"}],"predecessor-version":[{"id":1589,"href":"https:\/\/ifu.bredent-group.com\/sr\/wp-json\/wp\/v2\/pages\/1582\/revisions\/1589"}],"wp:attachment":[{"href":"https:\/\/ifu.bredent-group.com\/sr\/wp-json\/wp\/v2\/media?parent=1582"}],"curies":[{"name":"wp","href":"https:\/\/api.w.org\/{rel}","templated":true}]}}