{"id":1599,"date":"2021-02-23T14:31:56","date_gmt":"2021-02-23T13:31:56","guid":{"rendered":"https:\/\/ifu.bredent-group.com\/avtryck\/"},"modified":"2025-11-10T13:29:50","modified_gmt":"2025-11-10T12:29:50","slug":"avtryck","status":"publish","type":"page","link":"https:\/\/ifu.bredent-group.com\/sv\/avtryck\/","title":{"rendered":"Avtryck"},"content":{"rendered":"\t\t<div data-elementor-type=\"wp-page\" data-elementor-id=\"1599\" class=\"elementor elementor-1599 elementor-131\" data-elementor-post-type=\"page\">\n\t\t\t\t\t\t<section class=\"elementor-section elementor-top-section elementor-element elementor-element-5bec691 elementor-section-boxed elementor-section-height-default elementor-section-height-default\" data-id=\"5bec691\" data-element_type=\"section\" data-e-type=\"section\">\n\t\t\t\t\t\t<div class=\"elementor-container elementor-column-gap-default\">\n\t\t\t\t\t<div class=\"elementor-column elementor-col-100 elementor-top-column elementor-element elementor-element-52b225c\" data-id=\"52b225c\" data-element_type=\"column\" data-e-type=\"column\">\n\t\t\t<div class=\"elementor-widget-wrap elementor-element-populated\">\n\t\t\t\t\t\t<div class=\"elementor-element elementor-element-b3792d7 elementor-widget elementor-widget-text-editor\" data-id=\"b3792d7\" data-element_type=\"widget\" data-e-type=\"widget\" data-widget_type=\"text-editor.default\">\n\t\t\t\t<div class=\"elementor-widget-container\">\n\t\t\t\t\t\t\t\t\t<h2>Impressum<\/h2>\n<p><\/p>\n<div class=\"common imprint\">\n<h3>Uppgifter enligt \u00a7 5 TMG<\/h3>\n<p>bredent GmbH &amp; Co. KG<br \/>\nWei\u00dfenhorner Stra\u00dfe 2<br \/>\n89250 Senden<br \/>\nTelefon: +49 7309 \/ 872-0<br \/>\nFax: +49 7309 \/ 872-24<br \/>\nE-post: <span style=\"color: #0000ff;\"><a style=\"color: #0000ff;\" href=\"mailto:info@bredent.com\">info@bredent.com<\/a><\/span><\/p>\n<p>Beh\u00f6riga verkst\u00e4llande direkt\u00f6rer:<br \/>\nPeter Brehm, Brigitte Brehm, Nils Brehm, Olaf Gl\u00fcck, Gerald Micko<\/p>\n<p>Personligt ansvarig del\u00e4gare (komplement\u00e4r): bredent Beteiligungs- und Verwaltungs-GmbH<br \/>\nPeter Brehm, Brigitte Brehm, Nils Brehm, Olaf Gl\u00fcck, Gerald Micko<\/p>\n<p>Registreringsdomstol: Amtsgericht Memmingen<br \/>\nRegistreringsnummer: HRB 12912<br \/>\nS\u00e4te f\u00f6r bredent Beteiligungs- und Verwaltungs-GmbH: 89250 Senden<\/p>\n<p><strong>Momsregistreringsnummer enligt \u00a7 27 a momslagen<\/strong><br \/>\nDE 251580726<br \/>\nWEEE-reg.nr.: DE 22730329<\/p>\n<p><strong>Inneh\u00e5llsansvarig enligt \u00a7 55 avsnitt 2 RStV<\/strong><br \/>\nMilko Wrona (adress som ovan)<\/p>\n<p><strong>Online-tvister f\u00f6r konsumenter, deltagande i tvistl\u00f6sningsf\u00f6rfaranden<\/strong><br \/>\n(1) bredent GmbH &amp; Co. KG \u00e4r i princip inte villig eller skyldig att delta i tvistl\u00f6sningsf\u00f6rfaranden inf\u00f6r en konsumentmedlingsmyndighet.<br \/>\n(2) EU-kommissionens plattform f\u00f6r online-tvister:<br \/>\n<span style=\"color: #0000ff;\"><a style=\"color: #0000ff;\" href=\"https:\/\/www.ec.europa.eu\/consumers\/odr\" target=\"_blank\" rel=\"noopener\">https:\/\/www.ec.europa.eu\/consumers\/odr<\/a><\/span><\/p>\n<p><strong>Programmering och serverdrift \/ Hosting<\/strong><br \/>\n<a href=\"http:\/\/www.imos.net\/\" target=\"_blank\" rel=\"noopener\"><span style=\"color: #0000ff;\">Plats G\u00f6ppingen<\/span><br \/>\n<span style=\"color: #0000ff;\">imos Gesellschaft f\u00fcr<\/span><br \/>\n<span style=\"color: #0000ff;\">Internetmarknadsf\u00f6ring och<\/span><br \/>\n<span style=\"color: #0000ff;\">Online-tj\u00e4nster mbH<\/span><\/a><br \/>\nAlfons-Feifel-Str. 9<br \/>\n73037 G\u00f6ppingen<br \/>\nTelefon: +49 7161 93339-0<br \/>\nFax: +49 7161 93339-99<br \/>\nE-post: <span style=\"color: #0000ff;\"><a style=\"color: #0000ff;\" href=\"mailto:info@imos.net\">info@imos.net<\/a><\/span><br \/>\nWebb: <span style=\"color: #0000ff;\"><a style=\"color: #0000ff;\" href=\"http:\/\/www.imos.net\/\" target=\"_blank\" rel=\"noopener\">www.imos.net<\/a><\/span><\/p>\n<p><strong>Notering:<\/strong><br \/>\nInte alla produkter \u00e4r godk\u00e4nda eller tillg\u00e4ngliga p\u00e5 alla marknader.<br \/>\nVid fr\u00e5gor, kontakta bredent GmbH &amp; Co. KG eller din distribut\u00f6r.<\/p>\n<p><strong>DISCLAIMER<\/strong><\/p>\n<p style=\"padding-left: 40px;\"><em><strong>1. Ansvarsbegr\u00e4nsning<\/strong><\/em><br \/>\nInneh\u00e5llet p\u00e5 denna webbplats skapas med st\u00f6rsta noggrannhet. Leverant\u00f6ren garanterar dock inte riktigheten, fullst\u00e4ndigheten eller aktualiteten av det tillhandah\u00e5llna inneh\u00e5llet. Anv\u00e4ndningen av webbplatsens inneh\u00e5ll sker p\u00e5 anv\u00e4ndarens egen risk. Namngivna artiklar speglar respektive f\u00f6rfattares \u00e5sikt och inte alltid leverant\u00f6rens. Enbart anv\u00e4ndning av webbplatsen skapar ingen avtalsrelation mellan anv\u00e4ndaren och leverant\u00f6ren.<\/p>\n<p style=\"padding-left: 40px;\"><em><strong>2. Externa l\u00e4nkar<\/strong><\/em><br \/>\nDenna webbplats inneh\u00e5ller l\u00e4nkar till webbplatser fr\u00e5n tredje part (&#8221;externa l\u00e4nkar&#8221;). Dessa webbplatser lyder under respektive operat\u00f6rs ansvar. Leverant\u00f6ren har vid f\u00f6rsta l\u00e4nkningen av externa l\u00e4nkar kontrollerat inneh\u00e5llet f\u00f6r eventuella r\u00e4tts\u00f6vertr\u00e4delser. Vid den tidpunkten fanns inga r\u00e4tts\u00f6vertr\u00e4delser. Leverant\u00f6ren har ingen p\u00e5verkan p\u00e5 den aktuella eller framtida utformningen eller inneh\u00e5llet p\u00e5 de l\u00e4nkade sidorna. Att s\u00e4tta externa l\u00e4nkar inneb\u00e4r inte att leverant\u00f6ren godk\u00e4nner inneh\u00e5llet bakom l\u00e4nken. Konstant kontroll av externa l\u00e4nkar \u00e4r inte rimlig utan konkreta indikationer p\u00e5 r\u00e4tts\u00f6vertr\u00e4delser. Vid k\u00e4nnedom om r\u00e4tts\u00f6vertr\u00e4delser tas s\u00e5dana externa l\u00e4nkar omedelbart bort.<\/p>\n<p style=\"padding-left: 40px;\"><em><strong>3. Upphovs- och n\u00e4rst\u00e5ende r\u00e4ttigheter<\/strong><\/em><br \/>\nInneh\u00e5llet som publiceras p\u00e5 denna webbplats omfattas av tysk upphovsr\u00e4tt och n\u00e4rst\u00e5ende r\u00e4ttigheter. All anv\u00e4ndning som inte till\u00e5ts enligt tysk upphovsr\u00e4tt kr\u00e4ver leverant\u00f6rens eller r\u00e4ttighetshavarens skriftliga tillst\u00e5nd i f\u00f6rv\u00e4g. Detta g\u00e4ller s\u00e4rskilt f\u00f6r kopiering, bearbetning, \u00f6vers\u00e4ttning, lagring, bearbetning eller \u00e5tergivning av inneh\u00e5ll i databaser eller andra elektroniska system. Inneh\u00e5ll och r\u00e4ttigheter fr\u00e5n tredje part \u00e4r markerade som s\u00e5dana. Otill\u00e5ten kopiering eller vidarebefordran av enskilt inneh\u00e5ll eller hela sidor \u00e4r inte till\u00e5ten och straffbar. Endast skapande av kopior och nedladdningar f\u00f6r personligt, privat och icke-kommersiellt bruk \u00e4r till\u00e5tet. Visning av denna webbplats i externa ramar \u00e4r endast till\u00e5ten med skriftligt tillst\u00e5nd.<\/p>\n<p style=\"padding-left: 40px;\"><strong><em>4. Dataskydd<\/em><\/strong><\/p>\n<p style=\"padding-left: 40px;\"><span style=\"color: #0000ff;\"><strong><a style=\"color: #0000ff;\" href=\"https:\/\/neu.bredentgroup.com\/de\/datenschutzerklaerung\/\"><em>Integritetspolicy<\/em><\/a><\/strong><\/span><\/p>\n<p style=\"padding-left: 40px;\">Anv\u00e4ndning av kontaktuppgifter fr\u00e5n Impressum f\u00f6r kommersiella \u00e4ndam\u00e5l \u00e4r uttryckligen o\u00f6nskad, s\u00e5vida inte leverant\u00f6ren tidigare har gett sitt skriftliga samtycke eller det redan finns en aff\u00e4rsrelation. Leverant\u00f6ren och alla personer som n\u00e4mns p\u00e5 denna webbplats mots\u00e4tter sig all kommersiell anv\u00e4ndning och vidarebefordran av deras uppgifter.<\/p>\n<p style=\"padding-left: 40px;\"><strong><em>5. S\u00e4rskilda anv\u00e4ndningsvillkor<\/em><\/strong><br \/>\nOm s\u00e4rskilda villkor f\u00f6r enskild anv\u00e4ndning av denna webbplats avviker fr\u00e5n punkterna 1\u20134 ovan, kommer detta uttryckligen att anges p\u00e5 motsvarande plats. I s\u00e5 fall g\u00e4ller de s\u00e4rskilda villkoren f\u00f6r det enskilda fallet.<\/p>\n<\/div>\n<p><\/p>\n\t\t\t\t\t\t\t\t<\/div>\n\t\t\t\t<\/div>\n\t\t\t\t\t<\/div>\n\t\t<\/div>\n\t\t\t\t\t<\/div>\n\t\t<\/section>\n\t\t\t\t<\/div>\n\t\t","protected":false},"excerpt":{"rendered":"<p>Impressum Uppgifter enligt \u00a7 5 TMG bredent GmbH &amp; Co. KG Wei\u00dfenhorner Stra\u00dfe 2 89250 Senden Telefon: +49 7309 \/ 872-0 Fax: +49 7309 \/ 872-24 E-post: info@bredent.com Beh\u00f6riga verkst\u00e4llande direkt\u00f6rer: Peter Brehm, Brigitte Brehm, Nils Brehm, Olaf Gl\u00fcck, Gerald Micko Personligt ansvarig del\u00e4gare (komplement\u00e4r): bredent Beteiligungs- und Verwaltungs-GmbH Peter Brehm, Brigitte Brehm, Nils Brehm, [&hellip;]<\/p>\n","protected":false},"author":1,"featured_media":0,"parent":0,"menu_order":11,"comment_status":"closed","ping_status":"closed","template":"elementor_header_footer","meta":{"footnotes":""},"class_list":["post-1599","page","type-page","status-publish","hentry"],"_links":{"self":[{"href":"https:\/\/ifu.bredent-group.com\/sv\/wp-json\/wp\/v2\/pages\/1599","targetHints":{"allow":["GET"]}}],"collection":[{"href":"https:\/\/ifu.bredent-group.com\/sv\/wp-json\/wp\/v2\/pages"}],"about":[{"href":"https:\/\/ifu.bredent-group.com\/sv\/wp-json\/wp\/v2\/types\/page"}],"author":[{"embeddable":true,"href":"https:\/\/ifu.bredent-group.com\/sv\/wp-json\/wp\/v2\/users\/1"}],"replies":[{"embeddable":true,"href":"https:\/\/ifu.bredent-group.com\/sv\/wp-json\/wp\/v2\/comments?post=1599"}],"version-history":[{"count":1,"href":"https:\/\/ifu.bredent-group.com\/sv\/wp-json\/wp\/v2\/pages\/1599\/revisions"}],"predecessor-version":[{"id":1600,"href":"https:\/\/ifu.bredent-group.com\/sv\/wp-json\/wp\/v2\/pages\/1599\/revisions\/1600"}],"wp:attachment":[{"href":"https:\/\/ifu.bredent-group.com\/sv\/wp-json\/wp\/v2\/media?parent=1599"}],"curies":[{"name":"wp","href":"https:\/\/api.w.org\/{rel}","templated":true}]}}