{"id":1601,"date":"2021-02-23T14:31:56","date_gmt":"2021-02-23T13:31:56","guid":{"rendered":"https:\/\/ifu.bredent-group.com\/damga\/"},"modified":"2025-11-10T13:31:01","modified_gmt":"2025-11-10T12:31:01","slug":"damga","status":"publish","type":"page","link":"https:\/\/ifu.bredent-group.com\/tr\/damga\/","title":{"rendered":"Damga"},"content":{"rendered":"\t\t<div data-elementor-type=\"wp-page\" data-elementor-id=\"1601\" class=\"elementor elementor-1601 elementor-131\" data-elementor-post-type=\"page\">\n\t\t\t\t\t\t<section class=\"elementor-section elementor-top-section elementor-element elementor-element-5bec691 elementor-section-boxed elementor-section-height-default elementor-section-height-default\" data-id=\"5bec691\" data-element_type=\"section\" data-e-type=\"section\">\n\t\t\t\t\t\t<div class=\"elementor-container elementor-column-gap-default\">\n\t\t\t\t\t<div class=\"elementor-column elementor-col-100 elementor-top-column elementor-element elementor-element-52b225c\" data-id=\"52b225c\" data-element_type=\"column\" data-e-type=\"column\">\n\t\t\t<div class=\"elementor-widget-wrap elementor-element-populated\">\n\t\t\t\t\t\t<div class=\"elementor-element elementor-element-b3792d7 elementor-widget elementor-widget-text-editor\" data-id=\"b3792d7\" data-element_type=\"widget\" data-e-type=\"widget\" data-widget_type=\"text-editor.default\">\n\t\t\t\t<div class=\"elementor-widget-container\">\n\t\t\t\t\t\t\t\t\t<h2>Damga<\/h2>\n<p><\/p>\n<div class=\"common imprint\">\n<h3>\u00a7 5 TMG uyar\u0131nca bilgiler<\/h3>\n<p>bredent GmbH &amp; Co. KG<br \/>\nWei\u00dfenhorner Stra\u00dfe 2<br \/>\n89250 Senden<br \/>\nTelefon: +49 7309 \/ 872-0<br \/>\nFaks: +49 7309 \/ 872-24<br \/>\nE-posta: <span style=\"color: #0000ff;\"><a style=\"color: #0000ff;\" href=\"mailto:info@bredent.com\">info@bredent.com<\/a><\/span><\/p>\n<p>Yetkili Y\u00f6netim Kurulu \u00dcyeleri:<br \/>\nPeter Brehm, Brigitte Brehm, Nils Brehm, Olaf Gl\u00fcck, Gerald Micko<\/p>\n<p>\u015eahsen sorumlu ortak (komplementer): bredent Beteiligungs- und Verwaltungs-GmbH<br \/>\nPeter Brehm, Brigitte Brehm, Nils Brehm, Olaf Gl\u00fcck, Gerald Micko<\/p>\n<p>Ticaret sicil mahkemesi: Amtsgericht Memmingen<br \/>\nSicil numaras\u0131: HRB 12912<br \/>\nbredent Beteiligungs- und Verwaltungs-GmbH\u2019nin merkezi: 89250 Senden<\/p>\n<p><strong>KDV kimlik numaras\u0131, \u00a7 27 a Katma De\u011fer Vergisi Kanunu\u2019na g\u00f6re<\/strong><br \/>\nDE 251580726<br \/>\nWEEE Kay\u0131t No: DE 22730329<\/p>\n<p><strong>\u0130\u00e7erikten sorumlu ki\u015fi, \u00a7 55 (2) RStV\u2019ye g\u00f6re<\/strong><br \/>\nMilko Wrona (adres yukar\u0131daki gibi)<\/p>\n<p><strong>T\u00fcketiciler i\u00e7in \u00e7evrimi\u00e7i uyu\u015fmazl\u0131k \u00e7\u00f6z\u00fcm\u00fc, uyu\u015fmazl\u0131k \u00e7\u00f6z\u00fcm prosed\u00fcrlerine kat\u0131l\u0131m<\/strong><br \/>\n(1) bredent GmbH &amp; Co. KG, prensip olarak, bir t\u00fcketici arabuluculuk makam\u0131 \u00f6n\u00fcnde uyu\u015fmazl\u0131k \u00e7\u00f6z\u00fcm prosed\u00fcrlerine kat\u0131lmaya haz\u0131r veya y\u00fck\u00fcml\u00fc de\u011fildir.<br \/>\n(2) AB Komisyonu\u2019nun \u00e7evrimi\u00e7i uyu\u015fmazl\u0131k \u00e7\u00f6z\u00fcm platformu:<br \/>\n<span style=\"color: #0000ff;\"><a style=\"color: #0000ff;\" href=\"https:\/\/www.ec.europa.eu\/consumers\/odr\" target=\"_blank\" rel=\"noopener\">https:\/\/www.ec.europa.eu\/consumers\/odr<\/a><\/span><\/p>\n<p><strong>Programlama ve sunucu i\u015fletimi \/ Hosting<\/strong><br \/>\n<a href=\"http:\/\/www.imos.net\/\" target=\"_blank\" rel=\"noopener\"><span style=\"color: #0000ff;\">G\u00f6ppingen Ofisi<\/span><br \/>\n<span style=\"color: #0000ff;\">imos Gesellschaft f\u00fcr<\/span><br \/>\n<span style=\"color: #0000ff;\">\u0130nternet Pazarlama ve<\/span><br \/>\n<span style=\"color: #0000ff;\">\u00c7evrimi\u00e7i Hizmetler mbH<\/span><\/a><br \/>\nAlfons-Feifel-Str. 9<br \/>\n73037 G\u00f6ppingen<br \/>\nTelefon: +49 7161 93339-0<br \/>\nFaks: +49 7161 93339-99<br \/>\nE-posta: <span style=\"color: #0000ff;\"><a style=\"color: #0000ff;\" href=\"mailto:info@imos.net\">info@imos.net<\/a><\/span><br \/>\n\u0130nternet: <span style=\"color: #0000ff;\"><a style=\"color: #0000ff;\" href=\"http:\/\/www.imos.net\/\" target=\"_blank\" rel=\"noopener\">www.imos.net<\/a><\/span><\/p>\n<p><strong>Not:<\/strong><br \/>\nT\u00fcm \u00fcr\u00fcnler t\u00fcm pazarlarda onaylanm\u0131\u015f veya mevcut de\u011fildir.<br \/>\nSorular\u0131n\u0131z i\u00e7in l\u00fctfen bredent GmbH &amp; Co. KG veya yetkili da\u011f\u0131t\u0131c\u0131n\u0131z ile ileti\u015fime ge\u00e7in.<\/p>\n<p><strong>FERAGAT BEYANI (DISCLAIMER)<\/strong><\/p>\n<p style=\"padding-left: 40px;\"><em><strong>1. Sorumluluk s\u0131n\u0131rlamas\u0131<\/strong><\/em><br \/>\nBu web sitesinin i\u00e7eri\u011fi azami \u00f6zenle haz\u0131rlanm\u0131\u015ft\u0131r. Ancak sa\u011flay\u0131c\u0131, sunulan i\u00e7eriklerin do\u011frulu\u011fu, eksiksizli\u011fi veya g\u00fcncelli\u011fi i\u00e7in garanti vermez. Web sitesindeki i\u00e7eriklerin kullan\u0131m\u0131, kullan\u0131c\u0131n\u0131n kendi sorumlulu\u011fundad\u0131r. \u0130sim belirtilmi\u015f makaleler, ilgili yazar\u0131n g\u00f6r\u00fc\u015f\u00fcn\u00fc yans\u0131t\u0131r ve her zaman sa\u011flay\u0131c\u0131n\u0131n g\u00f6r\u00fc\u015f\u00fcn\u00fc yans\u0131tmayabilir. Sitenin yaln\u0131zca kullan\u0131lmas\u0131, kullan\u0131c\u0131 ile sa\u011flay\u0131c\u0131 aras\u0131nda herhangi bir s\u00f6zle\u015fme ili\u015fkisi olu\u015fturmaz.<\/p>\n<p style=\"padding-left: 40px;\"><em><strong>2. D\u0131\u015f ba\u011flant\u0131lar<\/strong><\/em><br \/>\nBu web sitesi \u00fc\u00e7\u00fcnc\u00fc taraf web sitelerine (&#8220;d\u0131\u015f ba\u011flant\u0131lar&#8221;) ba\u011flant\u0131lar i\u00e7erir. Bu web siteleri ilgili i\u015fletmecilerin sorumlulu\u011fundad\u0131r. Sa\u011flay\u0131c\u0131, d\u0131\u015f ba\u011flant\u0131lar\u0131 ilk ekledi\u011finde olas\u0131 yasal ihlaller a\u00e7\u0131s\u0131ndan i\u00e7erikleri kontrol etmi\u015ftir. O s\u0131rada herhangi bir ihlal g\u00f6zlemlenmemi\u015ftir. Sa\u011flay\u0131c\u0131n\u0131n ba\u011flant\u0131l\u0131 sitelerin mevcut veya gelecekteki tasar\u0131m\u0131 ve i\u00e7eri\u011fi \u00fczerinde hi\u00e7bir etkisi yoktur. D\u0131\u015f ba\u011flant\u0131lar\u0131n eklenmesi, sa\u011flay\u0131c\u0131n\u0131n ba\u011flant\u0131daki i\u00e7eri\u011fi sahiplenmesi anlam\u0131na gelmez. Somut ihlal belirtileri olmadan d\u0131\u015f ba\u011flant\u0131lar\u0131n s\u00fcrekli kontrol\u00fc makul de\u011fildir. \u0130hlal tespit edilirse bu ba\u011flant\u0131lar derhal kald\u0131r\u0131l\u0131r.<\/p>\n<p style=\"padding-left: 40px;\"><em><strong>3. Telif ve ba\u011flant\u0131l\u0131 haklar<\/strong><\/em><br \/>\nBu web sitesinde yay\u0131nlanan i\u00e7erikler, Alman telif hakk\u0131 ve ba\u011flant\u0131l\u0131 haklar kanununa tabidir. Alman telif hakk\u0131 kanunu taraf\u0131ndan izin verilmeyen herhangi bir kullan\u0131m, sa\u011flay\u0131c\u0131 veya hak sahibinin \u00f6nceden yaz\u0131l\u0131 iznini gerektirir. Bu \u00f6zellikle i\u00e7eriklerin \u00e7o\u011falt\u0131lmas\u0131, i\u015flenmesi, \u00e7evrilmesi, depolanmas\u0131, i\u015flenmesi veya veritabanlar\u0131 ya da di\u011fer elektronik sistemlerde \u00e7o\u011falt\u0131lmas\u0131 i\u00e7in ge\u00e7erlidir. \u00dc\u00e7\u00fcnc\u00fc taraf i\u00e7erikleri ve haklar\u0131, bu \u015fekilde i\u015faretlenmi\u015ftir. Tekil i\u00e7eriklerin veya t\u00fcm sayfalar\u0131n izinsiz \u00e7o\u011falt\u0131lmas\u0131 veya iletilmesi yasakt\u0131r ve cezai yapt\u0131r\u0131ma tabidir. Sadece ki\u015fisel, \u00f6zel ve ticari olmayan kullan\u0131m i\u00e7in kopyalar olu\u015fturmak ve indirmek izinlidir. Bu web sitesinin yabanc\u0131 \u00e7er\u00e7evelerde g\u00f6sterilmesi sadece yaz\u0131l\u0131 izinle m\u00fcmk\u00fcnd\u00fcr.<\/p>\n<p style=\"padding-left: 40px;\"><strong><em>4. Veri koruma<\/em><\/strong><\/p>\n<p style=\"padding-left: 40px;\"><span style=\"color: #0000ff;\"><strong><a style=\"color: #0000ff;\" href=\"https:\/\/neu.bredentgroup.com\/de\/datenschutzerklaerung\/\"><em>Gizlilik Politikas\u0131<\/em><\/a><\/strong><\/span><\/p>\n<p style=\"padding-left: 40px;\">Impressum\u2019daki ileti\u015fim bilgilerinin ticari ama\u00e7larla kullan\u0131m\u0131 a\u00e7\u0131k\u00e7a istenmemektedir, sa\u011flay\u0131c\u0131 \u00f6nceden yaz\u0131l\u0131 izin vermedi\u011fi veya halihaz\u0131rda bir i\u015f ili\u015fkisi bulunmad\u0131\u011f\u0131 s\u00fcrece. Sa\u011flay\u0131c\u0131 ve bu web sitesinde ad\u0131 ge\u00e7en t\u00fcm ki\u015filer, verilerinin ticari ama\u00e7larla kullan\u0131lmas\u0131na ve aktar\u0131lmas\u0131na kar\u015f\u0131 \u00e7\u0131kmaktad\u0131r.<\/p>\n<p style=\"padding-left: 40px;\"><strong><em>5. \u00d6zel kullan\u0131m ko\u015fullar\u0131<\/em><\/strong><br \/>\nBu web sitesinin belirli kullan\u0131mlar\u0131na ili\u015fkin \u00f6zel ko\u015fullar, yukar\u0131daki 1\u20134 numaral\u0131 maddelerden farkl\u0131 ise, ilgili yerde a\u00e7\u0131k\u00e7a belirtilir. Bu durumda, \u00f6zel ko\u015fullar ilgili durum i\u00e7in ge\u00e7erlidir.<\/p>\n<\/div>\n<p><\/p>\n\t\t\t\t\t\t\t\t<\/div>\n\t\t\t\t<\/div>\n\t\t\t\t\t<\/div>\n\t\t<\/div>\n\t\t\t\t\t<\/div>\n\t\t<\/section>\n\t\t\t\t<\/div>\n\t\t","protected":false},"excerpt":{"rendered":"<p>Damga \u00a7 5 TMG uyar\u0131nca bilgiler bredent GmbH &amp; Co. KG Wei\u00dfenhorner Stra\u00dfe 2 89250 Senden Telefon: +49 7309 \/ 872-0 Faks: +49 7309 \/ 872-24 E-posta: info@bredent.com Yetkili Y\u00f6netim Kurulu \u00dcyeleri: Peter Brehm, Brigitte Brehm, Nils Brehm, Olaf Gl\u00fcck, Gerald Micko \u015eahsen sorumlu ortak (komplementer): bredent Beteiligungs- und Verwaltungs-GmbH Peter Brehm, Brigitte Brehm, Nils [&hellip;]<\/p>\n","protected":false},"author":1,"featured_media":0,"parent":0,"menu_order":11,"comment_status":"closed","ping_status":"closed","template":"elementor_header_footer","meta":{"footnotes":""},"class_list":["post-1601","page","type-page","status-publish","hentry"],"_links":{"self":[{"href":"https:\/\/ifu.bredent-group.com\/tr\/wp-json\/wp\/v2\/pages\/1601","targetHints":{"allow":["GET"]}}],"collection":[{"href":"https:\/\/ifu.bredent-group.com\/tr\/wp-json\/wp\/v2\/pages"}],"about":[{"href":"https:\/\/ifu.bredent-group.com\/tr\/wp-json\/wp\/v2\/types\/page"}],"author":[{"embeddable":true,"href":"https:\/\/ifu.bredent-group.com\/tr\/wp-json\/wp\/v2\/users\/1"}],"replies":[{"embeddable":true,"href":"https:\/\/ifu.bredent-group.com\/tr\/wp-json\/wp\/v2\/comments?post=1601"}],"version-history":[{"count":1,"href":"https:\/\/ifu.bredent-group.com\/tr\/wp-json\/wp\/v2\/pages\/1601\/revisions"}],"predecessor-version":[{"id":1602,"href":"https:\/\/ifu.bredent-group.com\/tr\/wp-json\/wp\/v2\/pages\/1601\/revisions\/1602"}],"wp:attachment":[{"href":"https:\/\/ifu.bredent-group.com\/tr\/wp-json\/wp\/v2\/media?parent=1601"}],"curies":[{"name":"wp","href":"https:\/\/api.w.org\/{rel}","templated":true}]}}